{"id":14736,"date":"2018-12-10T03:06:47","date_gmt":"2018-12-10T03:06:47","guid":{"rendered":"https:\/\/www.morocco-excursion.com\/travel-agency\/"},"modified":"2025-08-08T14:12:32","modified_gmt":"2025-08-08T14:12:32","slug":"agencia","status":"publish","type":"page","link":"https:\/\/morocco-excursion.com\/es\/agencia\/","title":{"rendered":"Agencia de viaje en Marruecos"},"content":{"rendered":"<div class=\"wpb-content-wrapper\"><p>[vc_row full_width=\u00bbstretch_row_content_no_spaces\u00bb][vc_column css=\u00bb.vc_custom_1702842665473{margin-top: 5px !important;}\u00bb][vc_empty_space height=\u00bb10px\u00bb][\/vc_column][\/vc_row][vc_row][vc_column width=\u00bb1\/2&#8243;][vc_column_text css=\u00bb\u00bb]<\/p>\n<h2><strong>\u00bfQui\u00e9nes Somos?<\/strong><\/h2>\n<p>En\u00a0<strong>Morocco Excursions<\/strong>\u00a0ofrecemos a viajeros de todo el mundo una variedad de\u00a0\u00a0tours\u00a0privados y compartidos y vacaciones con todo incluido en Marruecos. Nos hemos convertido en una de las principales\u00a0\u00a0<u>agencias de viajes marroqu\u00edes<\/u>\u00a0\u00a0gracias a la confianza y lealtad de nuestros clientes a lo largo de los a\u00f1os.<\/p>\n<p>Explorar Marruecos es como tener un amigo local que te lo muestre. Eso es lo que hacemos como\u00a0<strong>operador tur\u00edstico marroqu\u00ed<\/strong>\u00a0con gu\u00edas locales.<\/p>\n<p>Somos marroqu\u00edes y conocemos este lugar al dedillo. Nos apasiona compartir su belleza, cultura e historia contigo. Lo que nos hace especiales es que creamos viajes personalizados solo para ti. Ya sea que quieras visitar mercados animados, hacer senderismo en las monta\u00f1as del Atlas o experimentar\u00a0el desierto del Sahara\u00a0, tenemos lo que necesitas.<\/p>\n<h3><strong>Nuestros Gu\u00edas<\/strong><\/h3>\n<p>Nuestros gu\u00edas locales no solo est\u00e1n bien informados, sino que tambi\u00e9n est\u00e1n entusiasmados por mostrarte los tesoros ocultos y las tradiciones locales que los turistas suelen pasar por alto. Te llevaremos a lugares que no encontrar\u00e1s en las gu\u00edas tur\u00edsticas.<\/p>\n<p>Al elegirnos, no solo estar\u00e1 planeando un viaje, sino que se embarcar\u00e1 en una verdadera aventura en la que descubrir\u00e1 el verdadero Marruecos. D\u00e9jenos ser sus gu\u00edas hacia el coraz\u00f3n y el alma de este incre\u00edble pa\u00eds.[\/vc_column_text][\/vc_column][vc_column width=\u00bb1\/2&#8243;][vc_single_image image=\u00bb13304&#8243; img_size=\u00bbmedium\u00bb style=\u00bbvc_box_border\u00bb css=\u00bb\u00bb][\/vc_column][\/vc_row][vc_row][vc_column width=\u00bb1\/2&#8243;][vc_column_text css=\u00bb\u00bb]<\/p>\n<h3><strong>Beneficios de utilizar una agencia de viajes marroqu\u00ed<\/strong><\/h3>\n<p>Somos una de las pocas\u00a0\u00a0<em>agencias de viajes en Marruecos<\/em>\u00a0que busca ofrecer posibilidades de viajes distintivas a Marruecos para grupos, individuos, familias y m\u00e1s.<\/p>\n<p>Sin importar en qu\u00e9 parte del mundo se encuentren, los viajeros pueden obtener ayuda gracias a una l\u00ednea de atenci\u00f3n al cliente exclusiva disponible las 24 horas. Siempre estamos encantados de ayudar a nuestros clientes, ya sea que necesiten ayuda con reservas de hotel, problemas con el alquiler de veh\u00edculos o con la planificaci\u00f3n de viajes con \u201c\u00faltimo momento\u201d.<\/p>\n<ol>\n<li>Somos los proveedores de viajes de referencia en Marruecos y ofrecemos recorridos por todo Marruecos a precios inigualables para estad\u00edas en hoteles opulentos.<\/li>\n<li>Nuestros gu\u00edas tur\u00edsticos privados en Marruecos, expertos y amables, tratan a cada visitante como si fuera un miembro de su propia familia. Para que su viaje por Marruecos sea lo m\u00e1s seguro y placentero posible, todos nuestros conductores est\u00e1n debidamente capacitados, asegurados y autorizados.<\/li>\n<li>Podr\u00e1 conocer la cultura y vivir aventuras \u00fanicas en la vida con nuestros viajes preparados profesionalmente y dirigidos por marroqu\u00edes nativos.<\/li>\n<li>M\u00e9todos de pago s\u00faper r\u00e1pidos y completamente seguros.<\/li>\n<li>Nuestros precios son totalmente por adelantado y sin cargos ni gastos extras de ning\u00fan tipo.<\/li>\n<li>Nuestros mejores gu\u00edas de viajes pueden ofrecerle asesoramiento experto.<\/li>\n<li>Arreglos para toda la comida y bebida, alojamiento y transporte.<\/li>\n<\/ol>\n<p>[\/vc_column_text][\/vc_column][vc_column width=\u00bb1\/2&#8243;][vc_single_image image=\u00bb13365&#8243; img_size=\u00bbmedium\u00bb style=\u00bbvc_box_border\u00bb css=\u00bb\u00bb][\/vc_column][\/vc_row][vc_row full_width=\u00bbstretch_row_content_no_spaces\u00bb][vc_column][vc_column_text css=\u00bb\u00bb]<\/p>\n<h2 style=\"text-align: center;\"><span style=\"font-size: 24pt;\"><strong>\u00bfPor qu\u00e9 nuestra agencia de viajes?<\/strong><\/span><\/h2>\n<hr \/>\n<p>[\/vc_column_text][vc_row_inner][vc_column_inner][vc_column_text css=\u00bb\u00bb]<\/p>\n<h5><strong><i class=\"fa fa-users\"><\/i>\u00a0100% locales<\/strong><\/h5>\n<p>Como somos bereberes, aportamos una perspectiva y una comprensi\u00f3n \u00fanicas de los diversos paisajes, tradiciones e idiomas de Marruecos. Nuestra \u00edntima conexi\u00f3n con las comunidades locales, los oasis del desierto y los antiguos pueblos bereberes nos permite ofrecer una experiencia aut\u00e9ntica e inmersiva a los viajeros.<\/p>\n<p>&nbsp;<\/p>\n<h5><strong><i class=\"fa fa-history\"><\/i>\u00a0+12 a\u00f1os de experiencia<\/strong><\/h5>\n<p>Con una notable trayectoria de 12 a\u00f1os en la industria del turismo, Morocco\u00a0Excursions\u00a0Company se destaca como un operador tur\u00edstico marroqu\u00ed excepcionalmente experimentado y confiable. Esta amplia experiencia subraya nuestra profunda experiencia en la entrega de experiencias de viaje excepcionales en todo Marruecos.<\/p>\n<p>Con el paso de los a\u00f1os, hemos perfeccionado nuestros servicios y brindamos a los viajeros una perspectiva inigualable de los diversos paisajes, la rica cultura y el patrimonio hist\u00f3rico de Marruecos. Nuestra presencia de larga data en el sector nos ha permitido comprender en profundidad las preferencias de nuestros clientes, lo que nos permite dise\u00f1ar itinerarios personalizados que se adaptan a sus deseos particulares.<\/p>\n<p>&nbsp;<\/p>\n<h5><strong><i class=\"fa fa-smile-o\"><\/i>\u00a0Integridad<\/strong><\/h5>\n<p>Nuestra reputaci\u00f3n se basa en una larga trayectoria de ofrecer recorridos excepcionales que se adaptan a las preferencias \u00fanicas de cada visitante. Nos enorgullecemos de nuestro papel como narradores de historias, presentando a la gente las cautivadoras historias de Marruecos.<\/p>\n<p>Nuestro \u00e9xito se debe a la dedicaci\u00f3n de nuestro equipo y a la confianza de nuestros clientes. Nos comprometemos a compartir la belleza, la cultura y la hospitalidad de Marruecos con el mundo. Esperamos crear recuerdos duraderos para muchos m\u00e1s viajeros en los pr\u00f3ximos a\u00f1os.<\/p>\n<p>&nbsp;<\/p>\n<h5><strong><i class=\"fa fa-shopping-cart\"><\/i>\u00a0Reserva en l\u00ednea<\/strong><\/h5>\n<p>Para aquellos que buscan un proceso de reserva r\u00e1pido y sin complicaciones, ofrecemos la comodidad de\u00a0la reserva en l\u00ednea\u00a0. Visite nuestro sitio web, seleccione el recorrido que desee y siga los sencillos pasos para reservar su aventura. La plataforma de reserva en l\u00ednea garantiza un proceso sencillo y eficiente, que le permite recibir una confirmaci\u00f3n instant\u00e1nea para que pueda comenzar r\u00e1pidamente a disfrutar de su viaje a Marruecos.<\/p>\n<p>&nbsp;<\/p>\n<h5><strong><i class=\"fa fa-calendar\"><\/i>\u00a0Disponibilidad<\/strong><\/h5>\n<p>No importa cu\u00e1ndo planifique su visita, le garantizamos que podr\u00e1 explorar los diversos paisajes y maravillas culturales de Marruecos. Desde las bulliciosas medinas de Marrakech hasta el sereno desierto del Sahara, nuestros itinerarios est\u00e1n dise\u00f1ados cuidadosamente para adaptarse a la temporada, lo que har\u00e1 que su experiencia sea inolvidable.<\/p>\n<p>Tanto si busca la vibrante energ\u00eda del verano como el clima templado del invierno, nuestros tours se adaptan a sus necesidades para ofrecerle un viaje sin complicaciones. Puede sumergirse en la magia de Marruecos durante la floraci\u00f3n de la primavera, sumergirse en la animada atm\u00f3sfera de los festivales de oto\u00f1o o saborear la tranquilidad de la temporada baja. Nuestras salidas flexibles le permiten experimentar la belleza, la historia y las tradiciones de Marruecos a su conveniencia, prometi\u00e9ndole una aventura enriquecedora sin importar cu\u00e1ndo elija explorar este cautivador pa\u00eds.<\/p>\n<p>&nbsp;<\/p>\n<h5><strong><i class=\"fa fa-money\"><\/i>\u00a0Asequible<\/strong><\/h5>\n<p>Nuestro principal objetivo es ofrecerle tours de la mejor calidad en Marruecos y otros servicios de viaje, todo ello sin que le cueste una fortuna. Queremos que su experiencia sea incre\u00edble, ya sea que est\u00e9 explorando los bulliciosos mercados de Marrakech o paseando por el desierto del Sahara.<\/p>\n<p>Creemos que la asequibilidad nunca debe significar comprometer la calidad de su aventura. Trabajamos arduamente para que nuestros recorridos sean accesibles para todos, optimizando nuestras operaciones y trabajando con socios locales para mantener los costos bajos.<\/p>\n<p>Cuando nos elige, puede confiar en que su dinero est\u00e1 bien invertido y que vivir\u00e1 una fant\u00e1stica experiencia marroqu\u00ed sin salirse de su presupuesto. El objetivo de nuestra agencia <a href=\"https:\/\/morocco-excursion.com\/es\/dmc-marruecos\/\"><strong>DMC<\/strong><\/a> es ofrecerle momentos inolvidables en Marruecos, llenos de cultura, patrimonio y una c\u00e1lida hospitalidad.[\/vc_column_text][\/vc_column_inner][\/vc_row_inner][\/vc_column][\/vc_row][vc_row][vc_column][vc_empty_space][vc_column_text css=\u00bb\u00bb el_class=\u00bbfs-28 fs-normal\u00bb]<\/p>\n<p style=\"text-align: center;\"><span style=\"font-size: 18pt;\"><strong>Recomendaciones de los viajeros<\/strong><\/span><\/p>\n<p>[\/vc_column_text]<div class=\"st-testimonial-new style-1 \">\r\n        <div class=\"owl-carousel st-testimonial-slider style-1 \">                <div class=\"item has-matchHeight\">\r\n                    <div class=\"author\">\r\n                                                <img decoding=\"async\" src=\"https:\/\/morocco-excursion.com\/wp-content\/uploads\/2021\/09\/Client-Reviews-70x70.jpg\" alt=\"User Avatar\" title=\"\">\r\n                        <div class=\"author-meta\">\r\n                            <h4>Rania<\/h4>\r\n                            <div class=\"star\">\r\n                                <i class=\"fa fa-star\"><\/i> <i class=\"fa fa-star\"><\/i> <i class=\"fa fa-star\"><\/i> <i class=\"fa fa-star\"><\/i> <i class=\"fa fa-star\"><\/i>                             <\/div>\r\n                        <\/div>\r\n                    <\/div>\r\n                                                <p>\r\n                                Decidimos contratar un coche privado con conductor para nuestras primeras vacaciones en Marruecos y no podr\u00edamos haber elegido una mejor opci\u00f3n. Hassan fue fant\u00e1stico desde los primeros correos electr\u00f3nicos y trabajamos juntos para dise\u00f1ar el programa perfecto. Tambi\u00e9n organiz\u00f3 nuestra excursi\u00f3n de tres d\u00edas al desierto, que result\u00f3 ser lo m\u00e1s destacado de nuestra estancia de diez d\u00edas en Marruecos. Aziz, nuestro conductor, no solo era competente y un conductor fant\u00e1stico, sino que tambi\u00e9n era incre\u00edblemente atento y muy divertido. Nos proporcion\u00f3 una gran cantidad de informaci\u00f3n sobre la cultura y la historia bereberes que no habr\u00edamos tenido de otra manera.                            <\/p>\r\n                                            \r\n                <\/div>\r\n                            <div class=\"item has-matchHeight\">\r\n                    <div class=\"author\">\r\n                                                <img decoding=\"async\" src=\"https:\/\/morocco-excursion.com\/wp-content\/uploads\/2021\/09\/Feedback-Morocco-Travel-Agency-70x70.jpg\" alt=\"User Avatar\" title=\"\">\r\n                        <div class=\"author-meta\">\r\n                            <h4>Alejandro<\/h4>\r\n                            <div class=\"star\">\r\n                                <i class=\"fa fa-star\"><\/i> <i class=\"fa fa-star\"><\/i> <i class=\"fa fa-star\"><\/i> <i class=\"fa fa-star\"><\/i> <i class=\"fa fa-star\"><\/i>                             <\/div>\r\n                        <\/div>\r\n                    <\/div>\r\n                                                <p>\r\n                                Morocco Excursions fue la agencia de viajes local que utilizamos para nuestro viaje por Marruecos y no nos decepcion\u00f3. Mohammed fue nuestro conductor y nos mostr\u00f3 todos los lugares maravillosos y fue flexible cuando tuvimos que modificar nuestro itinerario. Mohammed es un gu\u00eda muy informado y nos brind\u00f3 mucha informaci\u00f3n sobre la cultura y la historia marroqu\u00edes. Hizo paradas para nosotros a lo largo del camino en buenos restaurantes que eran locales y serv\u00edan comidas deliciosas. Recomiendo encarecidamente esta agencia de viajes por sus servicios de alta calidad y precios razonables.                            <\/p>\r\n                                            \r\n                <\/div>\r\n                            <div class=\"item has-matchHeight\">\r\n                    <div class=\"author\">\r\n                                                <img decoding=\"async\" src=\"https:\/\/morocco-excursion.com\/wp-content\/uploads\/2021\/09\/Happy-Morocco-Travel-Clients-70x70.jpg\" alt=\"User Avatar\" title=\"\">\r\n                        <div class=\"author-meta\">\r\n                            <h4>Claudia<\/h4>\r\n                            <div class=\"star\">\r\n                                <i class=\"fa fa-star\"><\/i> <i class=\"fa fa-star\"><\/i> <i class=\"fa fa-star\"><\/i> <i class=\"fa fa-star\"><\/i> <i class=\"fa fa-star\"><\/i>                             <\/div>\r\n                        <\/div>\r\n                    <\/div>\r\n                                                <p>\r\n                                Hicimos un viaje de 10 d\u00edas con Ali y Ahmed de Morocco Excursions, quienes hicieron un gran trabajo gui\u00e1ndonos por el pa\u00eds. Todo el proceso de reserva fue r\u00e1pido, desde la recopilaci\u00f3n de informaci\u00f3n hasta la planificaci\u00f3n de un itinerario, el pago de un dep\u00f3sito y todo lo dem\u00e1s fue atendido desde el momento en que nos recogieron en el aeropuerto. El itinerario estuvo bien planificado y personalizado seg\u00fan nuestras necesidades, y el alojamiento fue excelente. El nivel de seguridad y comodidad fue excepcional. El auto era un Toyota moderno y nuestro conductor\/gu\u00eda Ali fue fant\u00e1stico; nos llev\u00f3 por Marruecos y nos brind\u00f3 mucha informaci\u00f3n.                            <\/p>\r\n                                            \r\n                <\/div>\r\n            <\/div><\/div>\r\n[vc_empty_space height=\u00bb15px\u00bb]<div class=\"st-testimonial-new style-1 \">\r\n        <div class=\"owl-carousel st-testimonial-slider style-1 \">                <div class=\"item has-matchHeight\">\r\n                    <div class=\"author\">\r\n                                                <img decoding=\"async\" src=\"https:\/\/morocco-excursion.com\/wp-content\/uploads\/2021\/09\/Morocco-Travel-Agency-Rviews-70x70.jpg\" alt=\"User Avatar\" title=\"\">\r\n                        <div class=\"author-meta\">\r\n                            <h4>David<\/h4>\r\n                            <div class=\"star\">\r\n                                <i class=\"fa fa-star\"><\/i> <i class=\"fa fa-star\"><\/i> <i class=\"fa fa-star\"><\/i> <i class=\"fa fa-star\"><\/i> <i class=\"fa fa-star\"><\/i>                             <\/div>\r\n                        <\/div>\r\n                    <\/div>\r\n                                                <p>\r\n                                Han pasado dos semanas y todav\u00eda estamos hablando de nuestro reciente viaje a Marruecos. Fue un viaje fant\u00e1stico. Nuestro programa de viaje estuvo bien planificado y el alojamiento se eligi\u00f3 cuidadosamente para satisfacer nuestras necesidades. Los lugares que visitamos y las actividades que hicimos fueron simplemente incre\u00edbles. Gracias a Hassan y a los miembros del equipo que nos acompa\u00f1aron durante este viaje. Brahim, nuestro gu\u00eda, y Ali, nuestro conductor, fueron fant\u00e1sticos. Ambos fueron considerados, compasivos e hicieron todo lo posible para asegurarse de que todos estuvi\u00e9ramos bien en todo momento.                            <\/p>\r\n                                            \r\n                <\/div>\r\n                            <div class=\"item has-matchHeight\">\r\n                    <div class=\"author\">\r\n                                                <img decoding=\"async\" src=\"https:\/\/morocco-excursion.com\/wp-content\/uploads\/2021\/09\/TripAdvisor-Reviews-Morocco-Excursions-70x70.png\" alt=\"User Avatar\" title=\"\">\r\n                        <div class=\"author-meta\">\r\n                            <h4>Daniel<\/h4>\r\n                            <div class=\"star\">\r\n                                <i class=\"fa fa-star\"><\/i> <i class=\"fa fa-star\"><\/i> <i class=\"fa fa-star\"><\/i> <i class=\"fa fa-star\"><\/i> <i class=\"fa fa-star\"><\/i>                             <\/div>\r\n                        <\/div>\r\n                    <\/div>\r\n                                                <p>\r\n                                Recientemente regresamos de un viaje de dos semanas a Marruecos. En un viaje de esta duraci\u00f3n, era fundamental que entabl\u00e1ramos una buena relaci\u00f3n con nuestro conductor, y as\u00ed lo hicimos con Omar. Fue un conductor cuidadoso y seguro que identific\u00f3 r\u00e1pidamente nuestros deseos y necesidades. Como el Sahara jug\u00f3 un papel tan esencial en nuestro viaje, fue excelente que fuera un orgulloso residente de la regi\u00f3n y compartiera con nosotros su conocimiento de la lengua y la cultura bereberes. Los riads y hoteles que nos ofrecieron siguieron impresion\u00e1ndonos en t\u00e9rminos de calidad y ubicaci\u00f3n.                            <\/p>\r\n                                            \r\n                <\/div>\r\n                            <div class=\"item has-matchHeight\">\r\n                    <div class=\"author\">\r\n                                                <img decoding=\"async\" src=\"https:\/\/morocco-excursion.com\/wp-content\/uploads\/2021\/09\/TripAdvisor-Reviews-Morocco-Excursions-70x70.png\" alt=\"User Avatar\" title=\"\">\r\n                        <div class=\"author-meta\">\r\n                            <h4>Alfred<\/h4>\r\n                            <div class=\"star\">\r\n                                <i class=\"fa fa-star\"><\/i> <i class=\"fa fa-star\"><\/i> <i class=\"fa fa-star\"><\/i> <i class=\"fa fa-star\"><\/i> <i class=\"fa fa-star\"><\/i>                             <\/div>\r\n                        <\/div>\r\n                    <\/div>\r\n                                                <p>\r\n                                Nos lo pasamos genial en nuestras vacaciones privadas de 7 d\u00edas en Marruecos con Morocco Excursions. Brahim, nuestro conductor y gu\u00eda, estaba muy bien informado, hablaba un ingl\u00e9s excelente y fue muy profesional y servicial. El autom\u00f3vil tambi\u00e9n era incre\u00edblemente c\u00f3modo. Tuvimos un itinerario preciso que seguir durante el transcurso de siete d\u00edas y el viaje estuvo bien planificado. \u00a1No tuvimos ninguna mala experiencia!                            <\/p>\r\n                                            \r\n                <\/div>\r\n            <\/div><\/div>\r\n[vc_empty_space height=\u00bb15px\u00bb]<div class=\"st-testimonial-new style-1 \">\r\n        <div class=\"owl-carousel st-testimonial-slider style-1 \">                <div class=\"item has-matchHeight\">\r\n                    <div class=\"author\">\r\n                                                <img decoding=\"async\" src=\"https:\/\/morocco-excursion.com\/wp-content\/uploads\/2021\/09\/TripAdvisor-Reviews-Morocco-Excursions-70x70.png\" alt=\"User Avatar\" title=\"\">\r\n                        <div class=\"author-meta\">\r\n                            <h4>Rocio<\/h4>\r\n                            <div class=\"star\">\r\n                                <i class=\"fa fa-star\"><\/i> <i class=\"fa fa-star\"><\/i> <i class=\"fa fa-star\"><\/i> <i class=\"fa fa-star\"><\/i> <i class=\"fa fa-star\"><\/i>                             <\/div>\r\n                        <\/div>\r\n                    <\/div>\r\n                                                <p>\r\n                                Excelentes vacaciones de 10 d\u00edas con Morocco Excursions. Decidimos hacer nuestro propio recorrido por las zonas que quer\u00edamos ver. Optamos por quedarnos en determinadas zonas durante dos noches porque ten\u00edamos m\u00e1s de 70 a\u00f1os. Nuestro conductor, Amar, fue fant\u00e1stico; fue amable y educado, y nos ayud\u00f3 a cambiar nuestra ruta para satisfacer nuestras necesidades. Los riads en los que nos alojamos fueron fant\u00e1sticos, al igual que el campamento del desierto, Ait Ben Haddou, las monta\u00f1as Atas, gargantas y valles, y Essaouira. Hassan, el director de la empresa, fue de gran ayuda, especialmente durante el proceso de reserva. Recomendamos encarecidamente a los turistas que utilicen esta empresa, ya que pueden elegir a d\u00f3nde quieren ir y a qu\u00e9 ritmo. Muchas gracias a Amar, Hassan y Moroccan Excursions.                            <\/p>\r\n                                            \r\n                <\/div>\r\n                            <div class=\"item has-matchHeight\">\r\n                    <div class=\"author\">\r\n                                                <img decoding=\"async\" src=\"https:\/\/morocco-excursion.com\/wp-content\/uploads\/2021\/09\/TripAdvisor-Reviews-Morocco-Excursions-70x70.png\" alt=\"User Avatar\" title=\"\">\r\n                        <div class=\"author-meta\">\r\n                            <h4>Barbara<\/h4>\r\n                            <div class=\"star\">\r\n                                <i class=\"fa fa-star\"><\/i> <i class=\"fa fa-star\"><\/i> <i class=\"fa fa-star\"><\/i> <i class=\"fa fa-star\"><\/i> <i class=\"fa fa-star\"><\/i>                             <\/div>\r\n                        <\/div>\r\n                    <\/div>\r\n                                                <p>\r\n                                Hicimos una excursi\u00f3n de tres d\u00edas desde Fez a Marrakech pasando por el desierto de Merzouga. \u00a1Fue una oportunidad \u00fanica en la vida! Ahmed fue un conductor, gu\u00eda y compa\u00f1ero fant\u00e1stico; fue muy cort\u00e9s y fue un placer viajar con \u00e9l. Es importante destacar que es un hombre muy decente y somos muy afortunados de haberlo conocido; se merece lo mejor. \u00a1Muchas gracias, Ahmed! Todas las vacaciones fueron incre\u00edbles; vimos muchos lugares y aprendimos muchas cosas, pero la experiencia m\u00e1s espectacular fue pasar la noche en el desierto. Todos los dem\u00e1s gu\u00edas que conocimos tambi\u00e9n fueron muy amables y serviciales, \u00a1y tambi\u00e9n queremos agradecerles! \u00a1Recomendamos encarecidamente reservar un viaje a Marruecos con este gran equipo!                            <\/p>\r\n                                            \r\n                <\/div>\r\n                            <div class=\"item has-matchHeight\">\r\n                    <div class=\"author\">\r\n                                                <img decoding=\"async\" src=\"https:\/\/morocco-excursion.com\/wp-content\/uploads\/2021\/09\/TripAdvisor-Reviews-Morocco-Excursions-70x70.png\" alt=\"User Avatar\" title=\"\">\r\n                        <div class=\"author-meta\">\r\n                            <h4>Anna<\/h4>\r\n                            <div class=\"star\">\r\n                                <i class=\"fa fa-star\"><\/i> <i class=\"fa fa-star\"><\/i> <i class=\"fa fa-star\"><\/i> <i class=\"fa fa-star\"><\/i> <i class=\"fa fa-star\"><\/i>                             <\/div>\r\n                        <\/div>\r\n                    <\/div>\r\n                                                <p>\r\n                                Hemos viajado con Morocco Excursions durante tres d\u00edas desde Marrakech al desierto. Empezamos en Fez y viajamos hasta Marrakech pasando por muchos destinos. La excursi\u00f3n incluy\u00f3 una estad\u00eda en una lujosa tienda de campa\u00f1a en el desierto. Todo fue maravilloso. Nuestro conductor, Ahmed, estaba incre\u00edblemente bien informado y nos explic\u00f3 detalladamente todos los lugares de inter\u00e9s que vimos, as\u00ed como las costumbres tradicionales. Todos aspiramos a tener la misma experiencia. Muchas gracias, Hassan y Ahmed.                            <\/p>\r\n                                            \r\n                <\/div>\r\n            <\/div><\/div>\r\n[vc_btn title=\u00bbMORE REVIEWS\u00bb color=\u00bbinfo\u00bb size=\u00bbxs\u00bb align=\u00bbcenter\u00bb css=\u00bb.vc_custom_1630843172642{margin-top: 5px !important;}\u00bb][\/vc_column][\/vc_row]<\/p>\n<\/div>","protected":false},"excerpt":{"rendered":"<p>[vc_row full_width=\u00bbstretch_row_content_no_spaces\u00bb][vc_column css=\u00bb.vc_custom_1702842665473{margin-top: 5px !important;}\u00bb][vc_empty_space height=\u00bb10px\u00bb][\/vc_column][\/vc_row][vc_row][vc_column width=\u00bb1\/2&#8243;][vc_column_text css=\u00bb\u00bb] \u00bfQui\u00e9nes Somos? En\u00a0Morocco Excursions\u00a0ofrecemos a viajeros de todo el mundo una variedad de\u00a0\u00a0tours\u00a0privados y compartidos y vacaciones con todo incluido en Marruecos. Nos hemos convertido en una de las principales\u00a0\u00a0agencias de viajes marroqu\u00edes\u00a0\u00a0gracias a la confianza y lealtad de nuestros clientes a lo largo de los a\u00f1os. [&hellip;]<\/p>\n","protected":false},"author":1,"featured_media":13313,"parent":0,"menu_order":0,"comment_status":"closed","ping_status":"closed","template":"template-home-modern.php","meta":{"footnotes":""},"class_list":["post-14736","page","type-page","status-publish","has-post-thumbnail","hentry"],"_links":{"self":[{"href":"https:\/\/morocco-excursion.com\/es\/wp-json\/wp\/v2\/pages\/14736","targetHints":{"allow":["GET"]}}],"collection":[{"href":"https:\/\/morocco-excursion.com\/es\/wp-json\/wp\/v2\/pages"}],"about":[{"href":"https:\/\/morocco-excursion.com\/es\/wp-json\/wp\/v2\/types\/page"}],"author":[{"embeddable":true,"href":"https:\/\/morocco-excursion.com\/es\/wp-json\/wp\/v2\/users\/1"}],"replies":[{"embeddable":true,"href":"https:\/\/morocco-excursion.com\/es\/wp-json\/wp\/v2\/comments?post=14736"}],"version-history":[{"count":0,"href":"https:\/\/morocco-excursion.com\/es\/wp-json\/wp\/v2\/pages\/14736\/revisions"}],"wp:featuredmedia":[{"embeddable":true,"href":"https:\/\/morocco-excursion.com\/es\/wp-json\/wp\/v2\/media\/13313"}],"wp:attachment":[{"href":"https:\/\/morocco-excursion.com\/es\/wp-json\/wp\/v2\/media?parent=14736"}],"curies":[{"name":"wp","href":"https:\/\/api.w.org\/{rel}","templated":true}]}}