{"id":14751,"date":"2021-09-25T07:50:31","date_gmt":"2021-09-25T07:50:31","guid":{"rendered":"https:\/\/www.morocco-excursion.com\/sitemap\/"},"modified":"2025-07-30T16:22:19","modified_gmt":"2025-07-30T16:22:19","slug":"sitemap","status":"publish","type":"page","link":"https:\/\/morocco-excursion.com\/es\/sitemap\/","title":{"rendered":"Mapa del sitio"},"content":{"rendered":"<div class=\"wpb-content-wrapper\"><p>[vc_row][vc_column width=\u00bb1\/3&#8243;][vc_column_text]<div class=\"wsp-container\"><h2 class=\"wsp-pages-title\">P\u00e1ginas<\/h2>\n<ul class=\"wsp-pages-list\">\n<li class=\"page_item page-item-14736\"><a href=\"https:\/\/morocco-excursion.com\/es\/agencia\/\">Agencia de viaje en Marruecos<\/a><\/li>\n<li class=\"page_item page-item-15010\"><a href=\"https:\/\/morocco-excursion.com\/es\/alquilar-coche\/\">Coche de alquiler con conductor en Marruecos<\/a><\/li>\n<li class=\"page_item page-item-14441\"><a href=\"https:\/\/morocco-excursion.com\/es\/contacto\/\">Contacto<\/a><\/li>\n<li class=\"page_item page-item-16339\"><a href=\"https:\/\/morocco-excursion.com\/es\/dmc-marruecos\/\">Destination Management Company (DMC) Marruecos<\/a><\/li>\n<li class=\"page_item page-item-14857\"><a href=\"https:\/\/morocco-excursion.com\/es\/excursion-camellos\/\">Excursi\u00f3n de Camellos en Marruecos<\/a><\/li>\n<li class=\"page_item page-item-14429\"><a href=\"https:\/\/morocco-excursion.com\/es\/experiencias\/\">Experiencias en Marruecos<\/a><\/li>\n<li class=\"page_item page-item-14438\"><a href=\"https:\/\/morocco-excursion.com\/es\/faqs\/\">Las preguntas m\u00e1s frecuentes sobre Marruecos<\/a><\/li>\n<li class=\"page_item page-item-14751\"><a href=\"https:\/\/morocco-excursion.com\/es\/sitemap\/\">Mapa del sitio<\/a><\/li>\n<li class=\"page_item page-item-14820\"><a href=\"https:\/\/morocco-excursion.com\/es\/reviews\/\">Opiniones<\/a><\/li>\n<li class=\"page_item page-item-14420\"><a href=\"https:\/\/morocco-excursion.com\/es\/rutas-en-marruecos\/\">Rutas en Marruecos<\/a><\/li>\n<li class=\"page_item page-item-14340\"><a href=\"https:\/\/morocco-excursion.com\/es\/\">Viajes a Marruecos<\/a><\/li>\n<li class=\"page_item page-item-16121\"><a href=\"https:\/\/morocco-excursion.com\/es\/viaje-desierto-marruecos\/\">Viajes desierto Marruecos<\/a><\/li>\n<\/ul>\n<\/div>[\/vc_column_text][\/vc_column][vc_column width=\u00bb1\/3&#8243;][vc_column_text]<div class=\"wsp-container\"><\/div>[\/vc_column_text][\/vc_column][vc_column width=\u00bb1\/3&#8243;][vc_column_text]<\/p>\n<ul>\n<li><div class=\"wsp-container\"><h2 class=\"wsp-posts-title\">Posts por categor\u00eda<\/h2>\n<ul class=\"wsp-posts-list\">\n\t<li><strong class=\"wsp-category-title\">Category: <a href=\"https:\/\/morocco-excursion.com\/es\/category\/sin-categorizar\/\">Sin categorizar<\/a><\/strong>\n<ul class=\"wsp-posts-list\">\t\t<li class=\"wsp-post\"><a href=\"https:\/\/morocco-excursion.com\/es\/las-10-maravillas-de-marruecos-por-descubrir\/\">Las 10 maravillas de Marruecos por descubrir<\/a><\/li>\n<\/ul><\/li>\n<\/ul>\n<\/div><\/li>\n<\/ul>\n<p>[\/vc_column_text][\/vc_column][\/vc_row][vc_row][vc_column width=\u00bb1\/3&#8243;][vc_column_text]<div class=\"wsp-container\"><h2 class=\"wsp-st_tourss-title\">Tours<\/h2>\n<ul class=\"wsp-st_tourss-list\">\n<li><a href=\"https:\/\/morocco-excursion.com\/es\/tours\/cena-romantic\/\">Puesta de sol y cena rom\u00e1ntica en el desierto de Merzouga<\/a><\/li>\n<li><a href=\"https:\/\/morocco-excursion.com\/es\/tours\/excursion-oasis-safsaf\/\">Excursi\u00f3n en 4x4 al oasis de Safsaf (Desierto de Merzouga)<\/a><\/li>\n<li><a href=\"https:\/\/morocco-excursion.com\/es\/tours\/conduce-4x4-desierto\/\">Alquila un 4x4 y conduce por el desierto de Merzouga<\/a><\/li>\n<li><a href=\"https:\/\/morocco-excursion.com\/es\/tours\/10-dias-de-marrakech\/\">10 D\u00edas desde Marrakech al desierto, Fez, Chefchaouen y Rabat<\/a><\/li>\n<li><a href=\"https:\/\/morocco-excursion.com\/es\/tours\/excursion-4x4-merzouga\/\">Excursiones todoterreno por el desierto de Merzouga con 4x4<\/a><\/li>\n<li><a href=\"https:\/\/morocco-excursion.com\/es\/tours\/buggy-desierto-merzouga\/\">Excursiones y alquiler de buggy en el desierto de Merzouga<\/a><\/li>\n<li><a href=\"https:\/\/morocco-excursion.com\/es\/tours\/merzouga-excursion-quad\/\">Excursiones en quad (ATV) por el desierto de Merzouga<\/a><\/li>\n<li><a href=\"https:\/\/morocco-excursion.com\/es\/tours\/semana-desierto-marruecos\/\">Semana en el desierto Marroqu\u00ed (Tour en camello, 4x4, Quad)<\/a><\/li>\n<li><a href=\"https:\/\/morocco-excursion.com\/es\/tours\/4-dias-desierto\/\">Excursi\u00f3n de 4 d\u00edas por el desierto salvaje desde Merzouga<\/a><\/li>\n<li><a href=\"https:\/\/morocco-excursion.com\/es\/tours\/2-dias-trek-merzouga\/\">Senderismo de 2 d\u00edas por el desierto (Dunas de Merzouga)<\/a><\/li>\n<li><a href=\"https:\/\/morocco-excursion.com\/es\/tours\/senderismo-5-dias-desierto\/\">Trekking de 5 d\u00edas por el desierto del Sahara (Marruecos)<\/a><\/li>\n<li><a href=\"https:\/\/morocco-excursion.com\/es\/tours\/excursion-3-dias-merzouga\/\">Excursi\u00f3n de 3 d\u00edas por Merzouga en camellos, 4x4 y quad<\/a><\/li>\n<li><a href=\"https:\/\/morocco-excursion.com\/es\/tours\/excursion-camello-merzouga\/\">Excursi\u00f3n en camello por Merzouga y noche en el desierto<\/a><\/li>\n<li><a href=\"https:\/\/morocco-excursion.com\/es\/tours\/30-dias-desde-casablanca\/\">Viaje de 30 d\u00edas desde Casablanca (Un mes en Marruecos)<\/a><\/li>\n<li><a href=\"https:\/\/morocco-excursion.com\/es\/tours\/20-dias-desde-casablanca\/\">Viaje de 20 d\u00edas desde Casablanca (Lo mejor de Marruecos)<\/a><\/li>\n<li><a href=\"https:\/\/morocco-excursion.com\/es\/tours\/15-dias-desde-casablanca\/\">Viaje de 15 d\u00edas desde Casablanca (El Gran Marruecos)<\/a><\/li>\n<li><a href=\"https:\/\/morocco-excursion.com\/es\/tours\/12-dias-desde-casablanca\/\">12 D\u00edas desde Casablanca a Chaouen, Fez, desierto y oc\u00e9ano<\/a><\/li>\n<li><a href=\"https:\/\/morocco-excursion.com\/es\/tours\/10-dias-desde-casablanca\/\">Viaje de 10 d\u00edas de Casablanca al norte y sur de Marruecos<\/a><\/li>\n<li><a href=\"https:\/\/morocco-excursion.com\/es\/tours\/8-dias-desde-casablanca\/\">8 D\u00edas viaje de Casablanca a ciudades imperiales y desierto<\/a><\/li>\n<li><a href=\"https:\/\/morocco-excursion.com\/es\/tours\/7-dias-desde-casablanca\/\">Tour de 7 d\u00edas desde Casablanca a ciudades imperiales y sur<\/a><\/li>\n<li><a href=\"https:\/\/morocco-excursion.com\/es\/tours\/6-dias-desde-casablanca\/\">Tour de 6 d\u00edas desde Casablanca a Marrakech por Fez y desierto.<\/a><\/li>\n<li><a href=\"https:\/\/morocco-excursion.com\/es\/tours\/4-dias-desde-casablanca\/\">Tour de 4 d\u00edas desde Casablanca a Fez y Chefchaouen<\/a><\/li>\n<li><a href=\"https:\/\/morocco-excursion.com\/es\/tours\/8-dias-desde-fez\/\">Tour de 8 d\u00edas de Fez a Marrakech via Chefchaouen y desierto<\/a><\/li>\n<li><a href=\"https:\/\/morocco-excursion.com\/es\/tours\/5-dias-fez-marrakech\/\">Tour de 5 d\u00edas desde Fez a Marrakech por el desierto<\/a><\/li>\n<li><a href=\"https:\/\/morocco-excursion.com\/es\/tours\/5-dias-fez-desierto\/\">Excursi\u00f3n de 5 d\u00edas por el desierto desde Fez hacia el sur<\/a><\/li>\n<li><a href=\"https:\/\/morocco-excursion.com\/es\/tours\/fez-marrakech-4-dias\/\">Tour de 4 d\u00edas desde Fez a Marrakech pasando por el desierto<\/a><\/li>\n<li><a href=\"https:\/\/morocco-excursion.com\/es\/tours\/4-fez-desierto\/\">Excursi\u00f3n de 4 d\u00edas al desierto del S\u00e1hara desde Fez<\/a><\/li>\n<li><a href=\"https:\/\/morocco-excursion.com\/es\/tours\/3-dias-fez-marrakech\/\">Viaje de 3 d\u00edas por el desierto desde Fez a Marrakech<\/a><\/li>\n<li><a href=\"https:\/\/morocco-excursion.com\/es\/tours\/3-dias-fez-merzouga\/\">Ruta de 3 d\u00edas de Fez al desierto de Merzouga (Erg Chebbi)<\/a><\/li>\n<li><a href=\"https:\/\/morocco-excursion.com\/es\/tours\/1-dia-a-chefchaouen\/\">Excursi\u00f3n de un d\u00eda de Fez a Chefchaouen (La ciudad azul)<\/a><\/li>\n<li><a href=\"https:\/\/morocco-excursion.com\/es\/tours\/excursion-ourika\/\">Excursi\u00f3n de un d\u00eda desde Marrakech a Ourika<\/a><\/li>\n<li><a href=\"https:\/\/morocco-excursion.com\/es\/tours\/excursion-ait-ben-haddou\/\">Excursi\u00f3n de un d\u00eda desde Marrakech a Ait ben haddou<\/a><\/li>\n<li><a href=\"https:\/\/morocco-excursion.com\/es\/tours\/excursion-imlil\/\">Excursi\u00f3n de un d\u00eda desde Marrakech a Imlil<\/a><\/li>\n<li><a href=\"https:\/\/morocco-excursion.com\/es\/tours\/excursion-ouzoud\/\">Excursi\u00f3n desde Marrakech a las cascadas de Ouzoud<\/a><\/li>\n<li><a href=\"https:\/\/morocco-excursion.com\/es\/tours\/excursion-essaouira\/\">Excursi\u00f3n de un d\u00eda de Marrakech a Essaouira<\/a><\/li>\n<li><a href=\"https:\/\/morocco-excursion.com\/es\/tours\/12-dias-desde-marrakech\/\">12 D\u00edas desde Marrakech a ciudades imperiales al sur y norte<\/a><\/li>\n<li><a href=\"https:\/\/morocco-excursion.com\/es\/tours\/10-dias-desde-marrakech\/\">Viaje de 10 d\u00edas desde Marrakech al atlas desierto y oc\u00e9ano<\/a><\/li>\n<li><a href=\"https:\/\/morocco-excursion.com\/es\/tours\/8-dias-de-marrakech\/\">Viaje de 8 d\u00edas visitando Marrakech y el desierto<\/a><\/li>\n<li><a href=\"https:\/\/morocco-excursion.com\/es\/tours\/6-dias-marrakech-sur\/\">Tour de 6 d\u00edas desde Marrakech al sur y el desierto<\/a><\/li>\n<li><a href=\"https:\/\/morocco-excursion.com\/es\/tours\/5-dias-marrakech-fez\/\">5 D\u00edas tour por el desierto desde Marrakech a Fez<\/a><\/li>\n<li><a href=\"https:\/\/morocco-excursion.com\/es\/tours\/5-dias-marrakech-al-desierto\/\">5 D\u00edas de viaje desde Marrakech al desierto de Merzouga<\/a><\/li>\n<li><a href=\"https:\/\/morocco-excursion.com\/es\/tours\/4-dias-marrakech-fez\/\">Viaje al desierto de 4 d\u00edas desde Marrakech a Fez<\/a><\/li>\n<li><a href=\"https:\/\/morocco-excursion.com\/es\/tours\/4-dias-marrakech-desierto\/\">Tour de 4 d\u00edas al desierto de Merzouga desde Marrakech<\/a><\/li>\n<li><a href=\"https:\/\/morocco-excursion.com\/es\/tours\/3-dias-marrakech-fez\/\">Excursi\u00f3n de 3 d\u00edas desde Marrakech a Fez por el desierto<\/a><\/li>\n<li><a href=\"https:\/\/morocco-excursion.com\/es\/tours\/3-dias-marrakech-merzouga\/\">Ruta de 3 d\u00edas desde Marrakech al desierto de Merzouga<\/a><\/li>\n<li><a href=\"https:\/\/morocco-excursion.com\/es\/tours\/2-dias-de-marrakech-a-zagora\/\">Excursi\u00f3n de 2 d\u00edas al desierto desde Marrakech a Zagora<\/a><\/li>\n<\/ul>\n<\/div>[\/vc_column_text][\/vc_column][vc_column width=\u00bb1\/3&#8243;][vc_column_text]<div class=\"wsp-container\"><h2 class=\"wsp-categories-title\">Categor\u00edas<\/h2>\n<ul class=\"wsp-categories-list\">\n\t<li><a href=\"https:\/\/morocco-excursion.com\/es\/category\/sin-categorizar\/\">Sin categorizar<\/a><\/li>\n<\/ul>\n<\/div>[\/vc_column_text][\/vc_column][vc_column width=\u00bb1\/3&#8243;][vc_column_text]<div class=\"wsp-container\"><\/div>[\/vc_column_text][\/vc_column][\/vc_row][vc_row][vc_column][vc_column_text]<div class=\"wsp-container\"><h2 class=\"wsp-pages-title\">P\u00e1ginas<\/h2>\n<ul class=\"wsp-pages-list\">\n<li class=\"page_item page-item-14736\"><a href=\"https:\/\/morocco-excursion.com\/es\/agencia\/\">Agencia de viaje en Marruecos<\/a><\/li>\n<li class=\"page_item page-item-15010\"><a href=\"https:\/\/morocco-excursion.com\/es\/alquilar-coche\/\">Coche de alquiler con conductor en Marruecos<\/a><\/li>\n<li class=\"page_item page-item-14441\"><a href=\"https:\/\/morocco-excursion.com\/es\/contacto\/\">Contacto<\/a><\/li>\n<li class=\"page_item page-item-16339\"><a href=\"https:\/\/morocco-excursion.com\/es\/dmc-marruecos\/\">Destination Management Company (DMC) Marruecos<\/a><\/li>\n<li class=\"page_item page-item-14857\"><a href=\"https:\/\/morocco-excursion.com\/es\/excursion-camellos\/\">Excursi\u00f3n de Camellos en Marruecos<\/a><\/li>\n<li class=\"page_item page-item-14429\"><a href=\"https:\/\/morocco-excursion.com\/es\/experiencias\/\">Experiencias en Marruecos<\/a><\/li>\n<li class=\"page_item page-item-14438\"><a href=\"https:\/\/morocco-excursion.com\/es\/faqs\/\">Las preguntas m\u00e1s frecuentes sobre Marruecos<\/a><\/li>\n<li class=\"page_item page-item-14751\"><a href=\"https:\/\/morocco-excursion.com\/es\/sitemap\/\">Mapa del sitio<\/a><\/li>\n<li class=\"page_item page-item-14820\"><a href=\"https:\/\/morocco-excursion.com\/es\/reviews\/\">Opiniones<\/a><\/li>\n<li class=\"page_item page-item-14420\"><a href=\"https:\/\/morocco-excursion.com\/es\/rutas-en-marruecos\/\">Rutas en Marruecos<\/a><\/li>\n<li class=\"page_item page-item-14340\"><a href=\"https:\/\/morocco-excursion.com\/es\/\">Viajes a Marruecos<\/a><\/li>\n<li class=\"page_item page-item-16121\"><a href=\"https:\/\/morocco-excursion.com\/es\/viaje-desierto-marruecos\/\">Viajes desierto Marruecos<\/a><\/li>\n<\/ul>\n<h2 class=\"wsp-posts-title\">Posts por categor\u00eda<\/h2>\n<ul class=\"wsp-posts-list\">\n\t<li><strong class=\"wsp-category-title\">Category: <a href=\"https:\/\/morocco-excursion.com\/es\/category\/sin-categorizar\/\">Sin categorizar<\/a><\/strong>\n<ul class=\"wsp-posts-list\">\t\t<li class=\"wsp-post\"><a href=\"https:\/\/morocco-excursion.com\/es\/las-10-maravillas-de-marruecos-por-descubrir\/\">Las 10 maravillas de Marruecos por descubrir<\/a><\/li>\n<\/ul><\/li>\n<\/ul>\n<h2 class=\"wsp-st_tourss-title\">Tours<\/h2>\n<ul class=\"wsp-st_tourss-list\">\n<li><a href=\"https:\/\/morocco-excursion.com\/es\/tours\/cena-romantic\/\">Puesta de sol y cena rom\u00e1ntica en el desierto de Merzouga<\/a><\/li>\n<li><a href=\"https:\/\/morocco-excursion.com\/es\/tours\/excursion-oasis-safsaf\/\">Excursi\u00f3n en 4x4 al oasis de Safsaf (Desierto de Merzouga)<\/a><\/li>\n<li><a href=\"https:\/\/morocco-excursion.com\/es\/tours\/conduce-4x4-desierto\/\">Alquila un 4x4 y conduce por el desierto de Merzouga<\/a><\/li>\n<li><a href=\"https:\/\/morocco-excursion.com\/es\/tours\/10-dias-de-marrakech\/\">10 D\u00edas desde Marrakech al desierto, Fez, Chefchaouen y Rabat<\/a><\/li>\n<li><a href=\"https:\/\/morocco-excursion.com\/es\/tours\/excursion-4x4-merzouga\/\">Excursiones todoterreno por el desierto de Merzouga con 4x4<\/a><\/li>\n<li><a href=\"https:\/\/morocco-excursion.com\/es\/tours\/buggy-desierto-merzouga\/\">Excursiones y alquiler de buggy en el desierto de Merzouga<\/a><\/li>\n<li><a href=\"https:\/\/morocco-excursion.com\/es\/tours\/merzouga-excursion-quad\/\">Excursiones en quad (ATV) por el desierto de Merzouga<\/a><\/li>\n<li><a href=\"https:\/\/morocco-excursion.com\/es\/tours\/semana-desierto-marruecos\/\">Semana en el desierto Marroqu\u00ed (Tour en camello, 4x4, Quad)<\/a><\/li>\n<li><a href=\"https:\/\/morocco-excursion.com\/es\/tours\/4-dias-desierto\/\">Excursi\u00f3n de 4 d\u00edas por el desierto salvaje desde Merzouga<\/a><\/li>\n<li><a href=\"https:\/\/morocco-excursion.com\/es\/tours\/2-dias-trek-merzouga\/\">Senderismo de 2 d\u00edas por el desierto (Dunas de Merzouga)<\/a><\/li>\n<li><a href=\"https:\/\/morocco-excursion.com\/es\/tours\/senderismo-5-dias-desierto\/\">Trekking de 5 d\u00edas por el desierto del Sahara (Marruecos)<\/a><\/li>\n<li><a href=\"https:\/\/morocco-excursion.com\/es\/tours\/excursion-3-dias-merzouga\/\">Excursi\u00f3n de 3 d\u00edas por Merzouga en camellos, 4x4 y quad<\/a><\/li>\n<li><a href=\"https:\/\/morocco-excursion.com\/es\/tours\/excursion-camello-merzouga\/\">Excursi\u00f3n en camello por Merzouga y noche en el desierto<\/a><\/li>\n<li><a href=\"https:\/\/morocco-excursion.com\/es\/tours\/30-dias-desde-casablanca\/\">Viaje de 30 d\u00edas desde Casablanca (Un mes en Marruecos)<\/a><\/li>\n<li><a href=\"https:\/\/morocco-excursion.com\/es\/tours\/20-dias-desde-casablanca\/\">Viaje de 20 d\u00edas desde Casablanca (Lo mejor de Marruecos)<\/a><\/li>\n<li><a href=\"https:\/\/morocco-excursion.com\/es\/tours\/15-dias-desde-casablanca\/\">Viaje de 15 d\u00edas desde Casablanca (El Gran Marruecos)<\/a><\/li>\n<li><a href=\"https:\/\/morocco-excursion.com\/es\/tours\/12-dias-desde-casablanca\/\">12 D\u00edas desde Casablanca a Chaouen, Fez, desierto y oc\u00e9ano<\/a><\/li>\n<li><a href=\"https:\/\/morocco-excursion.com\/es\/tours\/10-dias-desde-casablanca\/\">Viaje de 10 d\u00edas de Casablanca al norte y sur de Marruecos<\/a><\/li>\n<li><a href=\"https:\/\/morocco-excursion.com\/es\/tours\/8-dias-desde-casablanca\/\">8 D\u00edas viaje de Casablanca a ciudades imperiales y desierto<\/a><\/li>\n<li><a href=\"https:\/\/morocco-excursion.com\/es\/tours\/7-dias-desde-casablanca\/\">Tour de 7 d\u00edas desde Casablanca a ciudades imperiales y sur<\/a><\/li>\n<li><a href=\"https:\/\/morocco-excursion.com\/es\/tours\/6-dias-desde-casablanca\/\">Tour de 6 d\u00edas desde Casablanca a Marrakech por Fez y desierto.<\/a><\/li>\n<li><a href=\"https:\/\/morocco-excursion.com\/es\/tours\/4-dias-desde-casablanca\/\">Tour de 4 d\u00edas desde Casablanca a Fez y Chefchaouen<\/a><\/li>\n<li><a href=\"https:\/\/morocco-excursion.com\/es\/tours\/8-dias-desde-fez\/\">Tour de 8 d\u00edas de Fez a Marrakech via Chefchaouen y desierto<\/a><\/li>\n<li><a href=\"https:\/\/morocco-excursion.com\/es\/tours\/5-dias-fez-marrakech\/\">Tour de 5 d\u00edas desde Fez a Marrakech por el desierto<\/a><\/li>\n<li><a href=\"https:\/\/morocco-excursion.com\/es\/tours\/5-dias-fez-desierto\/\">Excursi\u00f3n de 5 d\u00edas por el desierto desde Fez hacia el sur<\/a><\/li>\n<li><a href=\"https:\/\/morocco-excursion.com\/es\/tours\/fez-marrakech-4-dias\/\">Tour de 4 d\u00edas desde Fez a Marrakech pasando por el desierto<\/a><\/li>\n<li><a href=\"https:\/\/morocco-excursion.com\/es\/tours\/4-fez-desierto\/\">Excursi\u00f3n de 4 d\u00edas al desierto del S\u00e1hara desde Fez<\/a><\/li>\n<li><a href=\"https:\/\/morocco-excursion.com\/es\/tours\/3-dias-fez-marrakech\/\">Viaje de 3 d\u00edas por el desierto desde Fez a Marrakech<\/a><\/li>\n<li><a href=\"https:\/\/morocco-excursion.com\/es\/tours\/3-dias-fez-merzouga\/\">Ruta de 3 d\u00edas de Fez al desierto de Merzouga (Erg Chebbi)<\/a><\/li>\n<li><a href=\"https:\/\/morocco-excursion.com\/es\/tours\/1-dia-a-chefchaouen\/\">Excursi\u00f3n de un d\u00eda de Fez a Chefchaouen (La ciudad azul)<\/a><\/li>\n<li><a href=\"https:\/\/morocco-excursion.com\/es\/tours\/excursion-ourika\/\">Excursi\u00f3n de un d\u00eda desde Marrakech a Ourika<\/a><\/li>\n<li><a href=\"https:\/\/morocco-excursion.com\/es\/tours\/excursion-ait-ben-haddou\/\">Excursi\u00f3n de un d\u00eda desde Marrakech a Ait ben haddou<\/a><\/li>\n<li><a href=\"https:\/\/morocco-excursion.com\/es\/tours\/excursion-imlil\/\">Excursi\u00f3n de un d\u00eda desde Marrakech a Imlil<\/a><\/li>\n<li><a href=\"https:\/\/morocco-excursion.com\/es\/tours\/excursion-ouzoud\/\">Excursi\u00f3n desde Marrakech a las cascadas de Ouzoud<\/a><\/li>\n<li><a href=\"https:\/\/morocco-excursion.com\/es\/tours\/excursion-essaouira\/\">Excursi\u00f3n de un d\u00eda de Marrakech a Essaouira<\/a><\/li>\n<li><a href=\"https:\/\/morocco-excursion.com\/es\/tours\/12-dias-desde-marrakech\/\">12 D\u00edas desde Marrakech a ciudades imperiales al sur y norte<\/a><\/li>\n<li><a href=\"https:\/\/morocco-excursion.com\/es\/tours\/10-dias-desde-marrakech\/\">Viaje de 10 d\u00edas desde Marrakech al atlas desierto y oc\u00e9ano<\/a><\/li>\n<li><a href=\"https:\/\/morocco-excursion.com\/es\/tours\/8-dias-de-marrakech\/\">Viaje de 8 d\u00edas visitando Marrakech y el desierto<\/a><\/li>\n<li><a href=\"https:\/\/morocco-excursion.com\/es\/tours\/6-dias-marrakech-sur\/\">Tour de 6 d\u00edas desde Marrakech al sur y el desierto<\/a><\/li>\n<li><a href=\"https:\/\/morocco-excursion.com\/es\/tours\/5-dias-marrakech-fez\/\">5 D\u00edas tour por el desierto desde Marrakech a Fez<\/a><\/li>\n<li><a href=\"https:\/\/morocco-excursion.com\/es\/tours\/5-dias-marrakech-al-desierto\/\">5 D\u00edas de viaje desde Marrakech al desierto de Merzouga<\/a><\/li>\n<li><a href=\"https:\/\/morocco-excursion.com\/es\/tours\/4-dias-marrakech-fez\/\">Viaje al desierto de 4 d\u00edas desde Marrakech a Fez<\/a><\/li>\n<li><a href=\"https:\/\/morocco-excursion.com\/es\/tours\/4-dias-marrakech-desierto\/\">Tour de 4 d\u00edas al desierto de Merzouga desde Marrakech<\/a><\/li>\n<li><a href=\"https:\/\/morocco-excursion.com\/es\/tours\/3-dias-marrakech-fez\/\">Excursi\u00f3n de 3 d\u00edas desde Marrakech a Fez por el desierto<\/a><\/li>\n<li><a href=\"https:\/\/morocco-excursion.com\/es\/tours\/3-dias-marrakech-merzouga\/\">Ruta de 3 d\u00edas desde Marrakech al desierto de Merzouga<\/a><\/li>\n<li><a href=\"https:\/\/morocco-excursion.com\/es\/tours\/2-dias-de-marrakech-a-zagora\/\">Excursi\u00f3n de 2 d\u00edas al desierto desde Marrakech a Zagora<\/a><\/li>\n<\/ul>\n<h2 class=\"wsp-st_carss-title\">Cars<\/h2>\n<ul class=\"wsp-st_carss-list\">\n<li><a href=\"https:\/\/morocco-excursion.com\/es\/car\/pick-up\/\">Pickup Truck<\/a><\/li>\n<li><a href=\"https:\/\/morocco-excursion.com\/es\/car\/normal-car\/\">Normal Car<\/a><\/li>\n<li><a href=\"https:\/\/morocco-excursion.com\/es\/car\/normal-4x4\/\">normal-4x4<\/a><\/li>\n<li><a href=\"https:\/\/morocco-excursion.com\/es\/car\/taxi\/\">Taxi<\/a><\/li>\n<li><a href=\"https:\/\/morocco-excursion.com\/es\/car\/luxury-van\/\">Luxury Van<\/a><\/li>\n<li><a href=\"https:\/\/morocco-excursion.com\/es\/car\/bus-hire\/\">BUS HIRE<\/a><\/li>\n<li><a href=\"https:\/\/morocco-excursion.com\/es\/car\/rental-bus\/\">Rental Bus<\/a><\/li>\n<li><a href=\"https:\/\/morocco-excursion.com\/es\/car\/minivan\/\">8 Seats Minivan<\/a><\/li>\n<li><a href=\"https:\/\/morocco-excursion.com\/es\/car\/suv\/\">Luxury SUV 4x4<\/a><\/li>\n<li><a href=\"https:\/\/morocco-excursion.com\/es\/car\/family\/\">Family Car<\/a><\/li>\n<\/ul>\n<\/div>[\/vc_column_text][\/vc_column][\/vc_row][vc_row][vc_column][vc_column_text css=\u00bb\u00bb]<\/p>\n<ul>\n<li><strong><a href=\"https:\/\/morocco-excursion.com\/es\/\">Morocco Tours<\/a><\/strong><\/li>\n<li><strong><a href=\"https:\/\/morocco-excursion.com\/es\/\">Viajes a Marruecos<\/a><\/strong><\/li>\n<li><a href=\"https:\/\/morocco-excursion.com\/it\/\"><strong>Tour in Marocco<\/strong><\/a><\/li>\n<li><a href=\"https:\/\/morocco-excursion.com\/pt-br\/\"><strong>Viagens em Marrocos<\/strong><\/a><\/li>\n<li><a href=\"https:\/\/morocco-excursion.com\/fr\/\"><strong>Voyages au Maroc<\/strong><\/a><\/li>\n<\/ul>\n<p>[\/vc_column_text][\/vc_column][\/vc_row]<\/p>\n<\/div>","protected":false},"excerpt":{"rendered":"<p>[vc_row][vc_column width=\u00bb1\/3&#8243;][vc_column_text][\/vc_column_text][\/vc_column][vc_column width=\u00bb1\/3&#8243;][vc_column_text][\/vc_column_text][\/vc_column][vc_column width=\u00bb1\/3&#8243;][vc_column_text] [\/vc_column_text][\/vc_column][\/vc_row][vc_row][vc_column width=\u00bb1\/3&#8243;][vc_column_text][\/vc_column_text][\/vc_column][vc_column width=\u00bb1\/3&#8243;][vc_column_text][\/vc_column_text][\/vc_column][vc_column width=\u00bb1\/3&#8243;][vc_column_text][\/vc_column_text][\/vc_column][\/vc_row][vc_row][vc_column][vc_column_text][\/vc_column_text][\/vc_column][\/vc_row][vc_row][vc_column][vc_column_text css=\u00bb\u00bb] Morocco Tours Viajes a Marruecos Tour in Marocco Viagens em Marrocos Voyages au Maroc [\/vc_column_text][\/vc_column][\/vc_row]<\/p>\n","protected":false},"author":1,"featured_media":13712,"parent":0,"menu_order":0,"comment_status":"closed","ping_status":"closed","template":"template-home-modern.php","meta":{"footnotes":""},"class_list":["post-14751","page","type-page","status-publish","has-post-thumbnail","hentry"],"_links":{"self":[{"href":"https:\/\/morocco-excursion.com\/es\/wp-json\/wp\/v2\/pages\/14751","targetHints":{"allow":["GET"]}}],"collection":[{"href":"https:\/\/morocco-excursion.com\/es\/wp-json\/wp\/v2\/pages"}],"about":[{"href":"https:\/\/morocco-excursion.com\/es\/wp-json\/wp\/v2\/types\/page"}],"author":[{"embeddable":true,"href":"https:\/\/morocco-excursion.com\/es\/wp-json\/wp\/v2\/users\/1"}],"replies":[{"embeddable":true,"href":"https:\/\/morocco-excursion.com\/es\/wp-json\/wp\/v2\/comments?post=14751"}],"version-history":[{"count":0,"href":"https:\/\/morocco-excursion.com\/es\/wp-json\/wp\/v2\/pages\/14751\/revisions"}],"wp:featuredmedia":[{"embeddable":true,"href":"https:\/\/morocco-excursion.com\/es\/wp-json\/wp\/v2\/media\/13712"}],"wp:attachment":[{"href":"https:\/\/morocco-excursion.com\/es\/wp-json\/wp\/v2\/media?parent=14751"}],"curies":[{"name":"wp","href":"https:\/\/api.w.org\/{rel}","templated":true}]}}