{"id":16339,"date":"2025-08-07T11:09:18","date_gmt":"2025-08-07T11:09:18","guid":{"rendered":"https:\/\/morocco-excursion.com\/dmc-morocco\/"},"modified":"2025-08-08T11:36:44","modified_gmt":"2025-08-08T11:36:44","slug":"dmc-marruecos","status":"publish","type":"page","link":"https:\/\/morocco-excursion.com\/es\/dmc-marruecos\/","title":{"rendered":"Destination Management Company (DMC) Marruecos"},"content":{"rendered":"<div class=\"wpb-content-wrapper\"><p>[vc_row css=\u00bb.vc_custom_1703805246810{margin-top: 10px !important;}\u00bb][vc_column][vc_column_text css=\u00bb\u00bb]<\/p>\n<p>\u00bfEst\u00e1s planeando un viaje a Marruecos? Como empresa local de gesti\u00f3n de destinos con sede aqu\u00ed mismo, en Marruecos, te ofrecemos todo lo que necesitas para que tu viaje sea fluido, emocionante e inolvidable. Desde tours personalizados y viajes en grupo hasta experiencias de lujo, transporte privado y actividades locales aut\u00e9nticas, cubrimos todo el pa\u00eds, desde las monta\u00f1as del Alto Atlas hasta las dunas doradas del S\u00e1hara.<\/p>\n<p>Nuestro equipo vive y trabaja en Marruecos, por lo que conocemos la cultura, la historia y los tesoros ocultos que la mayor\u00eda de los viajeros se pierden. Vamos m\u00e1s all\u00e1 de las rutas tur\u00edsticas habituales para ofrecerte experiencias aut\u00e9nticas y significativas, como compartir una comida casera con una familia local, pasear por antiguas medinas con gu\u00edas expertos o aprender artesan\u00eda tradicional de la mano de h\u00e1biles artesanos. Tanto si buscas aventura, descubrimiento cultural o relajaci\u00f3n total, dise\u00f1amos cada viaje para que se adapte a tus intereses, ritmo y presupuesto.<\/p>\n<p>Con nosotros, no solo reservas servicios, sino que ganas un socio local que se encarga de todos los detalles, desde los traslados al aeropuerto hasta el alojamiento y la planificaci\u00f3n diaria. Obtienes un apoyo fiable, consejos sinceros y una experiencia personalizada en cada paso del camino. D\u00e9janos ayudarte a explorar el verdadero Marruecos, de forma c\u00f3moda, segura y a tu manera.<\/p>\n<h2>Servicios de DMC en Marruecos<\/h2>\n<table>\n<tbody>\n<tr>\n<th><a href=\"#tours\"><span style=\"vertical-align: inherit;\"><span style=\"vertical-align: inherit;\">Excursiones<\/span><\/span><\/a><\/th>\n<th><a href=\"#activities\"><span style=\"vertical-align: inherit;\"><span style=\"vertical-align: inherit;\">Actividades<\/span><\/span><\/a><\/th>\n<th><a href=\"#accommodation\"><span style=\"vertical-align: inherit;\"><span style=\"vertical-align: inherit;\">Alojamiento<\/span><\/span><\/a><\/th>\n<th><a href=\"#transportation\"><span style=\"vertical-align: inherit;\"><span style=\"vertical-align: inherit;\">Transporte<\/span><\/span><\/a><\/th>\n<\/tr>\n<tr>\n<td><span style=\"vertical-align: inherit;\"><span style=\"vertical-align: inherit;\">Tours privados<\/span><\/span><\/td>\n<td><span style=\"vertical-align: inherit;\"><span style=\"vertical-align: inherit;\">Paseo en camello<\/span><\/span><\/td>\n<td><span style=\"vertical-align: inherit;\"><span style=\"vertical-align: inherit;\">Campamentos<\/span><\/span><\/td>\n<td><span style=\"vertical-align: inherit;\"><span style=\"vertical-align: inherit;\">SUV<\/span><\/span><\/td>\n<\/tr>\n<tr>\n<td><span style=\"vertical-align: inherit;\"><span style=\"vertical-align: inherit;\">Viajes en grupo<\/span><\/span><\/td>\n<td><span style=\"vertical-align: inherit;\"><span style=\"vertical-align: inherit;\">Senderismo<\/span><\/span><\/td>\n<td><span style=\"vertical-align: inherit;\"><span style=\"vertical-align: inherit;\">Riads<\/span><\/span><\/td>\n<td><span style=\"vertical-align: inherit;\"><span style=\"vertical-align: inherit;\">Coches 4&#215;4<\/span><\/span><\/td>\n<\/tr>\n<tr>\n<td><span style=\"vertical-align: inherit;\"><span style=\"vertical-align: inherit;\">Tours personalizados<\/span><\/span><\/td>\n<td><span style=\"vertical-align: inherit;\"><span style=\"vertical-align: inherit;\">Quads<\/span><\/span><\/td>\n<td><span style=\"vertical-align: inherit;\"><span style=\"vertical-align: inherit;\">Hoteles de 3*<\/span><\/span><\/td>\n<td><span style=\"vertical-align: inherit;\"><span style=\"vertical-align: inherit;\">VAN<\/span><\/span><\/td>\n<\/tr>\n<tr>\n<td><span style=\"vertical-align: inherit;\"><span style=\"vertical-align: inherit;\">Visitas guiadas<\/span><\/span><\/td>\n<td><span style=\"vertical-align: inherit;\"><span style=\"vertical-align: inherit;\">Buggy<\/span><\/span><\/td>\n<td><span style=\"vertical-align: inherit;\"><span style=\"vertical-align: inherit;\">Hoteles de 4*<\/span><\/span><\/td>\n<td><span style=\"vertical-align: inherit;\"><span style=\"vertical-align: inherit;\">Minibuses<\/span><\/span><\/td>\n<\/tr>\n<tr>\n<td><span style=\"vertical-align: inherit;\"><span style=\"vertical-align: inherit;\">Tours de aventura<\/span><\/span><\/td>\n<td><span style=\"vertical-align: inherit;\"><span style=\"vertical-align: inherit;\">Globo aerost\u00e1tico<\/span><\/span><\/td>\n<td><span style=\"vertical-align: inherit;\"><span style=\"vertical-align: inherit;\">Hoteles de 5*<\/span><\/span><\/td>\n<td><span style=\"vertical-align: inherit;\"><span style=\"vertical-align: inherit;\">Autobuses<\/span><\/span><\/td>\n<\/tr>\n<\/tbody>\n<\/table>\n<p>[\/vc_column_text][\/vc_column][\/vc_row][vc_row el_id=\u00bbaccommodation\u00bb][vc_column][vc_column_text css=\u00bb\u00bb]<\/p>\n<h2>Alojamientos<\/h2>\n<p><span style=\"vertical-align: inherit;\"><span style=\"vertical-align: inherit;\">[\/vc_column_text][vc_column_text css=\u00bb\u00bb]\u00a0<\/span><\/span><\/p>\n<p>Ofrecemos una amplia gama de opciones de alojamiento en todo Marruecos para adaptarnos al estilo y presupuesto de cada viajero. Tanto si buscas una estancia sencilla como una escapada de lujo, tenemos lo que necesitas. Trabajamos con socios de confianza para ofrecerte desde campamentos tradicionales en el desierto hasta encantadores riads, hoteles boutique y resorts de alta gama.<\/p>\n<p>Para aquellos que buscan una experiencia \u00fanica, recomendamos alojarse en un <a href=\"https:\/\/es.wikipedia.org\/wiki\/Riad_(arquitectura)\" target=\"_blank\" rel=\"noopener\"><strong>riad<\/strong><\/a>, una casa tradicional marroqu\u00ed con patio interior, que se encuentra en medinas hist\u00f3ricas como Marrakech o Fez. Si te diriges al desierto, podemos organizar una noche bajo las estrellas en un campamento c\u00f3modo o de lujo, con tiendas privadas y entretenimiento local.<\/p>\n<p>Tambi\u00e9n ofrecemos una amplia selecci\u00f3n de hoteles, desde acogedoras opciones de 3 estrellas hasta cadenas internacionales de 5 estrellas y exclusivos hoteles de lujo con servicios de spa y gastronom\u00eda de alta calidad. No importa d\u00f3nde desee alojarse, ya sea en la ciudad, en la playa, en la monta\u00f1a o en el desierto, encontraremos la opci\u00f3n perfecta para usted.<\/p>\n<p>Nuestro objetivo es que su estancia en Marruecos sea lo m\u00e1s c\u00f3moda y memorable posible. Solo tiene que decirnos lo que busca y nosotros nos encargaremos del resto, hasta el m\u00e1s m\u00ednimo detalle.[\/vc_column_text][\/vc_column][vc_column width=\u00bb1\/3&#8243;][vc_single_image image=\u00bb16332&#8243; css=\u00bb\u00bb][\/vc_column][vc_column width=\u00bb1\/3&#8243;][vc_single_image image=\u00bb16327&#8243; css=\u00bb\u00bb][\/vc_column][vc_column width=\u00bb1\/3&#8243;][vc_single_image image=\u00bb16322&#8243; css=\u00bb\u00bb][\/vc_column][\/vc_row][vc_row][vc_column][vc_column_text css=\u00bb\u00bb]<\/p>\n<h2><span style=\"vertical-align: inherit;\"><span style=\"vertical-align: inherit;\">Transporte<\/span><\/span><\/h2>\n<p><span style=\"vertical-align: inherit;\"><span style=\"vertical-align: inherit;\">[\/vc_column_text][vc_column_text css=\u00bb\u00bb]<\/span><\/span><\/p>\n<p>En Morocco Exursions, ofrecemos todo tipo de servicios de transporte en Marruecos, adaptados a sus necesidades de viaje. Ya sea que desee explorar ciudades, ir a las monta\u00f1as o planificar una aventura en el desierto, podemos proporcionarle el veh\u00edculo adecuado, siempre con un conductor profesional y experimentado para garantizar su comodidad, seguridad y tranquilidad.<\/p>\n<p>Nuestra flota incluye una amplia gama de veh\u00edculos para satisfacer las necesidades de personas individuales, familias y grupos de cualquier tama\u00f1o. Ofrecemos modernos sedanes para visitas tur\u00edsticas y viajes de negocios, espaciosos SUV y 4&#215;4 para excursiones todoterreno y de monta\u00f1a, y c\u00f3modas furgonetas para grupos peque\u00f1os o familias. Para grupos m\u00e1s grandes, ofrecemos minibuses en buen estado, autobuses de tama\u00f1o completo y autocares de lujo equipados con todas las comodidades necesarias.<\/p>\n<p>Todos nuestros veh\u00edculos est\u00e1n limpios, climatizados, asegurados y se someten a un mantenimiento regular para cumplir con los est\u00e1ndares internacionales. Nuestros conductores son corteses, puntuales y conocen bien las carreteras y regiones locales, lo que garantiza un viaje tranquilo y sin estr\u00e9s.<\/p>\n<p>Tanto si necesita un traslado al aeropuerto, transporte durante todo el d\u00eda o un viaje por carretera de varios d\u00edas por todo el pa\u00eds, nosotros nos encargamos de todo. Con nosotros, desplazarse por Marruecos es sencillo, fiable y totalmente personalizado seg\u00fan su horario. Solo tiene que decirnos d\u00f3nde quiere ir y nosotros nos encargamos del resto.<\/p>\n<p>[\/vc_column_text][\/vc_column][vc_column width=\u00bb1\/3&#8243;][vc_single_image image=\u00bb14180&#8243; css=\u00bb\u00bb][\/vc_column][vc_column width=\u00bb1\/3&#8243;][vc_single_image image=\u00bb14165&#8243; css=\u00bb\u00bb][\/vc_column][vc_column width=\u00bb1\/3&#8243;][vc_single_image image=\u00bb14170&#8243; css=\u00bb\u00bb][\/vc_column][\/vc_row][vc_row el_id=\u00bbactivities\u00bb][vc_column][vc_column_text css=\u00bb\u00bb]<\/p>\n<h2><span style=\"vertical-align: inherit;\"><span style=\"vertical-align: inherit;\">Actividades<\/span><\/span><\/h2>\n<p><span style=\"vertical-align: inherit;\"><span style=\"vertical-align: inherit;\">[\/vc_column_text][vc_column_text css=\u00bb\u00bb]<\/span><\/span><\/p>\n<p>Ofrecemos una amplia gama de actividades tur\u00edsticas en todo Marruecos, adaptadas a todos los intereses y estilos de viaje. Tanto si busca aventura, cultura o algo intermedio, podemos organizar experiencias inolvidables que le mostrar\u00e1n lo mejor que Marruecos tiene para ofrecer.<\/p>\n<p>Para los amantes de la naturaleza y los amantes de las emociones fuertes, organizamos excursiones de senderismo por las monta\u00f1as del Atlas, paseos por el desierto a trav\u00e9s de las dunas y caminatas guiadas por valles remotos. Si prefiere algo m\u00e1s din\u00e1mico, ofrecemos recorridos en quad y buggy por el desierto, excursiones en bicicleta de monta\u00f1a y aventuras todoterreno en 4&#215;4.<\/p>\n<p>\u00bfBusca una perspectiva \u00fanica? Sobrevuele los impresionantes paisajes de Marrakech con un paseo en globo aerost\u00e1tico al amanecer. Es una experiencia que no olvidar\u00e1.<\/p>\n<p>Tambi\u00e9n ofrecemos actividades culturales muy interesantes. \u00danase a un chef local para una clase de cocina marroqu\u00ed, aprenda a preparar platos tradicionales como el taj\u00edn y el cusc\u00fas, o explore la vida en los pueblos con visitas culturales guiadas.<\/p>\n<p>Todas las actividades est\u00e1n gestionadas por socios locales de confianza y gu\u00edas profesionales que garantizan la seguridad, la comodidad y la autenticidad. Tanto si est\u00e1 organizando un viaje para una persona sola, una pareja, una familia o un grupo, creamos la combinaci\u00f3n perfecta de experiencias para adaptarnos a su viaje.<\/p>\n<p>[\/vc_column_text][\/vc_column][vc_column width=\u00bb1\/3&#8243;][vc_single_image image=\u00bb16302&#8243; css=\u00bb\u00bb][\/vc_column][vc_column width=\u00bb1\/3&#8243;][vc_single_image image=\u00bb16297&#8243; css=\u00bb\u00bb][\/vc_column][vc_column width=\u00bb1\/3&#8243;][vc_single_image image=\u00bb16292&#8243; css=\u00bb\u00bb][\/vc_column][\/vc_row][vc_row el_id=\u00bbtours\u00bb][vc_column][vc_column_text css=\u00bb\u00bb]<\/p>\n<h2>Rutas<\/h2>\n<p>[\/vc_column_text][vc_column_text css=\u00bb\u00bb]Nuestros <a href=\"https:\/\/morocco-excursion.com\/es\/\"><strong>viajes por Marruecos<\/strong><\/a> son flexibles y est\u00e1n dise\u00f1ados para adaptarse al horario y estilo de cada viajero. Tanto si dispone de un solo d\u00eda como de un mes completo para explorar, podemos crear el itinerario perfecto para usted. Ofrecemos desde excursiones cortas de un d\u00eda hasta aventuras de varios d\u00edas que duran 10, 15, 20 d\u00edas, o incluso un mes completo. Podr\u00e1 viajar a su propio ritmo, ver lo que m\u00e1s le interese y disfrutar de una experiencia fluida y bien organizada de principio a fin.<\/p>\n<p>Organizamos tours privados para personas individuales, parejas y familias que desean un viaje m\u00e1s personal, as\u00ed como tours en grupo para amigos, empresas o eventos especiales. Todos los tours se pueden personalizar para adaptarse a sus objetivos de viaje, tanto si le interesa la rica cultura, la historia o la naturaleza de Marruecos, como si simplemente desea una escapada relajante.<\/p>\n<p>Si busca algo m\u00e1s activo, tambi\u00e9n ofrecemos tours de aventura que incluyen senderismo, excursiones en camello, acampadas en el desierto y experiencias todoterreno. Sea cual sea el tipo de viaje con el que sue\u00f1a, lo haremos realidad.<\/p>\n<p>Con nuestro conocimiento local y nuestro equipo profesional, disfrutar\u00e1 de un viaje seguro, c\u00f3modo e inolvidable por Marruecos.[\/vc_column_text][\/vc_column][vc_column width=\u00bb1\/3&#8243;][vc_single_image image=\u00bb16317&#8243; css=\u00bb\u00bb][\/vc_column][vc_column width=\u00bb1\/3&#8243;][vc_single_image image=\u00bb16307&#8243; css=\u00bb\u00bb][\/vc_column][vc_column width=\u00bb1\/3&#8243;][vc_single_image image=\u00bb16312&#8243; css=\u00bb\u00bb][\/vc_column][\/vc_row][vc_row full_width=\u00bbstretch_row\u00bb css=\u00bb.vc_custom_1716470452866{background-color: #eaeef3 !important;}\u00bb][vc_column width=\u00bb2\/3&#8243;][vc_column_text css=\u00bb\u00bb]<\/p>\n<h3>Preguntas frecuentes<\/h3>\n<p>[\/vc_column_text][\/vc_column][vc_column width=\u00bb1\/3&#8243;][\/vc_column][\/vc_row][vc_row full_width=\u00bbstretch_row\u00bb css=\u00bb.vc_custom_1716470482444{background-color: #eaeef3 !important;}\u00bb][vc_column][vc_toggle title=\u00bb\u00bfQui\u00e9nes somos?\u00bb style=\u00bbarrow\u00bb open=\u00bbtrue\u00bb css=\u00bb\u00bb]Somos una empresa de gesti\u00f3n de destinos (DMC) en Marruecos. Una empresa especializada en la organizaci\u00f3n y gesti\u00f3n de servicios tur\u00edsticos, incluyendo log\u00edstica, alojamiento, excursiones, transporte y eventos para grupos corporativos, MICE (reuniones, incentivos, convenciones y exposiciones) y viajeros de ocio.[\/vc_toggle][vc_toggle title=\u00bb\u00bfPor qu\u00e9 deber\u00eda utilizar un DMC en Marruecos?\u00bb style=\u00bbarrow\u00bb css=\u00bb\u00bb]Contamos con un profundo conocimiento local, s\u00f3lidas relaciones con los proveedores y experiencia en la gesti\u00f3n de itinerarios complejos por Marruecos para grupos peque\u00f1os y grandes.[\/vc_toggle][vc_toggle title=\u00bb\u00bfQu\u00e9 servicios puede ofrecer una DMC en Marruecos?\u00bb style=\u00bbarrow\u00bb css=\u00bb\u00bb]Estos son los servicios que ofrecemos:<\/p>\n<ul>\n<li>Viajes corporativos y eventos MICE.<\/li>\n<li>Viajes personalizados y viajes de lujo.<\/li>\n<li>Transporte y traslados.<\/li>\n<li>Alojamiento.<\/li>\n<li>Actividades de team building.<\/li>\n<li>Experiencias culturales y de aventura.<\/li>\n<li>Gesti\u00f3n log\u00edstica y operativa.<\/li>\n<\/ul>\n<p>[\/vc_toggle][vc_toggle title=\u00bb\u00bfPuedes encargarte de grandes eventos corporativos?\u00bb style=\u00bbarrow\u00bb css=\u00bb\u00bb]S\u00ed, nos especializamos en eventos corporativos a gran escala, incluyendo conferencias, viajes de incentivo y lanzamientos de productos, con experiencia en lugares como Marrakech, Casablanca y Agadir.[\/vc_toggle][vc_toggle title=\u00bb\u00bfTrabaj\u00e1is con clientes internacionales?\u00bb style=\u00bbarrow\u00bb css=\u00bb\u00bb]Por supuesto, hemos prestado servicios a clientes de todo el mundo, incluyendo organizadores de eventos, agencias de viajes y empresas, ofreciendo asistencia multiling\u00fce.[\/vc_toggle][vc_toggle title=\u00bb\u00bfCu\u00e1les son los principales destinos en Marruecos para los servicios de DMC?\u00bb style=\u00bbarrow\u00bb css=\u00bb\u00bb]Estos son nuestros principales destinos:<\/p>\n<ol>\n<li>Marrakech (lujo y eventos)<\/li>\n<li>Casablanca (viajes corporativos)<\/li>\n<li>Fez (visitas culturales)<\/li>\n<li>Desierto del S\u00e1hara (viajes de aventura)<\/li>\n<li>Agadir y T\u00e1nger (costa y ocio)<\/li>\n<\/ol>\n<p>[\/vc_toggle][vc_toggle title=\u00bb\u00bfCu\u00e1l es la diferencia entre un DMC y un operador tur\u00edstico en Marruecos?\u00bb style=\u00bbarrow\u00bb css=\u00bb\u00bb]DMC: Especializado en la gesti\u00f3n integral de destinos (log\u00edstica, eventos, viajes corporativos).<\/p>\n<p>Operador tur\u00edstico: Se centra en paquetes tur\u00edsticos para viajeros individuales.[\/vc_toggle][vc_toggle title=\u00bb\u00bfC\u00f3mo pago?\u00bb style=\u00bbarrow\u00bb css=\u00bb\u00bb]Ofrecemos opciones de pago seguras y c\u00f3modas para sus reservas y servicios:<\/p>\n<p><strong>Tarjetas:<\/strong> Visa, Mastercard, Maestro (procesadas a trav\u00e9s de pasarelas de pago seguras).<br \/>\n<strong>PayPal, Revolut, Wise<\/strong>: pagos en l\u00ednea r\u00e1pidos y seguros (para clientes internacionales).<br \/>\n<strong>Transferencia bancaria<\/strong>: pagos bancarios directos (locales e internacionales).[\/vc_toggle][\/vc_column][\/vc_row][vc_row][vc_column]<div class=\"st-testimonial-new style-1 \">\r\n                <h3>Rese\u00f1as<\/h3>\r\n        <div class=\"owl-carousel st-testimonial-slider style-1 \">                <div class=\"item has-matchHeight\">\r\n                    <div class=\"author\">\r\n                                                <img decoding=\"async\" src=\"https:\/\/morocco-excursion.com\/wp-content\/uploads\/2021\/09\/TripAdvisor-Reviews-Morocco-Excursions-70x70.png\" alt=\"User Avatar\" title=\"\">\r\n                        <div class=\"author-meta\">\r\n                            <h4>OT Viajes<\/h4>\r\n                            <div class=\"star\">\r\n                                <i class=\"fa fa-star\"><\/i> <i class=\"fa fa-star\"><\/i> <i class=\"fa fa-star\"><\/i> <i class=\"fa fa-star\"><\/i> <i class=\"fa fa-star\"><\/i>                             <\/div>\r\n                        <\/div>\r\n                    <\/div>\r\n                                                <p>\r\n                                Hemos trabajado con esta agencia en varias ocasiones para nuestros clientes que viajan a Marruecos, y siempre ofrecen un servicio excepcional. Su experiencia local, su log\u00edstica impecable y su atenci\u00f3n al detalle garantizan experiencias inolvidables. Desde estancias de lujo hasta eventos corporativos, lo gestionan todo a la perfecci\u00f3n. \u00a1Muy recomendable para cualquiera que busque una DMC fiable en Marruecos!                            <\/p>\r\n                                            \r\n                <\/div>\r\n                            <div class=\"item has-matchHeight\">\r\n                    <div class=\"author\">\r\n                                                <img decoding=\"async\" src=\"https:\/\/morocco-excursion.com\/wp-content\/uploads\/2021\/09\/TripAdvisor-Reviews-Morocco-Excursions-70x70.png\" alt=\"User Avatar\" title=\"\">\r\n                        <div class=\"author-meta\">\r\n                            <h4>STP Tours<\/h4>\r\n                            <div class=\"star\">\r\n                                <i class=\"fa fa-star\"><\/i> <i class=\"fa fa-star\"><\/i> <i class=\"fa fa-star\"><\/i> <i class=\"fa fa-star\"><\/i> <i class=\"fa fa-star\"><\/i>                             <\/div>\r\n                        <\/div>\r\n                    <\/div>\r\n                                                <p>\r\n                                \u00a1Nuestros clientes disfrutaron de un inolvidable viaje de 10 d\u00edas por Marruecos! Desde los bulliciosos zocos de Marrakech hasta las tranquilas dunas del S\u00e1hara, todo estaba perfectamente organizado. Los lujosos riads, los gu\u00edas expertos y la log\u00edstica impecable hicieron que su viaje fuera realmente especial. Recomendamos encarecidamente esta agencia receptiva para disfrutar de una aut\u00e9ntica experiencia marroqu\u00ed sin complicaciones. \u00a1Estamos deseando planificar nuestra pr\u00f3xima aventura!                            <\/p>\r\n                                            \r\n                <\/div>\r\n                            <div class=\"item has-matchHeight\">\r\n                    <div class=\"author\">\r\n                                                <img decoding=\"async\" src=\"https:\/\/morocco-excursion.com\/wp-content\/uploads\/2021\/09\/TripAdvisor-Reviews-Morocco-Excursions-70x70.png\" alt=\"User Avatar\" title=\"\">\r\n                        <div class=\"author-meta\">\r\n                            <h4>Oriental Viajes<\/h4>\r\n                            <div class=\"star\">\r\n                                <i class=\"fa fa-star\"><\/i> <i class=\"fa fa-star\"><\/i> <i class=\"fa fa-star\"><\/i> <i class=\"fa fa-star\"><\/i> <i class=\"fa fa-star\"><\/i>                             <\/div>\r\n                        <\/div>\r\n                    <\/div>\r\n                                                <p>\r\n                                Confiamos en esta agencia receptiva para todos nuestros viajes a Marruecos: se encargan de todos los detalles a la perfecci\u00f3n, desde el transporte hasta el alojamiento. Nuestros clientes siempre quedan encantados con sus experiencias impecables y su servicio personalizado. Son muy profesionales, receptivos y conocen bien la zona. \u00a1Un verdadero socio para viajes inolvidables a Marruecos! 100 % recomendable.                            <\/p>\r\n                                            \r\n                <\/div>\r\n            <\/div><\/div>\r\n[\/vc_column][\/vc_row]<\/p>\n<\/div>","protected":false},"excerpt":{"rendered":"<p>[vc_row css=\u00bb.vc_custom_1703805246810{margin-top: 10px !important;}\u00bb][vc_column][vc_column_text css=\u00bb\u00bb] \u00bfEst\u00e1s planeando un viaje a Marruecos? Como empresa local de gesti\u00f3n de destinos con sede aqu\u00ed mismo, en Marruecos, te ofrecemos todo lo que necesitas para que tu viaje sea fluido, emocionante e inolvidable. Desde tours personalizados y viajes en grupo hasta experiencias de lujo, transporte privado y actividades locales [&hellip;]<\/p>\n","protected":false},"author":1,"featured_media":16285,"parent":0,"menu_order":0,"comment_status":"closed","ping_status":"closed","template":"template-home-modern.php","meta":{"footnotes":""},"class_list":["post-16339","page","type-page","status-publish","has-post-thumbnail","hentry"],"_links":{"self":[{"href":"https:\/\/morocco-excursion.com\/es\/wp-json\/wp\/v2\/pages\/16339","targetHints":{"allow":["GET"]}}],"collection":[{"href":"https:\/\/morocco-excursion.com\/es\/wp-json\/wp\/v2\/pages"}],"about":[{"href":"https:\/\/morocco-excursion.com\/es\/wp-json\/wp\/v2\/types\/page"}],"author":[{"embeddable":true,"href":"https:\/\/morocco-excursion.com\/es\/wp-json\/wp\/v2\/users\/1"}],"replies":[{"embeddable":true,"href":"https:\/\/morocco-excursion.com\/es\/wp-json\/wp\/v2\/comments?post=16339"}],"version-history":[{"count":0,"href":"https:\/\/morocco-excursion.com\/es\/wp-json\/wp\/v2\/pages\/16339\/revisions"}],"wp:featuredmedia":[{"embeddable":true,"href":"https:\/\/morocco-excursion.com\/es\/wp-json\/wp\/v2\/media\/16285"}],"wp:attachment":[{"href":"https:\/\/morocco-excursion.com\/es\/wp-json\/wp\/v2\/media?parent=16339"}],"curies":[{"name":"wp","href":"https:\/\/api.w.org\/{rel}","templated":true}]}}