{"id":14285,"date":"2021-09-25T07:50:31","date_gmt":"2021-09-25T07:50:31","guid":{"rendered":"https:\/\/www.morocco-excursion.com\/sitemap\/"},"modified":"2025-07-30T16:20:05","modified_gmt":"2025-07-30T16:20:05","slug":"sitemap","status":"publish","type":"page","link":"https:\/\/morocco-excursion.com\/fr\/sitemap\/","title":{"rendered":"Plan du site"},"content":{"rendered":"<div class=\"wpb-content-wrapper\"><p>[vc_row][vc_column width=\u00a0\u00bb1\/3&Prime;][vc_column_text]<div class=\"wsp-container\"><h2 class=\"wsp-pages-title\">Pages<\/h2>\n<ul class=\"wsp-pages-list\">\n<li class=\"page_item page-item-14256\"><a href=\"https:\/\/morocco-excursion.com\/fr\/agence\/\">Agence de voyage au Maroc<\/a><\/li>\n<li class=\"page_item page-item-14826\"><a href=\"https:\/\/morocco-excursion.com\/fr\/reviews\/\">Avis<\/a><\/li>\n<li class=\"page_item page-item-14239\"><a href=\"https:\/\/morocco-excursion.com\/fr\/circuits-au-maroc\/\">Circuits Au Maroc<\/a><\/li>\n<li class=\"page_item page-item-16149\"><a href=\"https:\/\/morocco-excursion.com\/fr\/circuit-desert-maroc\/\">Circuits dans le d\u00e9sert du Maroc<\/a><\/li>\n<li class=\"page_item page-item-14265\"><a href=\"https:\/\/morocco-excursion.com\/fr\/contact\/\">Contact<\/a><\/li>\n<li class=\"page_item page-item-16360\"><a href=\"https:\/\/morocco-excursion.com\/fr\/dmc-maroc\/\">Destination Management Company (DMC) Maroc<\/a><\/li>\n<li class=\"page_item page-item-14242\"><a href=\"https:\/\/morocco-excursion.com\/fr\/experiences\/\">Experiences<\/a><\/li>\n<li class=\"page_item page-item-14260\"><a href=\"https:\/\/morocco-excursion.com\/fr\/faqs\/\">FAQs<\/a><\/li>\n<li class=\"page_item page-item-15425\"><a href=\"https:\/\/morocco-excursion.com\/fr\/location-de-voitures\/\">Louer voitures avec chauffeur au Maroc (Prix et disponibilit\u00e9)<\/a><\/li>\n<li class=\"page_item page-item-14285\"><a href=\"https:\/\/morocco-excursion.com\/fr\/sitemap\/\">Plan du site<\/a><\/li>\n<li class=\"page_item page-item-14852\"><a href=\"https:\/\/morocco-excursion.com\/fr\/randonnee-dromadaires\/\">Randonn\u00e9e Chameli\u00e8re au Maroc<\/a><\/li>\n<li class=\"page_item page-item-14226\"><a href=\"https:\/\/morocco-excursion.com\/fr\/\">Voyages au Maroc<\/a><\/li>\n<\/ul>\n<\/div>[\/vc_column_text][\/vc_column][vc_column width=\u00a0\u00bb1\/3&Prime;][vc_column_text]<div class=\"wsp-container\"><\/div>[\/vc_column_text][\/vc_column][vc_column width=\u00a0\u00bb1\/3&Prime;][vc_column_text]<\/p>\n<ul>\n<li><div class=\"wsp-container\"><h2 class=\"wsp-posts-title\">Articles par cat\u00e9gorie<\/h2>\n<ul class=\"wsp-posts-list\">\n\t<li><strong class=\"wsp-category-title\">Cat\u00e9gorie\u00a0: <a href=\"https:\/\/morocco-excursion.com\/fr\/category\/non-classifiee\/\">Non classifi\u00e9(e)<\/a><\/strong>\n<ul class=\"wsp-posts-list\">\t\t<li class=\"wsp-post\"><a href=\"https:\/\/morocco-excursion.com\/fr\/les-10-merveilles-du-maroc-a-decouvrir\/\">Les 10 merveilles du Maroc \u00e0 d\u00e9couvrir<\/a><\/li>\n<\/ul><\/li>\n<\/ul>\n<\/div><\/li>\n<\/ul>\n<p>[\/vc_column_text][\/vc_column][\/vc_row][vc_row][vc_column width=\u00a0\u00bb1\/3&Prime;][vc_column_text]<div class=\"wsp-container\"><h2 class=\"wsp-st_tourss-title\">Tours<\/h2>\n<ul class=\"wsp-st_tourss-list\">\n<li><a href=\"https:\/\/morocco-excursion.com\/fr\/tours\/diner-romantique\/\">Coucher de soleil et d\u00eener romantique dans le d\u00e9sert, Merzouga<\/a><\/li>\n<li><a href=\"https:\/\/morocco-excursion.com\/fr\/tours\/excursion-oasis\/\">Excursion \u00e0 l'oasis de Safsaf dans le d\u00e9sert de Merzouga<\/a><\/li>\n<li><a href=\"https:\/\/morocco-excursion.com\/fr\/tours\/conduire-4x4-desert\/\">Louez un 4x4 et conduisez dans le d\u00e9sert de Merzouga<\/a><\/li>\n<li><a href=\"https:\/\/morocco-excursion.com\/fr\/tours\/10-jours-depart-marrakech\/\">10 Jours de Marrakech au d\u00e9sert, F\u00e8s, Chefchaouen et Rabat<\/a><\/li>\n<li><a href=\"https:\/\/morocco-excursion.com\/fr\/tours\/excursions-4x4-merzouga\/\">Excursions 4x4 hors piste dans le d\u00e9sert de Merzouga<\/a><\/li>\n<li><a href=\"https:\/\/morocco-excursion.com\/fr\/tours\/excursion-buggy-merzouga\/\">Excursions au d\u00e9sert et location de buggy a Merzouga<\/a><\/li>\n<li><a href=\"https:\/\/morocco-excursion.com\/fr\/tours\/excursion-quad-merzouga\/\">Excursions en quads (ATV) dans le d\u00e9sert de Merzouga<\/a><\/li>\n<li><a href=\"https:\/\/morocco-excursion.com\/fr\/tours\/semaine-desert\/\">Semaine dans le d\u00e9sert, Maroc (Balade en chameau, 4x4, Quad)<\/a><\/li>\n<li><a href=\"https:\/\/morocco-excursion.com\/fr\/tours\/4-jours-desert\/\">Circuit de 4 jours dans le d\u00e9sert sauvage de Merzouga<\/a><\/li>\n<li><a href=\"https:\/\/morocco-excursion.com\/fr\/tours\/2-jours-trek-desert\/\">Trek de 2 jours dans le d\u00e9sert de Merzouga (Maroc)<\/a><\/li>\n<li><a href=\"https:\/\/morocco-excursion.com\/fr\/tours\/5-jours-trekking-desert\/\">Randonn\u00e9e \/ trek de 5 jours dans le d\u00e9sert du Sahara (Maroc)<\/a><\/li>\n<li><a href=\"https:\/\/morocco-excursion.com\/fr\/tours\/excursion-merzouga-3-jours\/\">Excursion en quad, 4x4 &amp; chameau \u00e0 Merzouga (3 Jours)<\/a><\/li>\n<li><a href=\"https:\/\/morocco-excursion.com\/fr\/tours\/balade-chameau-merzouga\/\">Blade \u00e0 dos de chameau \u00e0 Merzouga et nuit au d\u00e9sert<\/a><\/li>\n<li><a href=\"https:\/\/morocco-excursion.com\/fr\/tours\/30-jours-de-casablanca\/\">Circuit de 30 jours d\u00e9part de Casablanca (Un mois au Maroc)<\/a><\/li>\n<li><a href=\"https:\/\/morocco-excursion.com\/fr\/tours\/20-jours-de-casablanca\/\">Circuit de 20 jours de Casablanca (Le meilleur du Maroc)<\/a><\/li>\n<li><a href=\"https:\/\/morocco-excursion.com\/fr\/tours\/15-jours-de-casablanca\/\">Circuit de 15 jours au d\u00e9part de Casablanca (Le Grand Maroc)<\/a><\/li>\n<li><a href=\"https:\/\/morocco-excursion.com\/fr\/tours\/12-jours-de-casablanca\/\">12 Jours de Casablanca vers Chaouen, F\u00e8s, d\u00e9sert &amp; l'oc\u00e9an<\/a><\/li>\n<li><a href=\"https:\/\/morocco-excursion.com\/fr\/tours\/10-jours-casablanca\/\">Circuit de 10 jours de Casablanca vers le nord &amp; sud<\/a><\/li>\n<li><a href=\"https:\/\/morocco-excursion.com\/fr\/tours\/8-jours-de-casablanca\/\">8 Jours de Casablanca aux villes imp\u00e9riales &amp; d\u00e9sert<\/a><\/li>\n<li><a href=\"https:\/\/morocco-excursion.com\/fr\/tours\/7-jours-de-casablanca\/\">Circuit de 7 jours de Casablanca a les villes imp\u00e9riales et sud<\/a><\/li>\n<li><a href=\"https:\/\/morocco-excursion.com\/fr\/tours\/6-jours-de-casablanca\/\">6 Jours circuit de Casablanca \u00e0 Marrakech via F\u00e8s &amp; d\u00e9sert<\/a><\/li>\n<li><a href=\"https:\/\/morocco-excursion.com\/fr\/tours\/4-jours-de-casablanca\/\">Circuit de 4 jours de Casablanca \u00e0 F\u00e8s et Chefchaouen<\/a><\/li>\n<li><a href=\"https:\/\/morocco-excursion.com\/fr\/tours\/8-jours-de-fes\/\">Circuit de 8 jours de F\u00e8s \u00e0 Marrakech via Chefchaouen et d\u00e9sert<\/a><\/li>\n<li><a href=\"https:\/\/morocco-excursion.com\/fr\/tours\/5-jours-fes-marrakech\/\">Circuit de 5 jours de F\u00e8s \u00e0 Marrakech via le d\u00e9sert<\/a><\/li>\n<li><a href=\"https:\/\/morocco-excursion.com\/fr\/tours\/5-jours-fes-desert\/\">Circuit de 5 jours dans le d\u00e9sert d\u00e9part de F\u00e8s vers le sud<\/a><\/li>\n<li><a href=\"https:\/\/morocco-excursion.com\/fr\/tours\/4-jours-fes-marrakech\/\">Circuit d\u00e9sert de 4 jours de F\u00e8s \u00e0 Marrakech via le sud<\/a><\/li>\n<li><a href=\"https:\/\/morocco-excursion.com\/fr\/tours\/4-jours-fes-desert\/\">Circuit de 4 jours dans le d\u00e9sert du Sahara au d\u00e9part de F\u00e8s<\/a><\/li>\n<li><a href=\"https:\/\/morocco-excursion.com\/fr\/tours\/3-jours-fes-marrakech\/\">Voyage de 3 jours dans le d\u00e9sert de F\u00e8s \u00e0 Marrakech<\/a><\/li>\n<li><a href=\"https:\/\/morocco-excursion.com\/fr\/tours\/3-jours-fes-merzouga\/\">Circuit de 3 jours de F\u00e8s au d\u00e9sert de Merzouga (Erg Chebbi)<\/a><\/li>\n<li><a href=\"https:\/\/morocco-excursion.com\/fr\/tours\/1-jour-a-chefchaouen\/\">Excursion d'une journ\u00e9e de F\u00e8s \u00e0 Chefchaouen (La ville bleue)<\/a><\/li>\n<li><a href=\"https:\/\/morocco-excursion.com\/fr\/tours\/excursion-a-ourika\/\">Excursion d'une journ\u00e9e de Marrakech \u00e0 Ourika<\/a><\/li>\n<li><a href=\"https:\/\/morocco-excursion.com\/fr\/tours\/excursion-a-ait-ben-haddou\/\">Excursion d'une journ\u00e9e d\u00e9part Marrakech \u00e0 Ait Ben Haddou<\/a><\/li>\n<li><a href=\"https:\/\/morocco-excursion.com\/fr\/tours\/excursion-a-imlil\/\">Excursion d'une Journ\u00e9e \u00e0 Imlil depuis Marrakech<\/a><\/li>\n<li><a href=\"https:\/\/morocco-excursion.com\/fr\/tours\/excursion-ouzoud\/\">Excursion de 1 jour de Marrakech a cascades d'Ouzoud<\/a><\/li>\n<li><a href=\"https:\/\/morocco-excursion.com\/fr\/tours\/excurision-a-essaouira\/\">Excursion d'une journ\u00e9e de Marrakech \u00e0 Essaouira<\/a><\/li>\n<li><a href=\"https:\/\/morocco-excursion.com\/fr\/tours\/12-jours-de-marrakech\/\">12 Jours de Marrakech vers les villes imp\u00e9riales, sud et nord<\/a><\/li>\n<li><a href=\"https:\/\/morocco-excursion.com\/fr\/tours\/10-jours-de-marrakech\/\">Circuit de 10 jours de Marrakech \u00e0 l'atlas d\u00e9sert et l'oc\u00e9an<\/a><\/li>\n<li><a href=\"https:\/\/morocco-excursion.com\/fr\/tours\/8-jours-de-marrakech\/\">Circuit de 8 jours pour visiter Marrakech et le d\u00e9sert<\/a><\/li>\n<li><a href=\"https:\/\/morocco-excursion.com\/fr\/tours\/6-jours-marrakech-sud\/\">Voyage de 6 jours de Marrakech vers le sud et d\u00e9sert<\/a><\/li>\n<li><a href=\"https:\/\/morocco-excursion.com\/fr\/tours\/5-jours-marrakech-fes\/\">Voyage de 5 jours dans le d\u00e9sert de Marrakech \u00e0 F\u00e8s<\/a><\/li>\n<li><a href=\"https:\/\/morocco-excursion.com\/fr\/tours\/5-jours-marrakech-desert\/\">Circuit d\u00e9sert de 5 jours au d\u00e9part de Marrakech<\/a><\/li>\n<li><a href=\"https:\/\/morocco-excursion.com\/fr\/tours\/4-jours-marrakech-fes\/\">Circuit de 4 jours de Marrakech \u00e0 F\u00e8s via le d\u00e9sert<\/a><\/li>\n<li><a href=\"https:\/\/morocco-excursion.com\/fr\/tours\/4-jours-marrakech-desert\/\">Circuit de 4 jours dans le d\u00e9sert d\u00e9part de Marrakech<\/a><\/li>\n<li><a href=\"https:\/\/morocco-excursion.com\/fr\/tours\/3-jours-marrakech-fes\/\">Circuit de 3 jours de Marrakech \u00e0 F\u00e8s via le d\u00e9sert<\/a><\/li>\n<li><a href=\"https:\/\/morocco-excursion.com\/fr\/tours\/3-jours-marrakech-to-merzouga\/\">Circuit de 3 jours d\u00e9part de Marrakech vers le d\u00e9sert<\/a><\/li>\n<li><a href=\"https:\/\/morocco-excursion.com\/fr\/tours\/2-jours-marrakech-zagora\/\">Circuit d\u00e9sert de 2 jours de Marrakech vers Zagora<\/a><\/li>\n<\/ul>\n<\/div>[\/vc_column_text][\/vc_column][vc_column width=\u00a0\u00bb1\/3&Prime;][vc_column_text]<div class=\"wsp-container\"><h2 class=\"wsp-categories-title\">Cat\u00e9gories<\/h2>\n<ul class=\"wsp-categories-list\">\n\t<li><a href=\"https:\/\/morocco-excursion.com\/fr\/category\/non-classifiee\/\">Non classifi\u00e9(e)<\/a><\/li>\n<\/ul>\n<\/div>[\/vc_column_text][\/vc_column][vc_column width=\u00a0\u00bb1\/3&Prime;][vc_column_text]<div class=\"wsp-container\"><\/div>[\/vc_column_text][\/vc_column][\/vc_row][vc_row][vc_column][vc_column_text]<div class=\"wsp-container\"><h2 class=\"wsp-pages-title\">Pages<\/h2>\n<ul class=\"wsp-pages-list\">\n<li class=\"page_item page-item-14256\"><a href=\"https:\/\/morocco-excursion.com\/fr\/agence\/\">Agence de voyage au Maroc<\/a><\/li>\n<li class=\"page_item page-item-14826\"><a href=\"https:\/\/morocco-excursion.com\/fr\/reviews\/\">Avis<\/a><\/li>\n<li class=\"page_item page-item-14239\"><a href=\"https:\/\/morocco-excursion.com\/fr\/circuits-au-maroc\/\">Circuits Au Maroc<\/a><\/li>\n<li class=\"page_item page-item-16149\"><a href=\"https:\/\/morocco-excursion.com\/fr\/circuit-desert-maroc\/\">Circuits dans le d\u00e9sert du Maroc<\/a><\/li>\n<li class=\"page_item page-item-14265\"><a href=\"https:\/\/morocco-excursion.com\/fr\/contact\/\">Contact<\/a><\/li>\n<li class=\"page_item page-item-16360\"><a href=\"https:\/\/morocco-excursion.com\/fr\/dmc-maroc\/\">Destination Management Company (DMC) Maroc<\/a><\/li>\n<li class=\"page_item page-item-14242\"><a href=\"https:\/\/morocco-excursion.com\/fr\/experiences\/\">Experiences<\/a><\/li>\n<li class=\"page_item page-item-14260\"><a href=\"https:\/\/morocco-excursion.com\/fr\/faqs\/\">FAQs<\/a><\/li>\n<li class=\"page_item page-item-15425\"><a href=\"https:\/\/morocco-excursion.com\/fr\/location-de-voitures\/\">Louer voitures avec chauffeur au Maroc (Prix et disponibilit\u00e9)<\/a><\/li>\n<li class=\"page_item page-item-14285\"><a href=\"https:\/\/morocco-excursion.com\/fr\/sitemap\/\">Plan du site<\/a><\/li>\n<li class=\"page_item page-item-14852\"><a href=\"https:\/\/morocco-excursion.com\/fr\/randonnee-dromadaires\/\">Randonn\u00e9e Chameli\u00e8re au Maroc<\/a><\/li>\n<li class=\"page_item page-item-14226\"><a href=\"https:\/\/morocco-excursion.com\/fr\/\">Voyages au Maroc<\/a><\/li>\n<\/ul>\n<h2 class=\"wsp-posts-title\">Articles par cat\u00e9gorie<\/h2>\n<ul class=\"wsp-posts-list\">\n\t<li><strong class=\"wsp-category-title\">Cat\u00e9gorie\u00a0: <a href=\"https:\/\/morocco-excursion.com\/fr\/category\/non-classifiee\/\">Non classifi\u00e9(e)<\/a><\/strong>\n<ul class=\"wsp-posts-list\">\t\t<li class=\"wsp-post\"><a href=\"https:\/\/morocco-excursion.com\/fr\/les-10-merveilles-du-maroc-a-decouvrir\/\">Les 10 merveilles du Maroc \u00e0 d\u00e9couvrir<\/a><\/li>\n<\/ul><\/li>\n<\/ul>\n<h2 class=\"wsp-st_tourss-title\">Tours<\/h2>\n<ul class=\"wsp-st_tourss-list\">\n<li><a href=\"https:\/\/morocco-excursion.com\/fr\/tours\/diner-romantique\/\">Coucher de soleil et d\u00eener romantique dans le d\u00e9sert, Merzouga<\/a><\/li>\n<li><a href=\"https:\/\/morocco-excursion.com\/fr\/tours\/excursion-oasis\/\">Excursion \u00e0 l'oasis de Safsaf dans le d\u00e9sert de Merzouga<\/a><\/li>\n<li><a href=\"https:\/\/morocco-excursion.com\/fr\/tours\/conduire-4x4-desert\/\">Louez un 4x4 et conduisez dans le d\u00e9sert de Merzouga<\/a><\/li>\n<li><a href=\"https:\/\/morocco-excursion.com\/fr\/tours\/10-jours-depart-marrakech\/\">10 Jours de Marrakech au d\u00e9sert, F\u00e8s, Chefchaouen et Rabat<\/a><\/li>\n<li><a href=\"https:\/\/morocco-excursion.com\/fr\/tours\/excursions-4x4-merzouga\/\">Excursions 4x4 hors piste dans le d\u00e9sert de Merzouga<\/a><\/li>\n<li><a href=\"https:\/\/morocco-excursion.com\/fr\/tours\/excursion-buggy-merzouga\/\">Excursions au d\u00e9sert et location de buggy a Merzouga<\/a><\/li>\n<li><a href=\"https:\/\/morocco-excursion.com\/fr\/tours\/excursion-quad-merzouga\/\">Excursions en quads (ATV) dans le d\u00e9sert de Merzouga<\/a><\/li>\n<li><a href=\"https:\/\/morocco-excursion.com\/fr\/tours\/semaine-desert\/\">Semaine dans le d\u00e9sert, Maroc (Balade en chameau, 4x4, Quad)<\/a><\/li>\n<li><a href=\"https:\/\/morocco-excursion.com\/fr\/tours\/4-jours-desert\/\">Circuit de 4 jours dans le d\u00e9sert sauvage de Merzouga<\/a><\/li>\n<li><a href=\"https:\/\/morocco-excursion.com\/fr\/tours\/2-jours-trek-desert\/\">Trek de 2 jours dans le d\u00e9sert de Merzouga (Maroc)<\/a><\/li>\n<li><a href=\"https:\/\/morocco-excursion.com\/fr\/tours\/5-jours-trekking-desert\/\">Randonn\u00e9e \/ trek de 5 jours dans le d\u00e9sert du Sahara (Maroc)<\/a><\/li>\n<li><a href=\"https:\/\/morocco-excursion.com\/fr\/tours\/excursion-merzouga-3-jours\/\">Excursion en quad, 4x4 &amp; chameau \u00e0 Merzouga (3 Jours)<\/a><\/li>\n<li><a href=\"https:\/\/morocco-excursion.com\/fr\/tours\/balade-chameau-merzouga\/\">Blade \u00e0 dos de chameau \u00e0 Merzouga et nuit au d\u00e9sert<\/a><\/li>\n<li><a href=\"https:\/\/morocco-excursion.com\/fr\/tours\/30-jours-de-casablanca\/\">Circuit de 30 jours d\u00e9part de Casablanca (Un mois au Maroc)<\/a><\/li>\n<li><a href=\"https:\/\/morocco-excursion.com\/fr\/tours\/20-jours-de-casablanca\/\">Circuit de 20 jours de Casablanca (Le meilleur du Maroc)<\/a><\/li>\n<li><a href=\"https:\/\/morocco-excursion.com\/fr\/tours\/15-jours-de-casablanca\/\">Circuit de 15 jours au d\u00e9part de Casablanca (Le Grand Maroc)<\/a><\/li>\n<li><a href=\"https:\/\/morocco-excursion.com\/fr\/tours\/12-jours-de-casablanca\/\">12 Jours de Casablanca vers Chaouen, F\u00e8s, d\u00e9sert &amp; l'oc\u00e9an<\/a><\/li>\n<li><a href=\"https:\/\/morocco-excursion.com\/fr\/tours\/10-jours-casablanca\/\">Circuit de 10 jours de Casablanca vers le nord &amp; sud<\/a><\/li>\n<li><a href=\"https:\/\/morocco-excursion.com\/fr\/tours\/8-jours-de-casablanca\/\">8 Jours de Casablanca aux villes imp\u00e9riales &amp; d\u00e9sert<\/a><\/li>\n<li><a href=\"https:\/\/morocco-excursion.com\/fr\/tours\/7-jours-de-casablanca\/\">Circuit de 7 jours de Casablanca a les villes imp\u00e9riales et sud<\/a><\/li>\n<li><a href=\"https:\/\/morocco-excursion.com\/fr\/tours\/6-jours-de-casablanca\/\">6 Jours circuit de Casablanca \u00e0 Marrakech via F\u00e8s &amp; d\u00e9sert<\/a><\/li>\n<li><a href=\"https:\/\/morocco-excursion.com\/fr\/tours\/4-jours-de-casablanca\/\">Circuit de 4 jours de Casablanca \u00e0 F\u00e8s et Chefchaouen<\/a><\/li>\n<li><a href=\"https:\/\/morocco-excursion.com\/fr\/tours\/8-jours-de-fes\/\">Circuit de 8 jours de F\u00e8s \u00e0 Marrakech via Chefchaouen et d\u00e9sert<\/a><\/li>\n<li><a href=\"https:\/\/morocco-excursion.com\/fr\/tours\/5-jours-fes-marrakech\/\">Circuit de 5 jours de F\u00e8s \u00e0 Marrakech via le d\u00e9sert<\/a><\/li>\n<li><a href=\"https:\/\/morocco-excursion.com\/fr\/tours\/5-jours-fes-desert\/\">Circuit de 5 jours dans le d\u00e9sert d\u00e9part de F\u00e8s vers le sud<\/a><\/li>\n<li><a href=\"https:\/\/morocco-excursion.com\/fr\/tours\/4-jours-fes-marrakech\/\">Circuit d\u00e9sert de 4 jours de F\u00e8s \u00e0 Marrakech via le sud<\/a><\/li>\n<li><a href=\"https:\/\/morocco-excursion.com\/fr\/tours\/4-jours-fes-desert\/\">Circuit de 4 jours dans le d\u00e9sert du Sahara au d\u00e9part de F\u00e8s<\/a><\/li>\n<li><a href=\"https:\/\/morocco-excursion.com\/fr\/tours\/3-jours-fes-marrakech\/\">Voyage de 3 jours dans le d\u00e9sert de F\u00e8s \u00e0 Marrakech<\/a><\/li>\n<li><a href=\"https:\/\/morocco-excursion.com\/fr\/tours\/3-jours-fes-merzouga\/\">Circuit de 3 jours de F\u00e8s au d\u00e9sert de Merzouga (Erg Chebbi)<\/a><\/li>\n<li><a href=\"https:\/\/morocco-excursion.com\/fr\/tours\/1-jour-a-chefchaouen\/\">Excursion d'une journ\u00e9e de F\u00e8s \u00e0 Chefchaouen (La ville bleue)<\/a><\/li>\n<li><a href=\"https:\/\/morocco-excursion.com\/fr\/tours\/excursion-a-ourika\/\">Excursion d'une journ\u00e9e de Marrakech \u00e0 Ourika<\/a><\/li>\n<li><a href=\"https:\/\/morocco-excursion.com\/fr\/tours\/excursion-a-ait-ben-haddou\/\">Excursion d'une journ\u00e9e d\u00e9part Marrakech \u00e0 Ait Ben Haddou<\/a><\/li>\n<li><a href=\"https:\/\/morocco-excursion.com\/fr\/tours\/excursion-a-imlil\/\">Excursion d'une Journ\u00e9e \u00e0 Imlil depuis Marrakech<\/a><\/li>\n<li><a href=\"https:\/\/morocco-excursion.com\/fr\/tours\/excursion-ouzoud\/\">Excursion de 1 jour de Marrakech a cascades d'Ouzoud<\/a><\/li>\n<li><a href=\"https:\/\/morocco-excursion.com\/fr\/tours\/excurision-a-essaouira\/\">Excursion d'une journ\u00e9e de Marrakech \u00e0 Essaouira<\/a><\/li>\n<li><a href=\"https:\/\/morocco-excursion.com\/fr\/tours\/12-jours-de-marrakech\/\">12 Jours de Marrakech vers les villes imp\u00e9riales, sud et nord<\/a><\/li>\n<li><a href=\"https:\/\/morocco-excursion.com\/fr\/tours\/10-jours-de-marrakech\/\">Circuit de 10 jours de Marrakech \u00e0 l'atlas d\u00e9sert et l'oc\u00e9an<\/a><\/li>\n<li><a href=\"https:\/\/morocco-excursion.com\/fr\/tours\/8-jours-de-marrakech\/\">Circuit de 8 jours pour visiter Marrakech et le d\u00e9sert<\/a><\/li>\n<li><a href=\"https:\/\/morocco-excursion.com\/fr\/tours\/6-jours-marrakech-sud\/\">Voyage de 6 jours de Marrakech vers le sud et d\u00e9sert<\/a><\/li>\n<li><a href=\"https:\/\/morocco-excursion.com\/fr\/tours\/5-jours-marrakech-fes\/\">Voyage de 5 jours dans le d\u00e9sert de Marrakech \u00e0 F\u00e8s<\/a><\/li>\n<li><a href=\"https:\/\/morocco-excursion.com\/fr\/tours\/5-jours-marrakech-desert\/\">Circuit d\u00e9sert de 5 jours au d\u00e9part de Marrakech<\/a><\/li>\n<li><a href=\"https:\/\/morocco-excursion.com\/fr\/tours\/4-jours-marrakech-fes\/\">Circuit de 4 jours de Marrakech \u00e0 F\u00e8s via le d\u00e9sert<\/a><\/li>\n<li><a href=\"https:\/\/morocco-excursion.com\/fr\/tours\/4-jours-marrakech-desert\/\">Circuit de 4 jours dans le d\u00e9sert d\u00e9part de Marrakech<\/a><\/li>\n<li><a href=\"https:\/\/morocco-excursion.com\/fr\/tours\/3-jours-marrakech-fes\/\">Circuit de 3 jours de Marrakech \u00e0 F\u00e8s via le d\u00e9sert<\/a><\/li>\n<li><a href=\"https:\/\/morocco-excursion.com\/fr\/tours\/3-jours-marrakech-to-merzouga\/\">Circuit de 3 jours d\u00e9part de Marrakech vers le d\u00e9sert<\/a><\/li>\n<li><a href=\"https:\/\/morocco-excursion.com\/fr\/tours\/2-jours-marrakech-zagora\/\">Circuit d\u00e9sert de 2 jours de Marrakech vers Zagora<\/a><\/li>\n<\/ul>\n<h2 class=\"wsp-st_carss-title\">Cars<\/h2>\n<ul class=\"wsp-st_carss-list\">\n<li><a href=\"https:\/\/morocco-excursion.com\/fr\/car\/pick-up\/\">Pickup Truck<\/a><\/li>\n<li><a href=\"https:\/\/morocco-excursion.com\/fr\/car\/normal-car\/\">Normal Car<\/a><\/li>\n<li><a href=\"https:\/\/morocco-excursion.com\/fr\/car\/normal-4x4\/\">normal-4x4<\/a><\/li>\n<li><a href=\"https:\/\/morocco-excursion.com\/fr\/car\/taxi\/\">Taxi<\/a><\/li>\n<li><a href=\"https:\/\/morocco-excursion.com\/fr\/car\/luxury-van\/\">Luxury Van<\/a><\/li>\n<li><a href=\"https:\/\/morocco-excursion.com\/fr\/car\/bus-hire\/\">BUS HIRE<\/a><\/li>\n<li><a href=\"https:\/\/morocco-excursion.com\/fr\/car\/rental-bus\/\">Rental Bus<\/a><\/li>\n<li><a href=\"https:\/\/morocco-excursion.com\/fr\/car\/minivan\/\">8 Seats Minivan<\/a><\/li>\n<li><a href=\"https:\/\/morocco-excursion.com\/fr\/car\/suv\/\">Luxury SUV 4x4<\/a><\/li>\n<li><a href=\"https:\/\/morocco-excursion.com\/fr\/car\/family\/\">Family Car<\/a><\/li>\n<\/ul>\n<\/div>[\/vc_column_text][\/vc_column][\/vc_row][vc_row][vc_column][vc_column_text css=\u00a0\u00bb\u00a0\u00bb]<\/p>\n<ul>\n<li><strong><a href=\"https:\/\/morocco-excursion.com\/fr\/\">Morocco Tours<\/a><\/strong><\/li>\n<li><strong><a href=\"https:\/\/morocco-excursion.com\/es\/\">Viajes a Marruecos<\/a><\/strong><\/li>\n<li><a href=\"https:\/\/morocco-excursion.com\/it\/\"><strong>Tour in Marocco<\/strong><\/a><\/li>\n<li><a href=\"https:\/\/morocco-excursion.com\/pt-br\/\"><strong>Viagens em Marrocos<\/strong><\/a><\/li>\n<li><a href=\"https:\/\/morocco-excursion.com\/fr\/\"><strong>Voyages au Maroc<\/strong><\/a><\/li>\n<\/ul>\n<p>[\/vc_column_text][\/vc_column][\/vc_row]<\/p>\n<\/div>","protected":false},"excerpt":{"rendered":"<p>[vc_row][vc_column width=\u00a0\u00bb1\/3&Prime;][vc_column_text][\/vc_column_text][\/vc_column][vc_column width=\u00a0\u00bb1\/3&Prime;][vc_column_text][\/vc_column_text][\/vc_column][vc_column width=\u00a0\u00bb1\/3&Prime;][vc_column_text] [\/vc_column_text][\/vc_column][\/vc_row][vc_row][vc_column width=\u00a0\u00bb1\/3&Prime;][vc_column_text][\/vc_column_text][\/vc_column][vc_column width=\u00a0\u00bb1\/3&Prime;][vc_column_text][\/vc_column_text][\/vc_column][vc_column width=\u00a0\u00bb1\/3&Prime;][vc_column_text][\/vc_column_text][\/vc_column][\/vc_row][vc_row][vc_column][vc_column_text][\/vc_column_text][\/vc_column][\/vc_row][vc_row][vc_column][vc_column_text css=\u00a0\u00bb\u00a0\u00bb] Morocco Tours Viajes a Marruecos Tour in Marocco Viagens em Marrocos Voyages au Maroc [\/vc_column_text][\/vc_column][\/vc_row]<\/p>\n","protected":false},"author":1,"featured_media":13709,"parent":0,"menu_order":0,"comment_status":"closed","ping_status":"closed","template":"template-home-modern.php","meta":{"footnotes":""},"class_list":["post-14285","page","type-page","status-publish","has-post-thumbnail","hentry"],"_links":{"self":[{"href":"https:\/\/morocco-excursion.com\/fr\/wp-json\/wp\/v2\/pages\/14285","targetHints":{"allow":["GET"]}}],"collection":[{"href":"https:\/\/morocco-excursion.com\/fr\/wp-json\/wp\/v2\/pages"}],"about":[{"href":"https:\/\/morocco-excursion.com\/fr\/wp-json\/wp\/v2\/types\/page"}],"author":[{"embeddable":true,"href":"https:\/\/morocco-excursion.com\/fr\/wp-json\/wp\/v2\/users\/1"}],"replies":[{"embeddable":true,"href":"https:\/\/morocco-excursion.com\/fr\/wp-json\/wp\/v2\/comments?post=14285"}],"version-history":[{"count":0,"href":"https:\/\/morocco-excursion.com\/fr\/wp-json\/wp\/v2\/pages\/14285\/revisions"}],"wp:featuredmedia":[{"embeddable":true,"href":"https:\/\/morocco-excursion.com\/fr\/wp-json\/wp\/v2\/media\/13709"}],"wp:attachment":[{"href":"https:\/\/morocco-excursion.com\/fr\/wp-json\/wp\/v2\/media?parent=14285"}],"curies":[{"name":"wp","href":"https:\/\/api.w.org\/{rel}","templated":true}]}}