{"id":16360,"date":"2025-08-07T11:09:18","date_gmt":"2025-08-07T11:09:18","guid":{"rendered":"https:\/\/morocco-excursion.com\/dmc-morocco\/"},"modified":"2025-08-08T12:03:18","modified_gmt":"2025-08-08T12:03:18","slug":"dmc-maroc","status":"publish","type":"page","link":"https:\/\/morocco-excursion.com\/fr\/dmc-maroc\/","title":{"rendered":"Destination Management Company (DMC) Maroc"},"content":{"rendered":"<div class=\"wpb-content-wrapper\"><p>[vc_row css=\u00a0\u00bb.vc_custom_1703805246810{margin-top: 10px !important;}\u00a0\u00bb][vc_column][vc_column_text css=\u00a0\u00bb\u00a0\u00bb]<\/p>\n<p>Vous pr\u00e9voyez un voyage au Maroc ? En tant qu&rsquo;agence r\u00e9ceptive locale bas\u00e9e ici m\u00eame au Maroc, nous vous proposons tout ce dont vous avez besoin pour que votre voyage se d\u00e9roule sans encombre, soit passionnant et inoubliable. Des circuits sur mesure et voyages en groupe aux exp\u00e9riences de luxe, en passant par les transports priv\u00e9s et les activit\u00e9s locales authentiques, nous couvrons l&rsquo;ensemble du pays, des montagnes du Haut Atlas aux dunes dor\u00e9es du Sahara.<\/p>\n<p>Notre \u00e9quipe vit et travaille au Maroc, nous connaissons donc la culture, l&rsquo;histoire et les tr\u00e9sors cach\u00e9s que la plupart des voyageurs manquent. Nous allons au-del\u00e0 des itin\u00e9raires touristiques classiques pour vous faire vivre des exp\u00e9riences authentiques et enrichissantes, comme partager un repas fait maison avec une famille locale, se promener dans les anciennes m\u00e9dinas avec des guides experts ou apprendre l&rsquo;artisanat traditionnel aupr\u00e8s d&rsquo;artisans qualifi\u00e9s. Que vous recherchiez l&rsquo;aventure, la d\u00e9couverte culturelle ou la d\u00e9tente totale, nous concevons chaque voyage en fonction de vos int\u00e9r\u00eats, de votre rythme et de votre budget.<\/p>\n<p>Avec nous, vous ne vous contentez pas de r\u00e9server des services, vous gagnez un partenaire local qui s&rsquo;occupe de tous les d\u00e9tails, des transferts a\u00e9roport \u00e0 l&rsquo;h\u00e9bergement en passant par la planification quotidienne. Vous b\u00e9n\u00e9ficiez d&rsquo;un soutien fiable, de conseils honn\u00eates et d&rsquo;une exp\u00e9rience personnalis\u00e9e \u00e0 chaque \u00e9tape. Laissez-nous vous aider \u00e0 explorer le vrai Maroc, confortablement, en toute confiance et \u00e0 votre fa\u00e7on.<\/p>\n<h2>Services DMC au Maroc<\/h2>\n<table>\n<tbody>\n<tr>\n<th><a href=\"#tours\">Circuits<\/a><\/th>\n<th><a href=\"#activities\">Activit\u00e9s<\/a><\/th>\n<th><a href=\"#accommodation\">H\u00e9bergements<\/a><\/th>\n<th><a href=\"#transportation\">Transport<\/a><\/th>\n<\/tr>\n<tr>\n<td>Visites priv\u00e9es<\/td>\n<td>Randonn\u00e9e \u00e0 dos de chameau<\/td>\n<td>Bivouacs<\/td>\n<td>SUV<\/td>\n<\/tr>\n<tr>\n<td>Voyages en groupe<\/td>\n<td>Trekking<\/td>\n<td>Riads<\/td>\n<td>Voitures 4&#215;4<\/td>\n<\/tr>\n<tr>\n<td>Circuits personnalis\u00e9s<\/td>\n<td>Quad<\/td>\n<td>H\u00f4tels 3 \u00e9toiles<\/td>\n<td>VAN<\/td>\n<\/tr>\n<tr>\n<td>Visites guid\u00e9es<\/td>\n<td>Buggy<\/td>\n<td>H\u00f4tels 4 \u00e9toiles<\/td>\n<td>Minibus<\/td>\n<\/tr>\n<tr>\n<td>Circuits aventure<\/td>\n<td>Montgolfi\u00e8re<\/td>\n<td>H\u00f4tels 5 \u00e9toiles<\/td>\n<td>Bus<\/td>\n<\/tr>\n<\/tbody>\n<\/table>\n<p>[\/vc_column_text][\/vc_column][\/vc_row][vc_row el_id=\u00a0\u00bbaccommodation\u00a0\u00bb][vc_column][vc_column_text css=\u00a0\u00bb\u00a0\u00bb]<\/p>\n<h2>H\u00e9bergement<\/h2>\n<p>[\/vc_column_text][vc_column_text css=\u00a0\u00bb\u00a0\u00bb]<\/p>\n<p>Nous proposons une gamme compl\u00e8te d&rsquo;h\u00e9bergements \u00e0 travers le Maroc, adapt\u00e9s au style et au budget de chaque voyageur. Que vous recherchiez un s\u00e9jour simple ou une escapade luxueuse, nous avons ce qu&rsquo;il vous faut. Nous travaillons avec des partenaires de confiance pour vous offrir tout ce dont vous r\u00eavez, des camps traditionnels dans le d\u00e9sert aux riads charmants, en passant par les h\u00f4tels de charme et les complexes haut de gamme.<\/p>\n<p>Pour ceux qui recherchent une exp\u00e9rience unique, nous recommandons de s\u00e9journer dans un <a href=\"https:\/\/fr.wikipedia.org\/wiki\/Riad\" target=\"_blank\" rel=\"noopener\"><strong>riad<\/strong><\/a>, une maison traditionnelle marocaine avec une cour int\u00e9rieure, que l&rsquo;on trouve dans les m\u00e9dinas historiques comme Marrakech ou F\u00e8s. Si vous vous rendez dans le d\u00e9sert, nous pouvons vous organiser une nuit sous les \u00e9toiles dans un camp confortable ou luxueux, avec des tentes priv\u00e9es et des animations locales.<\/p>\n<p>Nous proposons \u00e9galement un large choix d&rsquo;h\u00f4tels, allant d&rsquo;\u00e9tablissements 3 \u00e9toiles confortables \u00e0 des cha\u00eenes internationales 5 \u00e9toiles, en passant par des h\u00f4tels de luxe exclusifs avec spa et restaurant gastronomique. Quel que soit l&rsquo;endroit o\u00f9 vous souhaitez s\u00e9journer (en ville, \u00e0 la plage, \u00e0 la montagne ou dans le d\u00e9sert), nous trouverons l&rsquo;h\u00e9bergement qui vous convient.<\/p>\n<p>Notre objectif est de rendre votre s\u00e9jour au Maroc aussi confortable et m\u00e9morable que possible. Dites-nous simplement ce que vous recherchez, et nous nous occuperons du reste, jusque dans les moindres d\u00e9tails.<\/p>\n<p>[\/vc_column_text][\/vc_column][vc_column width=\u00a0\u00bb1\/3&Prime;][vc_single_image image=\u00a0\u00bb16332&Prime; css=\u00a0\u00bb\u00a0\u00bb][\/vc_column][vc_column width=\u00a0\u00bb1\/3&Prime;][vc_single_image image=\u00a0\u00bb16327&Prime; css=\u00a0\u00bb\u00a0\u00bb][\/vc_column][vc_column width=\u00a0\u00bb1\/3&Prime;][vc_single_image image=\u00a0\u00bb16322&Prime; css=\u00a0\u00bb\u00a0\u00bb][\/vc_column][\/vc_row][vc_row][vc_column][vc_column_text css=\u00a0\u00bb\u00a0\u00bb]<\/p>\n<h2>Transport<\/h2>\n<p>[\/vc_column_text][vc_column_text css=\u00a0\u00bb\u00a0\u00bb]<\/p>\n<p>Chez Morocco Exursions, nous proposons tous types de services de transport \u00e0 travers le Maroc, adapt\u00e9s \u00e0 vos besoins de voyage. Que vous souhaitiez explorer des villes, partir \u00e0 la montagne ou planifier une aventure dans le d\u00e9sert, nous pouvons vous fournir le v\u00e9hicule qui vous convient, toujours avec un chauffeur professionnel et exp\u00e9riment\u00e9 pour vous garantir confort, s\u00e9curit\u00e9 et tranquillit\u00e9 d&rsquo;esprit.<\/p>\n<p>Notre flotte comprend une large gamme de v\u00e9hicules adapt\u00e9s aux particuliers, aux familles et aux groupes de toutes tailles. Nous proposons des berlines modernes pour les visites de la ville et les voyages d&rsquo;affaires, des SUV et des 4&#215;4 spacieux pour les excursions hors route et en montagne, ainsi que des minibus confortables pour les petits groupes ou les familles. Pour les groupes plus importants, nous proposons des minibus bien entretenus, des bus de grande taille et des autocars de luxe \u00e9quip\u00e9s de toutes les commodit\u00e9s n\u00e9cessaires.<\/p>\n<p>Tous nos v\u00e9hicules sont propres, climatis\u00e9s, assur\u00e9s et r\u00e9guli\u00e8rement entretenus afin de r\u00e9pondre aux normes internationales. Nos chauffeurs sont courtois, ponctuels et connaissent bien les routes et les r\u00e9gions locales, ce qui rend votre voyage fluide et sans stress.<\/p>\n<p>Que vous ayez besoin d&rsquo;un simple transfert depuis l&rsquo;a\u00e9roport, d&rsquo;un transport pour une journ\u00e9e enti\u00e8re ou d&rsquo;un road trip de plusieurs jours \u00e0 travers le pays, nous avons ce qu&rsquo;il vous faut. Avec nous, se d\u00e9placer au Maroc est simple, fiable et enti\u00e8rement personnalis\u00e9 en fonction de votre emploi du temps. Dites-nous simplement o\u00f9 vous voulez aller, et nous nous occupons du reste.<\/p>\n<p>[\/vc_column_text][\/vc_column][vc_column width=\u00a0\u00bb1\/3&Prime;][vc_single_image image=\u00a0\u00bb14180&Prime; css=\u00a0\u00bb\u00a0\u00bb][\/vc_column][vc_column width=\u00a0\u00bb1\/3&Prime;][vc_single_image image=\u00a0\u00bb14165&Prime; css=\u00a0\u00bb\u00a0\u00bb][\/vc_column][vc_column width=\u00a0\u00bb1\/3&Prime;][vc_single_image image=\u00a0\u00bb14170&Prime; css=\u00a0\u00bb\u00a0\u00bb][\/vc_column][\/vc_row][vc_row el_id=\u00a0\u00bbactivities\u00a0\u00bb][vc_column][vc_column_text css=\u00a0\u00bb\u00a0\u00bb]<\/p>\n<h2>Activit\u00e9s<\/h2>\n<p>[\/vc_column_text][vc_column_text css=\u00a0\u00bb\u00a0\u00bb]<\/p>\n<p>Nous proposons une gamme compl\u00e8te d&rsquo;activit\u00e9s touristiques \u00e0 travers le Maroc, adapt\u00e9es \u00e0 tous les centres d&rsquo;int\u00e9r\u00eat et \u00e0 tous les styles de voyage. Que vous recherchiez l&rsquo;aventure, la culture ou un m\u00e9lange des deux, nous pouvons vous organiser des exp\u00e9riences inoubliables qui vous feront d\u00e9couvrir le meilleur du Maroc.<\/p>\n<p>Pour les amoureux de la nature et les amateurs de sensations fortes, nous organisons des randonn\u00e9es dans les montagnes de l&rsquo;Atlas, des promenades dans le d\u00e9sert \u00e0 travers les dunes et des randonn\u00e9es guid\u00e9es dans des vall\u00e9es recul\u00e9es. Si vous pr\u00e9f\u00e9rez quelque chose de plus rapide, nous proposons des balades en quad et en buggy dans le d\u00e9sert, des randonn\u00e9es en VTT et des aventures en 4&#215;4 tout-terrain.<\/p>\n<p>Vous recherchez une perspective unique ? Survolez les paysages \u00e9poustouflants de Marrakech lors d&rsquo;un vol en montgolfi\u00e8re au lever du soleil. C&rsquo;est une exp\u00e9rience que vous n&rsquo;oublierez jamais.<\/p>\n<p>Nous proposons \u00e9galement de nombreuses activit\u00e9s culturelles. Rejoignez un chef local pour un cours de cuisine marocaine, apprenez \u00e0 pr\u00e9parer des plats traditionnels comme le tajine et le couscous, ou explorez la vie villageoise gr\u00e2ce \u00e0 des visites culturelles guid\u00e9es.<\/p>\n<p>Chaque activit\u00e9 est g\u00e9r\u00e9e par des partenaires locaux de confiance et des guides professionnels qui garantissent s\u00e9curit\u00e9, confort et authenticit\u00e9. Que vous organisiez un voyage pour un voyageur solo, un couple, une famille ou un groupe, nous cr\u00e9ons le m\u00e9lange parfait d&rsquo;exp\u00e9riences pour correspondre \u00e0 votre voyage.<\/p>\n<p>[\/vc_column_text][\/vc_column][vc_column width=\u00a0\u00bb1\/3&Prime;][vc_single_image image=\u00a0\u00bb16302&Prime; css=\u00a0\u00bb\u00a0\u00bb][\/vc_column][vc_column width=\u00a0\u00bb1\/3&Prime;][vc_single_image image=\u00a0\u00bb16297&Prime; css=\u00a0\u00bb\u00a0\u00bb][\/vc_column][vc_column width=\u00a0\u00bb1\/3&Prime;][vc_single_image image=\u00a0\u00bb16292&Prime; css=\u00a0\u00bb\u00a0\u00bb][\/vc_column][\/vc_row][vc_row el_id=\u00a0\u00bbtours\u00a0\u00bb][vc_column][vc_column_text css=\u00a0\u00bb\u00a0\u00bb]<\/p>\n<h2>Circuits<\/h2>\n<p>[\/vc_column_text][vc_column_text css=\u00a0\u00bb\u00a0\u00bb]<\/p>\n<p>Nos <a href=\"https:\/\/morocco-excursion.com\/fr\/\"><strong>voyages au Maroc<\/strong><\/a> sont flexibles et con\u00e7us pour s&rsquo;adapter \u00e0 l&#8217;emploi du temps et au style de chaque voyageur. Que vous disposiez d&rsquo;une seule journ\u00e9e ou d&rsquo;un mois entier pour explorer le pays, nous pouvons cr\u00e9er l&rsquo;itin\u00e9raire parfait pour vous. Nous proposons tout type de circuits, des excursions d&rsquo;une journ\u00e9e aux aventures de 10, 15, 20 jours, voire d&rsquo;un mois entier. Vous pouvez voyager \u00e0 votre rythme, voir ce qui vous int\u00e9resse le plus et profiter d&rsquo;une exp\u00e9rience fluide et bien organis\u00e9e du d\u00e9but \u00e0 la fin.<\/p>\n<p>Nous organisons des circuits priv\u00e9s pour les personnes seules, les couples et les familles qui souhaitent un voyage plus personnalis\u00e9, ainsi que des circuits en groupe pour les amis, les entreprises ou les \u00e9v\u00e9nements sp\u00e9ciaux. Chaque circuit peut \u00eatre personnalis\u00e9 en fonction de vos objectifs de voyage, que vous soyez int\u00e9ress\u00e9 par la riche culture, l&rsquo;histoire ou la nature du Maroc, ou que vous souhaitiez simplement passer des vacances reposantes.<\/p>\n<p>Si vous recherchez quelque chose de plus actif, nous proposons \u00e9galement des circuits d&rsquo;aventure qui comprennent des randonn\u00e9es, des balades \u00e0 dos de chameau, du camping dans le d\u00e9sert et des exp\u00e9riences hors des sentiers battus. Quel que soit le type de voyage dont vous r\u00eavez, nous le r\u00e9aliserons.<\/p>\n<p>Gr\u00e2ce \u00e0 notre connaissance du terrain et \u00e0 notre \u00e9quipe professionnelle, vous profiterez d&rsquo;un voyage s\u00fbr, confortable et inoubliable \u00e0 travers le Maroc.<\/p>\n<p>[\/vc_column_text][\/vc_column][vc_column width=\u00a0\u00bb1\/3&Prime;][vc_single_image image=\u00a0\u00bb16317&Prime; css=\u00a0\u00bb\u00a0\u00bb][\/vc_column][vc_column width=\u00a0\u00bb1\/3&Prime;][vc_single_image image=\u00a0\u00bb16307&Prime; css=\u00a0\u00bb\u00a0\u00bb][\/vc_column][vc_column width=\u00a0\u00bb1\/3&Prime;][vc_single_image image=\u00a0\u00bb16312&Prime; css=\u00a0\u00bb\u00a0\u00bb][\/vc_column][\/vc_row][vc_row full_width=\u00a0\u00bbstretch_row\u00a0\u00bb css=\u00a0\u00bb.vc_custom_1716470452866{background-color: #eaeef3 !important;}\u00a0\u00bb][vc_column width=\u00a0\u00bb2\/3&Prime;][vc_column_text css=\u00a0\u00bb\u00a0\u00bb]<\/p>\n<h3>Foire aux questions<\/h3>\n<p>[\/vc_column_text][\/vc_column][vc_column width=\u00a0\u00bb1\/3&Prime;][\/vc_column][\/vc_row][vc_row full_width=\u00a0\u00bbstretch_row\u00a0\u00bb css=\u00a0\u00bb.vc_custom_1716470482444{background-color: #eaeef3 !important;}\u00a0\u00bb][vc_column][vc_toggle title=\u00a0\u00bbQui sommes-nous ?\u00a0\u00bb style=\u00a0\u00bbarrow\u00a0\u00bb open=\u00a0\u00bbtrue\u00a0\u00bb css=\u00a0\u00bb\u00a0\u00bb]<\/p>\n<p class=\"ds-markdown-paragraph\">Nous sommes une agence r\u00e9ceptive (DMC) au Maroc. Une agence de voyage locale experte, sp\u00e9cialis\u00e9e dans l&rsquo;organisation et la gestion de services touristiques, notamment la logistique, l&rsquo;h\u00e9bergement, les visites guid\u00e9es, le transport et les \u00e9v\u00e9nements pour les groupes d&rsquo;entreprises, les MICE (r\u00e9unions, incentives, conventions et expositions) et les voyageurs d&rsquo;agr\u00e9ment.<\/p>\n<p>[\/vc_toggle][vc_toggle title=\u00a0\u00bbPourquoi faire appel \u00e0 un DMC au Maroc?\u00a0\u00bb style=\u00a0\u00bbarrow\u00a0\u00bb css=\u00a0\u00bb\u00a0\u00bb]<\/p>\n<p class=\"ds-markdown-paragraph\">Nous disposons d&rsquo;une connaissance approfondie de la r\u00e9gion, de solides relations avec les fournisseurs et d&rsquo;une expertise dans la gestion d&rsquo;itin\u00e9raires complexes \u00e0 travers le Maroc pour les petits et grands groupes.<\/p>\n<p>[\/vc_toggle][vc_toggle title=\u00a0\u00bbQuels services une agence r\u00e9ceptive au Maroc peut-elle offrir?\u00a0\u00bb style=\u00a0\u00bbarrow\u00a0\u00bb css=\u00a0\u00bb\u00a0\u00bb]Voici les services que nous proposons :<\/p>\n<ul>\n<li>Voyages d&rsquo;affaires et \u00e9v\u00e9nements MICE<\/li>\n<li>Circuits personnalis\u00e9s et voyages de luxe<\/li>\n<li>Transport et transferts<\/li>\n<li>H\u00e9bergement<\/li>\n<li>Activit\u00e9s de team building<\/li>\n<li>Exp\u00e9riences culturelles et aventures<\/li>\n<li>Logistique et gestion des op\u00e9rations<\/li>\n<\/ul>\n<p>[\/vc_toggle][vc_toggle title=\u00a0\u00bb\u00cates-vous en mesure d&rsquo;organiser de grands \u00e9v\u00e9nements d&rsquo;entreprise?\u00a0\u00bb style=\u00a0\u00bbarrow\u00a0\u00bb css=\u00a0\u00bb\u00a0\u00bb]<\/p>\n<p class=\"ds-markdown-paragraph\">Oui, nous sommes sp\u00e9cialis\u00e9s dans les \u00e9v\u00e9nements d&rsquo;entreprise \u00e0 grande \u00e9chelle, notamment les conf\u00e9rences, les voyages de motivation et les lancements de produits, et nous disposons d&rsquo;une expertise dans des lieux tels que Marrakech, Casablanca et Agadir.<\/p>\n<p>[\/vc_toggle][vc_toggle title=\u00a0\u00bbTravaillez-vous avec des clients internationaux?\u00a0\u00bb style=\u00a0\u00bbarrow\u00a0\u00bb css=\u00a0\u00bb\u00a0\u00bb]<\/p>\n<p class=\"ds-markdown-paragraph\">Bien s\u00fbr, nous avons servi des clients internationaux, notamment des organisateurs d&rsquo;\u00e9v\u00e9nements, des agences de voyage et des entreprises, en leur offrant une assistance multilingue.<\/p>\n<p>[\/vc_toggle][vc_toggle title=\u00a0\u00bbQuelles sont les principales destinations au Maroc pour les services DMC?\u00a0\u00bb style=\u00a0\u00bbarrow\u00a0\u00bb css=\u00a0\u00bb\u00a0\u00bb]Voici nos destinations phares :<\/p>\n<ol>\n<li>Marrakech (luxe et \u00e9v\u00e9nements)<\/li>\n<li>Casablanca (voyages d&rsquo;affaires)<\/li>\n<li>F\u00e8s (circuits culturels)<\/li>\n<li>D\u00e9sert du Sahara (voyages d&rsquo;aventure)<\/li>\n<li>Agadir et Tanger (c\u00f4te et loisirs)<\/li>\n<\/ol>\n<p>[\/vc_toggle][vc_toggle title=\u00a0\u00bbQuelle est la diff\u00e9rence entre un DMC et un tour-op\u00e9rateur au Maroc?\u00a0\u00bb style=\u00a0\u00bbarrow\u00a0\u00bb css=\u00a0\u00bb\u00a0\u00bb]<\/p>\n<p>DMC : Sp\u00e9cialis\u00e9 dans la gestion compl\u00e8te de destinations (logistique, \u00e9v\u00e9nements, voyages d&rsquo;affaires).<\/p>\n<p>Tour op\u00e9rateur : Sp\u00e9cialis\u00e9 dans les voyages organis\u00e9s pour les voyageurs individuels.<\/p>\n<p>[\/vc_toggle][vc_toggle title=\u00a0\u00bbComment puis-je payer ?\u00a0\u00bb style=\u00a0\u00bbarrow\u00a0\u00bb css=\u00a0\u00bb\u00a0\u00bb]<\/p>\n<p>Nous proposons des options de paiement s\u00e9curis\u00e9es et pratiques pour vos r\u00e9servations et services :<\/p>\n<p><strong>Cartes<\/strong> \u2013 Visa, Mastercard, Maestro (trait\u00e9es via des passerelles de paiement s\u00e9curis\u00e9es).<br \/>\n<strong>PayPal, Revolut, Wise<\/strong> \u2013 Paiements en ligne rapides et s\u00e9curis\u00e9s (pour les clients internationaux).<br \/>\n<strong>Virement bancaire<\/strong> \u2013 Paiements bancaires directs (locaux et internationaux).<\/p>\n<p>[\/vc_toggle][\/vc_column][\/vc_row][vc_row][vc_column]<div class=\"st-testimonial-new style-1 \">\r\n                <h3>Avis<\/h3>\r\n        <div class=\"owl-carousel st-testimonial-slider style-1 \">                <div class=\"item has-matchHeight\">\r\n                    <div class=\"author\">\r\n                                                <img decoding=\"async\" src=\"https:\/\/morocco-excursion.com\/wp-content\/uploads\/2021\/09\/TripAdvisor-Reviews-Morocco-Excursions-70x70.png\" alt=\"User Avatar\" title=\"\">\r\n                        <div class=\"author-meta\">\r\n                            <h4>OT Voyages<\/h4>\r\n                            <div class=\"star\">\r\n                                <i class=\"fa fa-star\"><\/i> <i class=\"fa fa-star\"><\/i> <i class=\"fa fa-star\"><\/i> <i class=\"fa fa-star\"><\/i> <i class=\"fa fa-star\"><\/i>                             <\/div>\r\n                        <\/div>\r\n                    <\/div>\r\n                                                <p>\r\n                                Nous avons collabor\u00e9 \u00e0 plusieurs reprises avec cette agence pour nos clients voyageant au Maroc, et elle nous a toujours fourni un service exceptionnel. Son expertise locale, sa logistique irr\u00e9prochable et son souci du d\u00e9tail garantissent des exp\u00e9riences inoubliables. Des s\u00e9jours de luxe aux \u00e9v\u00e9nements d&#039;entreprise, elle s&#039;occupe de tout \u00e0 la perfection. Nous la recommandons vivement \u00e0 tous ceux qui recherchent une agence r\u00e9ceptive fiable au Maroc !                            <\/p>\r\n                                            \r\n                <\/div>\r\n                            <div class=\"item has-matchHeight\">\r\n                    <div class=\"author\">\r\n                                                <img decoding=\"async\" src=\"https:\/\/morocco-excursion.com\/wp-content\/uploads\/2021\/09\/TripAdvisor-Reviews-Morocco-Excursions-70x70.png\" alt=\"User Avatar\" title=\"\">\r\n                        <div class=\"author-meta\">\r\n                            <h4>STP Tours<\/h4>\r\n                            <div class=\"star\">\r\n                                <i class=\"fa fa-star\"><\/i> <i class=\"fa fa-star\"><\/i> <i class=\"fa fa-star\"><\/i> <i class=\"fa fa-star\"><\/i> <i class=\"fa fa-star\"><\/i>                             <\/div>\r\n                        <\/div>\r\n                    <\/div>\r\n                                                <p>\r\n                                Nos clients ont pass\u00e9 10 jours inoubliables au Maroc ! Des souks anim\u00e9s de Marrakech aux dunes paisibles du Sahara, chaque d\u00e9tail a \u00e9t\u00e9 parfaitement organis\u00e9. Les riads luxueux, les guides experts et la logistique irr\u00e9prochable ont rendu leur voyage vraiment sp\u00e9cial. Nous recommandons vivement cette agence r\u00e9ceptive pour une exp\u00e9rience marocaine authentique et sans souci. Nous sommes impatients de planifier notre prochaine aventure!                            <\/p>\r\n                                            \r\n                <\/div>\r\n                            <div class=\"item has-matchHeight\">\r\n                    <div class=\"author\">\r\n                                                <img decoding=\"async\" src=\"https:\/\/morocco-excursion.com\/wp-content\/uploads\/2021\/09\/TripAdvisor-Reviews-Morocco-Excursions-70x70.png\" alt=\"User Avatar\" title=\"\">\r\n                        <div class=\"author-meta\">\r\n                            <h4>Oriental Voyages<\/h4>\r\n                            <div class=\"star\">\r\n                                <i class=\"fa fa-star\"><\/i> <i class=\"fa fa-star\"><\/i> <i class=\"fa fa-star\"><\/i> <i class=\"fa fa-star\"><\/i> <i class=\"fa fa-star\"><\/i>                             <\/div>\r\n                        <\/div>\r\n                    <\/div>\r\n                                                <p>\r\n                                Nous faisons confiance \u00e0 cette agence r\u00e9ceptive pour tous nos circuits au Maroc : elle s&#039;occupe de chaque d\u00e9tail avec brio, du transport \u00e0 l&#039;h\u00e9bergement. Nos clients ne tarissent pas d&#039;\u00e9loges sur leur exp\u00e9rience sans faille et leur service personnalis\u00e9. Tr\u00e8s professionnelle, r\u00e9active et connaissant bien la r\u00e9gion, c&#039;est une v\u00e9ritable partenaire pour des voyages inoubliables au Maroc ! Je la recommande \u00e0 100 %                            <\/p>\r\n                                            \r\n                <\/div>\r\n            <\/div><\/div>\r\n[\/vc_column][\/vc_row]<\/p>\n<\/div>","protected":false},"excerpt":{"rendered":"<p>[vc_row css=\u00a0\u00bb.vc_custom_1703805246810{margin-top: 10px !important;}\u00a0\u00bb][vc_column][vc_column_text css=\u00a0\u00bb\u00a0\u00bb] Vous pr\u00e9voyez un voyage au Maroc ? En tant qu&rsquo;agence r\u00e9ceptive locale bas\u00e9e ici m\u00eame au Maroc, nous vous proposons tout ce dont vous avez besoin pour que votre voyage se d\u00e9roule sans encombre, soit passionnant et inoubliable. Des circuits sur mesure et voyages en groupe aux exp\u00e9riences de luxe, [&hellip;]<\/p>\n","protected":false},"author":1,"featured_media":16282,"parent":0,"menu_order":0,"comment_status":"closed","ping_status":"closed","template":"template-home-modern.php","meta":{"footnotes":""},"class_list":["post-16360","page","type-page","status-publish","has-post-thumbnail","hentry"],"_links":{"self":[{"href":"https:\/\/morocco-excursion.com\/fr\/wp-json\/wp\/v2\/pages\/16360","targetHints":{"allow":["GET"]}}],"collection":[{"href":"https:\/\/morocco-excursion.com\/fr\/wp-json\/wp\/v2\/pages"}],"about":[{"href":"https:\/\/morocco-excursion.com\/fr\/wp-json\/wp\/v2\/types\/page"}],"author":[{"embeddable":true,"href":"https:\/\/morocco-excursion.com\/fr\/wp-json\/wp\/v2\/users\/1"}],"replies":[{"embeddable":true,"href":"https:\/\/morocco-excursion.com\/fr\/wp-json\/wp\/v2\/comments?post=16360"}],"version-history":[{"count":0,"href":"https:\/\/morocco-excursion.com\/fr\/wp-json\/wp\/v2\/pages\/16360\/revisions"}],"wp:featuredmedia":[{"embeddable":true,"href":"https:\/\/morocco-excursion.com\/fr\/wp-json\/wp\/v2\/media\/16282"}],"wp:attachment":[{"href":"https:\/\/morocco-excursion.com\/fr\/wp-json\/wp\/v2\/media?parent=16360"}],"curies":[{"name":"wp","href":"https:\/\/api.w.org\/{rel}","templated":true}]}}