{"id":16354,"date":"2025-08-07T11:09:18","date_gmt":"2025-08-07T11:09:18","guid":{"rendered":"https:\/\/morocco-excursion.com\/dmc-morocco\/"},"modified":"2026-01-05T13:03:59","modified_gmt":"2026-01-05T13:03:59","slug":"dmc-marocco","status":"publish","type":"page","link":"https:\/\/morocco-excursion.com\/it\/dmc-marocco\/","title":{"rendered":"DMC in Marocco"},"content":{"rendered":"<div class=\"wpb-content-wrapper\"><p>[vc_row css=&#8221;.vc_custom_1703805246810{margin-top: 10px !important;}&#8221;][vc_column][vc_column_text css=&#8221;&#8221;]<\/p>\n<p>Stai programmando un viaggio in Marocco? In qualit\u00e0 di agenzia di viaggi locale con sede proprio qui in Marocco, ti offriamo tutto ci\u00f2 di cui hai bisogno per rendere il tuo viaggio piacevole, emozionante e indimenticabile. Dai tour personalizzati e viaggi di gruppo alle esperienze di lusso, dai trasporti privati alle attivit\u00e0 locali autentiche, copriamo l&#8217;intero Paese, dalle montagne dell&#8217;Alto Atlante alle dune dorate del Sahara.<\/p>\n<p>Il nostro team vive e lavora in Marocco, quindi conosciamo la cultura, la storia e le gemme nascoste che la maggior parte dei viaggiatori non vede. Andiamo oltre i percorsi turistici standard per offrirti esperienze autentiche e significative, come condividere un pasto cucinato in casa con una famiglia locale, passeggiare nelle antiche medine con guide esperte o imparare l&#8217;artigianato tradizionale da abili artigiani. Che tu sia alla ricerca di avventura, scoperta culturale o relax totale, progettiamo ogni viaggio in base ai tuoi interessi, al tuo ritmo e al tuo budget.<\/p>\n<p>Con noi non prenotate solo dei servizi, ma acquisite un partner locale che si occupa di tutti i dettagli, dai trasferimenti aeroportuali agli alloggi e alla pianificazione quotidiana. Otterrete un supporto affidabile, consigli onesti e un&#8217;esperienza personalizzata in ogni fase del viaggio. Lasciate che vi aiutiamo a esplorare il vero Marocco, in modo confortevole, sicuro e secondo i vostri desideri.<\/p>\n<h2>Servizi DMC in Marocco<\/h2>\n<table>\n<tbody>\n<tr>\n<th><a href=\"#tours\">Tour<\/a><\/th>\n<th><a href=\"#activities\">Attivit\u00e0<\/a><\/th>\n<th><a href=\"#accommodation\">Alloggi<\/a><\/th>\n<th><a href=\"#transportation\">Trasporte<\/a><\/th>\n<\/tr>\n<tr>\n<td>Tour privati<\/td>\n<td>Escursione in cammello<\/td>\n<td>Bivacchi<\/td>\n<td>SUV<\/td>\n<\/tr>\n<tr>\n<td>Viaggi di gruppo<\/td>\n<td>Trekking<\/td>\n<td>Riad<\/td>\n<td>Auto 4&#215;4<\/td>\n<\/tr>\n<tr>\n<td>Tour personalizzati<\/td>\n<td>ATV<\/td>\n<td>Hotel 3 stelle<\/td>\n<td>VAN<\/td>\n<\/tr>\n<tr>\n<td>Visite guidate<\/td>\n<td>Buggy<\/td>\n<td>Hotel 4 stelle<\/td>\n<td>Minibus<\/td>\n<\/tr>\n<tr>\n<td>Tour avventura<\/td>\n<td>Mongolfiera<\/td>\n<td>Hotel 5 stelle<\/td>\n<td>Bus<\/td>\n<\/tr>\n<\/tbody>\n<\/table>\n<p>[\/vc_column_text][\/vc_column][\/vc_row][vc_row el_id=&#8221;accommodation&#8221;][vc_column][vc_column_text css=&#8221;&#8221;]<\/p>\n<h2>Alloggi<\/h2>\n<p>[\/vc_column_text][vc_column_text css=&#8221;&#8221;]<\/p>\n<p>Offriamo una gamma completa di opzioni di alloggio in tutto il Marocco per soddisfare lo stile e il budget di ogni viaggiatore. Che tu stia cercando un soggiorno semplice o una vacanza di lusso, abbiamo ci\u00f2 che fa per te. Collaboriamo con partner di fiducia per offrire tutto, dai tradizionali campi nel deserto agli affascinanti riad, agli hotel boutique e ai resort di lusso.<\/p>\n<p>Per chi \u00e8 alla ricerca di un&#8217;esperienza unica, consigliamo di soggiornare in un <a href=\"https:\/\/it.wikipedia.org\/wiki\/Riad_(Marocco)\" target=\"_blank\" rel=\"noopener\"><strong>riad<\/strong><\/a>, una tradizionale casa marocchina con cortile interno, che si trova nelle medine storiche come Marrakech o Fes. Se siete diretti nel deserto, possiamo organizzare una notte sotto le stelle in un campo confortevole o di lusso, completo di tende private e intrattenimento locale.<\/p>\n<p>Offriamo anche un&#8217;ampia selezione di hotel, da accoglienti strutture a 3 stelle a catene internazionali a 5 stelle ed esclusivi hotel di lusso con servizi spa e ristoranti raffinati. Non importa dove desideri soggiornare, in citt\u00e0, al mare, in montagna o nel deserto, troveremo la soluzione perfetta per te.<\/p>\n<p>Il nostro obiettivo \u00e8 rendere il vostro soggiorno in Marocco il pi\u00f9 confortevole e memorabile possibile. Diteci semplicemente cosa state cercando e noi ci occuperemo di tutto il resto, fin nei minimi dettagli.<\/p>\n<p>[\/vc_column_text][\/vc_column][vc_column width=&#8221;1\/3&#8243;][vc_single_image image=&#8221;16332&#8243; css=&#8221;&#8221;][\/vc_column][vc_column width=&#8221;1\/3&#8243;][vc_single_image image=&#8221;16327&#8243; css=&#8221;&#8221;][\/vc_column][vc_column width=&#8221;1\/3&#8243;][vc_single_image image=&#8221;16322&#8243; css=&#8221;&#8221;][\/vc_column][\/vc_row][vc_row][vc_column][vc_column_text css=&#8221;&#8221;]<\/p>\n<h2>Trasporti<\/h2>\n<p>[\/vc_column_text][vc_column_text css=&#8221;&#8221;]<\/p>\n<p>Morocco Exursions offre tutti i tipi di servizi di trasporto in tutto il Marocco, su misura per le vostre esigenze di viaggio. Che vogliate esplorare le citt\u00e0, andare in montagna o pianificare un&#8217;avventura nel deserto, possiamo organizzare il veicolo giusto per voi, sempre con un autista professionale ed esperto per garantire comfort, sicurezza e tranquillit\u00e0.<\/p>\n<p>La nostra flotta comprende una vasta gamma di veicoli adatti a singoli, famiglie e gruppi di qualsiasi dimensione. Forniamo berline moderne per tour cittadini e viaggi d&#8217;affari, SUV spaziosi e 4&#215;4 per viaggi fuoristrada e in montagna, e comodi furgoni per piccoli gruppi o famiglie. Per gruppi pi\u00f9 numerosi, offriamo minibus ben tenuti, autobus di grandi dimensioni e pullman di lusso dotati di tutti i comfort necessari.<\/p>\n<p>Tutti i nostri veicoli sono puliti, climatizzati, assicurati e sottoposti a regolare manutenzione per soddisfare gli standard internazionali. I nostri autisti sono cortesi, puntuali e conoscono bene le strade e le regioni locali, rendendo il vostro viaggio fluido e senza stress.<\/p>\n<p>Che abbiate bisogno di un singolo trasferimento aeroportuale, di un trasporto per l&#8217;intera giornata o di un viaggio su strada di pi\u00f9 giorni attraverso il paese, abbiamo ci\u00f2 che fa per voi. Con noi, spostarsi in Marocco \u00e8 semplice, affidabile e completamente personalizzato in base ai vostri programmi. Diteci semplicemente dove volete andare e noi penseremo al resto.<\/p>\n<p>[\/vc_column_text][\/vc_column][vc_column width=&#8221;1\/3&#8243;][vc_single_image image=&#8221;14180&#8243; css=&#8221;&#8221;][\/vc_column][vc_column width=&#8221;1\/3&#8243;][vc_single_image image=&#8221;14165&#8243; css=&#8221;&#8221;][\/vc_column][vc_column width=&#8221;1\/3&#8243;][vc_single_image image=&#8221;14170&#8243; css=&#8221;&#8221;][\/vc_column][\/vc_row][vc_row el_id=&#8221;activities&#8221;][vc_column][vc_column_text css=&#8221;&#8221;]<\/p>\n<h2>Attivit\u00e0<\/h2>\n<p>[\/vc_column_text][vc_column_text css=&#8221;&#8221;]<\/p>\n<p>Offriamo una gamma completa di attivit\u00e0 turistiche in tutto il Marocco, pensate per soddisfare ogni interesse e stile di viaggio. Che tu sia alla ricerca di avventura, cultura o qualcosa a met\u00e0 strada tra le due, possiamo organizzare esperienze indimenticabili che ti mostreranno il meglio che il Marocco ha da offrire.<\/p>\n<p>Per gli amanti della natura e gli amanti del brivido, organizziamo trekking sulle montagne dell&#8217;Atlante, passeggiate nel deserto tra le dune ed escursioni guidate in valli remote. Se preferite qualcosa di pi\u00f9 dinamico, offriamo gite in quad e buggy nel deserto, tour in mountain bike e avventure fuoristrada in 4&#215;4.<\/p>\n<p>Cercate una prospettiva unica? Sorvolate gli splendidi paesaggi di Marrakech con un giro in mongolfiera all&#8217;alba. \u00c8 un&#8217;esperienza che non dimenticherete.<\/p>\n<p>Offriamo anche ricche attivit\u00e0 culturali. Partecipate a un corso di cucina marocchina con uno chef locale, imparate a preparare piatti tradizionali come il tagine e il couscous, oppure esplorate la vita dei villaggi con tour culturali guidati.<\/p>\n<p>Ogni attivit\u00e0 \u00e8 gestita da partner locali di fiducia e guide professionali che garantiscono sicurezza, comfort e autenticit\u00e0. Che stiate organizzando un viaggio per un viaggiatore solitario, una coppia, una famiglia o un gruppo, creiamo il mix perfetto di esperienze per soddisfare le vostre esigenze.<\/p>\n<p>[\/vc_column_text][\/vc_column][vc_column width=&#8221;1\/3&#8243;][vc_single_image image=&#8221;16302&#8243; css=&#8221;&#8221;][\/vc_column][vc_column width=&#8221;1\/3&#8243;][vc_single_image image=&#8221;16297&#8243; css=&#8221;&#8221;][\/vc_column][vc_column width=&#8221;1\/3&#8243;][vc_single_image image=&#8221;16292&#8243; css=&#8221;&#8221;][\/vc_column][\/vc_row][vc_row el_id=&#8221;tours&#8221;][vc_column][vc_column_text css=&#8221;&#8221;]<\/p>\n<h2>Tour<\/h2>\n<p>[\/vc_column_text][vc_column_text css=&#8221;&#8221;]<\/p>\n<p>I nostri <strong><a href=\"https:\/\/morocco-excursion.com\/it\/\">tour in Marocco<\/a><\/strong> sono flessibili e pensati per adattarsi al programma e allo stile di ogni viaggiatore. Che tu abbia a disposizione solo un giorno o un mese intero per esplorare il Paese, possiamo creare l&#8217;itinerario perfetto per te. Offriamo di tutto, da brevi gite di un giorno ad avventure di pi\u00f9 giorni della durata di 10, 15, 20 giorni o persino un mese intero. Puoi viaggiare al tuo ritmo, vedere ci\u00f2 che ti interessa di pi\u00f9 e goderti un&#8217;esperienza fluida e ben organizzata dall&#8217;inizio alla fine.<\/p>\n<p>Organizziamo tour privati per singoli, coppie e famiglie che desiderano un viaggio pi\u00f9 personale, nonch\u00e9 tour di gruppo per amici, aziende o eventi speciali. Ogni tour pu\u00f2 essere personalizzato in base ai tuoi obiettivi di viaggio, che tu sia interessato alla ricca cultura, alla storia, alla natura del Marocco o desideri semplicemente una vacanza rilassante.<\/p>\n<p>Se cercate qualcosa di pi\u00f9 attivo, offriamo anche tour avventurosi che includono escursioni, trekking a dorso di cammello, campeggio nel deserto ed esperienze fuoristrada. Qualunque sia il tipo di viaggio che sognate, noi lo realizzeremo.<\/p>\n<p>Grazie alla nostra conoscenza del territorio e al nostro team di professionisti, potrete godervi un viaggio sicuro, confortevole e indimenticabile attraverso il Marocco.<\/p>\n<p>[\/vc_column_text][\/vc_column][vc_column width=&#8221;1\/3&#8243;][vc_single_image image=&#8221;16317&#8243; css=&#8221;&#8221;][\/vc_column][vc_column width=&#8221;1\/3&#8243;][vc_single_image image=&#8221;16307&#8243; css=&#8221;&#8221;][\/vc_column][vc_column width=&#8221;1\/3&#8243;][vc_single_image image=&#8221;16312&#8243; css=&#8221;&#8221;][\/vc_column][\/vc_row][vc_row full_width=&#8221;stretch_row&#8221; css=&#8221;.vc_custom_1716470452866{background-color: #eaeef3 !important;}&#8221;][vc_column width=&#8221;2\/3&#8243;][vc_column_text css=&#8221;&#8221;]<\/p>\n<h3>Domande frequenti<\/h3>\n<p>[\/vc_column_text][\/vc_column][vc_column width=&#8221;1\/3&#8243;][\/vc_column][\/vc_row][vc_row full_width=&#8221;stretch_row&#8221; css=&#8221;.vc_custom_1716470482444{background-color: #eaeef3 !important;}&#8221;][vc_column][vc_toggle title=&#8221;Chi siamo?&#8221; style=&#8221;arrow&#8221; open=&#8221;true&#8221; css=&#8221;&#8221;]<\/p>\n<p class=\"ds-markdown-paragraph\">Siamo una DMC (Destination Management Company) con sede in Marocco. Un&#8217;agenzia di viaggi esperta a livello locale specializzata nell&#8217;organizzazione e nella gestione di servizi di viaggio, tra cui logistica, alloggi, tour, trasporti ed eventi per gruppi aziendali, MICE (Meetings, Incentives, Conventions, and Exhibitions) e viaggiatori di piacere.<\/p>\n<p>[\/vc_toggle][vc_toggle title=&#8221;Perch\u00e9 dovrei rivolgermi a un DMC in Marocco?&#8221; style=&#8221;arrow&#8221; css=&#8221;&#8221;]<\/p>\n<p class=\"ds-markdown-paragraph\">Abbiamo una profonda conoscenza del territorio, ottimi rapporti con i fornitori e una grande esperienza nella gestione di itinerari complessi in Marocco per gruppi piccoli e grandi.<\/p>\n<p>[\/vc_toggle][vc_toggle title=&#8221;Quali servizi pu\u00f2 offrire un DMC in Marocco?&#8221; style=&#8221;arrow&#8221; css=&#8221;&#8221;]Ecco i servizi che possiamo offrire:<\/p>\n<ul>\n<li>Viaggi aziendali ed eventi MICE<\/li>\n<li>Tour personalizzati e viaggi di lusso<\/li>\n<li>Trasporti e trasferimenti<\/li>\n<li>Alloggi<\/li>\n<li>Attivit\u00e0 di team building<\/li>\n<li>Esperienze culturali e avventurose<\/li>\n<li>Logistica e gestione delle operazioni<\/li>\n<\/ul>\n<p>[\/vc_toggle][vc_toggle title=&#8221;Siete in grado di gestire grandi eventi aziendali?&#8221; style=&#8221;arrow&#8221; css=&#8221;&#8221;]<\/p>\n<p class=\"ds-markdown-paragraph\">S\u00ec, siamo specializzati in eventi aziendali su larga scala, tra cui conferenze, viaggi incentive e lanci di prodotti, con esperienza in localit\u00e0 come Marrakech, Casablanca e Agadir.<\/p>\n<p>[\/vc_toggle][vc_toggle title=&#8221;Lavori con clienti internazionali?&#8221; style=&#8221;arrow&#8221; css=&#8221;&#8221;]<\/p>\n<p class=\"ds-markdown-paragraph\">Si, abbiamo servito clienti globali, tra cui organizzatori di eventi, agenzie di viaggio e aziende, offrendo assistenza multilingue.<\/p>\n<p>[\/vc_toggle][vc_toggle title=&#8221;Quali sono le principali destinazioni in Marocco per i servizi DMC?&#8221; style=&#8221;arrow&#8221; css=&#8221;&#8221;]Ecco le nostre destinazioni principali:<\/p>\n<ol>\n<li>Marrakech (lusso ed eventi)<\/li>\n<li>Casablanca (viaggi aziendali)<\/li>\n<li>Fez (tour culturali)<\/li>\n<li>Deserto del Sahara (viaggi avventura)<\/li>\n<li>Agadir e Tangeri (costa e tempo libero)<\/li>\n<\/ol>\n<p>[\/vc_toggle][vc_toggle title=&#8221;Qual \u00e8 la differenza tra un DMC e un tour operator in Marocco?&#8221; style=&#8221;arrow&#8221; css=&#8221;&#8221;]<\/p>\n<p>DMC: Specializzata nella gestione completa delle destinazioni (logistica, eventi, viaggi aziendali).<\/p>\n<p>Tour Operator: Si concentra su pacchetti turistici preconfezionati per viaggiatori individuali.<\/p>\n<p>[\/vc_toggle][vc_toggle title=&#8221;Come posso pagare?&#8221; style=&#8221;arrow&#8221; css=&#8221;&#8221;]Offriamo opzioni di pagamento sicure e convenienti per le vostre prenotazioni e i nostri servizi:<\/p>\n<p><strong>Carte<\/strong> \u2013 Visa, Mastercard, Maestro (elaborate tramite gateway di pagamento sicuri).<br \/>\n<strong>PayPal, Revolut, Wise<\/strong> \u2013 Pagamenti online rapidi e sicuri (per clienti internazionali).<br \/>\n<strong>Bonifico bancario<\/strong> \u2013 Pagamenti bancari diretti (locali e internazionali).<\/p>\n<p>[\/vc_toggle][\/vc_column][\/vc_row][vc_row][vc_column]<div class=\"st-testimonial-new style-1 \">\r\n                <h3>Recensioni<\/h3>\r\n        <div class=\"owl-carousel st-testimonial-slider style-1 \">                <div class=\"item has-matchHeight\">\r\n                    <div class=\"author\">\r\n                                                <img decoding=\"async\" src=\"https:\/\/morocco-excursion.com\/wp-content\/uploads\/2021\/09\/TripAdvisor-Reviews-Morocco-Excursions-70x70.png\" alt=\"User Avatar\" title=\"\">\r\n                        <div class=\"author-meta\">\r\n                            <h4>OT Viaggi<\/h4>\r\n                            <div class=\"star\">\r\n                                <i class=\"fa fa-star\"><\/i> <i class=\"fa fa-star\"><\/i> <i class=\"fa fa-star\"><\/i> <i class=\"fa fa-star\"><\/i> <i class=\"fa fa-star\"><\/i>                             <\/div>\r\n                        <\/div>\r\n                    <\/div>\r\n                                                <p>\r\n                                Abbiamo collaborato pi\u00f9 volte con questa agenzia per i nostri clienti in viaggio in Marocco e ci hanno sempre fornito un servizio eccezionale. La loro competenza locale, la logistica impeccabile e l&#039;attenzione ai dettagli garantiscono esperienze indimenticabili. Dai soggiorni di lusso agli eventi aziendali, gestiscono tutto in modo impeccabile. Consigliatissimi a chiunque cerchi un DMC affidabile in Marocco!                            <\/p>\r\n                                            \r\n                <\/div>\r\n                            <div class=\"item has-matchHeight\">\r\n                    <div class=\"author\">\r\n                                                <img decoding=\"async\" src=\"https:\/\/morocco-excursion.com\/wp-content\/uploads\/2021\/09\/TripAdvisor-Reviews-Morocco-Excursions-70x70.png\" alt=\"User Avatar\" title=\"\">\r\n                        <div class=\"author-meta\">\r\n                            <h4>STP Tour<\/h4>\r\n                            <div class=\"star\">\r\n                                <i class=\"fa fa-star\"><\/i> <i class=\"fa fa-star\"><\/i> <i class=\"fa fa-star\"><\/i> <i class=\"fa fa-star\"><\/i> <i class=\"fa fa-star\"><\/i>                             <\/div>\r\n                        <\/div>\r\n                    <\/div>\r\n                                                <p>\r\n                                I nostri clienti hanno trascorso 10 giorni indimenticabili in Marocco! Dai vivaci souk di Marrakech alle tranquille dune del Sahara, ogni dettaglio \u00e8 stato organizzato alla perfezione. I riad di lusso, le guide esperte e la logistica impeccabile hanno reso il loro viaggio davvero speciale. Consiglio vivamente questo DMC per un&#039;esperienza marocchina autentica e senza intoppi. Non vedo l&#039;ora di pianificare la nostra prossima avventura!                            <\/p>\r\n                                            \r\n                <\/div>\r\n                            <div class=\"item has-matchHeight\">\r\n                    <div class=\"author\">\r\n                                                <img decoding=\"async\" src=\"https:\/\/morocco-excursion.com\/wp-content\/uploads\/2021\/09\/TripAdvisor-Reviews-Morocco-Excursions-70x70.png\" alt=\"User Avatar\" title=\"\">\r\n                        <div class=\"author-meta\">\r\n                            <h4>Oriental Viaggi<\/h4>\r\n                            <div class=\"star\">\r\n                                <i class=\"fa fa-star\"><\/i> <i class=\"fa fa-star\"><\/i> <i class=\"fa fa-star\"><\/i> <i class=\"fa fa-star\"><\/i> <i class=\"fa fa-star\"><\/i>                             <\/div>\r\n                        <\/div>\r\n                    <\/div>\r\n                                                <p>\r\n                                Ci affidiamo a questo DMC per tutti i nostri tour in Marocco: gestiscono ogni dettaglio in modo impeccabile, dal trasporto agli alloggi. I nostri clienti sono sempre entusiasti delle loro esperienze senza intoppi e del servizio personalizzato. Altamente professionali, reattivi e con una profonda conoscenza del territorio. Un vero partner per viaggi indimenticabili in Marocco! Consigliato al 100%.                            <\/p>\r\n                                            \r\n                <\/div>\r\n            <\/div><\/div>\r\n[\/vc_column][\/vc_row]<\/p>\n<\/div>","protected":false},"excerpt":{"rendered":"<p>[vc_row css=&#8221;.vc_custom_1703805246810{margin-top: 10px !important;}&#8221;][vc_column][vc_column_text css=&#8221;&#8221;] Stai programmando un viaggio in Marocco? In qualit\u00e0 di agenzia di viaggi locale con sede proprio qui in Marocco, ti offriamo tutto ci\u00f2 di cui hai bisogno per rendere il tuo viaggio piacevole, emozionante e indimenticabile. Dai tour personalizzati e viaggi di gruppo alle esperienze di lusso, dai trasporti privati [&hellip;]<\/p>\n","protected":false},"author":1,"featured_media":16283,"parent":0,"menu_order":0,"comment_status":"closed","ping_status":"closed","template":"template-home-modern.php","meta":{"footnotes":""},"class_list":["post-16354","page","type-page","status-publish","has-post-thumbnail","hentry"],"_links":{"self":[{"href":"https:\/\/morocco-excursion.com\/it\/wp-json\/wp\/v2\/pages\/16354","targetHints":{"allow":["GET"]}}],"collection":[{"href":"https:\/\/morocco-excursion.com\/it\/wp-json\/wp\/v2\/pages"}],"about":[{"href":"https:\/\/morocco-excursion.com\/it\/wp-json\/wp\/v2\/types\/page"}],"author":[{"embeddable":true,"href":"https:\/\/morocco-excursion.com\/it\/wp-json\/wp\/v2\/users\/1"}],"replies":[{"embeddable":true,"href":"https:\/\/morocco-excursion.com\/it\/wp-json\/wp\/v2\/comments?post=16354"}],"version-history":[{"count":0,"href":"https:\/\/morocco-excursion.com\/it\/wp-json\/wp\/v2\/pages\/16354\/revisions"}],"wp:featuredmedia":[{"embeddable":true,"href":"https:\/\/morocco-excursion.com\/it\/wp-json\/wp\/v2\/media\/16283"}],"wp:attachment":[{"href":"https:\/\/morocco-excursion.com\/it\/wp-json\/wp\/v2\/media?parent=16354"}],"curies":[{"name":"wp","href":"https:\/\/api.w.org\/{rel}","templated":true}]}}