{"id":14735,"date":"2018-12-10T03:06:47","date_gmt":"2018-12-10T03:06:47","guid":{"rendered":"https:\/\/www.morocco-excursion.com\/travel-agency\/"},"modified":"2025-08-08T14:11:19","modified_gmt":"2025-08-08T14:11:19","slug":"agencia","status":"publish","type":"page","link":"https:\/\/morocco-excursion.com\/pt-br\/agencia\/","title":{"rendered":"Ag\u00eancia de viagens em Marrocos"},"content":{"rendered":"<div class=\"wpb-content-wrapper\"><p>[vc_row full_width=&#8221;stretch_row_content_no_spaces&#8221;][vc_column css=&#8221;.vc_custom_1702842665473{margin-top: 5px !important;}&#8221;][vc_empty_space height=&#8221;10px&#8221;][\/vc_column][\/vc_row][vc_row][vc_column width=&#8221;1\/2&#8243;][vc_column_text css=&#8221;&#8221;]<\/p>\n<h2><span style=\"font-size: 18pt;\"><strong>Quem Somos?<\/strong><\/span><\/h2>\n<p>N\u00f3s da\u00a0<strong>Morocco Excursions<\/strong>\u00a0temos fornecido aos viajantes do mundo todo uma variedade de\u00a0\u00a0tours compartilhados e privados no Marrocos\u00a0e f\u00e9rias com tudo incluso no Marrocos. N\u00f3s nos tornamos uma das principais\u00a0\u00a0<u>ag\u00eancias de viagens marroquinas<\/u>\u00a0\u00a0como resultado da confian\u00e7a e lealdade de nossos clientes ao longo dos anos.<\/p>\n<p>Ao explorar o Marrocos, \u00e9 como ter um amigo local lhe mostrando o lugar. \u00c9 isso que fazemos como uma\u00a0<strong>operadora de turismo marroquina<\/strong>\u00a0com guias locais.<\/p>\n<p>Somos marroquinos que conhecemos este lugar de cabo a rabo. Somos apaixonados por compartilhar sua beleza, cultura e hist\u00f3ria com voc\u00ea. O que nos torna especiais \u00e9 que criamos viagens personalizadas s\u00f3 para voc\u00ea. Quer voc\u00ea queira visitar mercados animados, caminhar nas Montanhas Atlas ou vivenciar\u00a0o Deserto do Saara\u00a0, n\u00f3s temos tudo o que voc\u00ea precisa.<\/p>\n<h3><strong>Nossos Guias<\/strong><\/h3>\n<p>Nossos guias locais n\u00e3o s\u00e3o apenas conhecedores, mas tamb\u00e9m animados para mostrar a voc\u00ea os tesouros escondidos e as tradi\u00e7\u00f5es locais que os turistas muitas vezes n\u00e3o veem. N\u00f3s o levaremos a lugares que voc\u00ea n\u00e3o encontrar\u00e1 em guias.<\/p>\n<p>Ao nos escolher, voc\u00ea n\u00e3o est\u00e1 apenas planejando uma viagem; voc\u00ea est\u00e1 embarcando em uma aventura real onde voc\u00ea descobrir\u00e1 o verdadeiro Marrocos. Deixe-nos ser seus guias para o cora\u00e7\u00e3o e a alma deste pa\u00eds incr\u00edvel.[\/vc_column_text][\/vc_column][vc_column width=&#8221;1\/2&#8243;][vc_single_image image=&#8221;13304&#8243; img_size=&#8221;medium&#8221; style=&#8221;vc_box_border&#8221; css=&#8221;&#8221;][\/vc_column][\/vc_row][vc_row][vc_column width=&#8221;1\/2&#8243;][vc_column_text css=&#8221;&#8221;]<\/p>\n<h3><strong>Benef\u00edcios de usar uma ag\u00eancia de viagens marroquina<\/strong><\/h3>\n<p>Somos uma das poucas\u00a0\u00a0<em>ag\u00eancias de viagens no Marrocos<\/em>\u00a0que gosta e est\u00e1 ansiosa para oferecer possibilidades diferenciadas de viagens no Marrocos para grupos, indiv\u00edduos, turistas e muito mais.<\/p>\n<p>N\u00e3o importa onde estejam no mundo, os viajantes podem obter ajuda gra\u00e7as a uma linha de atendimento ao cliente dedicada 24 horas. Estamos sempre felizes em ajudar nossos clientes, quer precisem de assist\u00eancia com reservas de hotel, problemas de aluguel de ve\u00edculos ou planejamento de viagens de &#8220;curto prazo&#8221;.<\/p>\n<ol>\n<li>Somos os principais provedores de viagens no Marrocos, oferecendo passeios por todo o Marrocos a pre\u00e7os inigual\u00e1veis \u200b\u200bpara estadias em hot\u00e9is opulentos.<\/li>\n<li>Nossos experientes e am\u00e1veis \u200b\u200bguias tur\u00edsticos particulares no Marrocos tratam cada visitante como se fosse um membro de sua pr\u00f3pria fam\u00edlia. Para o passeio mais seguro e agrad\u00e1vel poss\u00edvel durante sua excurs\u00e3o pelo Marrocos, todos os nossos motoristas s\u00e3o devidamente educados, segurados e licenciados.<\/li>\n<li>Voc\u00ea pode conhecer melhor a cultura e vivenciar aventuras \u00fanicas com nossas viagens preparadas profissionalmente e lideradas por marroquinos nativos.<\/li>\n<li>M\u00e9todos de pagamento super r\u00e1pidos e totalmente seguros.<\/li>\n<li>Nossos pre\u00e7os s\u00e3o totalmente antecipados e sem quaisquer custos ou despesas extras de qualquer tipo.<\/li>\n<li>Nossos principais guias de viagem podem fornecer conselhos de viagem especializados.<\/li>\n<li>Arranjos para toda a comida e bebida, hospedagem e transporte.<\/li>\n<\/ol>\n<p>[\/vc_column_text][\/vc_column][vc_column width=&#8221;1\/2&#8243;][vc_single_image image=&#8221;13365&#8243; img_size=&#8221;medium&#8221; style=&#8221;vc_box_border&#8221; css=&#8221;&#8221;][\/vc_column][\/vc_row][vc_row full_width=&#8221;stretch_row_content_no_spaces&#8221;][vc_column][vc_column_text css=&#8221;&#8221;]<\/p>\n<h2 style=\"text-align: center;\"><span style=\"font-size: 24pt;\"><strong>Por que nossa ag\u00eancia de viagens?<\/strong><\/span><\/h2>\n<h2 style=\"text-align: center;\"><\/h2>\n<hr \/>\n<p>[\/vc_column_text][vc_row_inner][vc_column_inner][vc_column_text css=&#8221;&#8221;]<\/p>\n<h5><strong><i class=\"fa fa-users\"><\/i>\u00a0100% locais<\/strong><\/h5>\n<p>Sendo n\u00f3s mesmos berberes, trazemos uma perspectiva e compreens\u00e3o \u00fanicas das diversas paisagens, tradi\u00e7\u00f5es e l\u00ednguas do Marrocos. Nossa conex\u00e3o \u00edntima com as comunidades locais, o\u00e1sis do deserto e antigas vilas berberes nos permite fornecer uma experi\u00eancia aut\u00eantica e imersiva aos viajantes.<\/p>\n<p>&nbsp;<\/p>\n<h5><strong><i class=\"fa fa-history\"><\/i>\u00a0+12 anos de experi\u00eancia<\/strong><\/h5>\n<p>Com um legado not\u00e1vel de 12 anos na ind\u00fastria do turismo, a Morocco\u00a0Excursions Company se destaca como uma operadora de turismo marroquina excepcionalmente experiente e confi\u00e1vel. Essa vasta experi\u00eancia ressalta nossa profunda especializa\u00e7\u00e3o em oferecer experi\u00eancias de viagem excepcionais por todo o Marrocos.<\/p>\n<p>Ao longo dos anos, aprimoramos nossos servi\u00e7os, fornecendo aos viajantes inigual\u00e1veis \u200b\u200bsobre as diversas paisagens, a rica cultura e a heran\u00e7a hist\u00f3rica do Marrocos. Nossa presen\u00e7a de longa data na ind\u00fastria cultivou uma compreens\u00e3o profunda das prefer\u00eancias de nossos clientes, permitindo-nos elaborar itiner\u00e1rios personalizados que atendem aos seus desejos \u00fanicos.<\/p>\n<p>&nbsp;<\/p>\n<h5><strong><i class=\"fa fa-smile-o\"><\/i>\u00a0Confiabilidade<\/strong><\/h5>\n<p>Nossa reputa\u00e7\u00e3o \u00e9 constru\u00edda em uma longa hist\u00f3ria de fornecer passeios excepcionais que atendem \u00e0s prefer\u00eancias \u00fanicas de cada visitante. Temos orgulho de nosso papel como contadores de hist\u00f3rias, apresentando \u00e0s pessoas os contos cativantes do Marrocos.<\/p>\n<p>Nosso sucesso se deve \u00e0 dedica\u00e7\u00e3o de nossa equipe e \u00e0 confian\u00e7a de nossos clientes. Estamos comprometidos em compartilhar a beleza, a cultura e a hospitalidade do Marrocos com o mundo. Estamos ansiosos para criar mem\u00f3rias duradouras para muitos outros viajantes nos pr\u00f3ximos anos.<\/p>\n<p>&nbsp;<\/p>\n<h5><strong><i class=\"fa fa-shopping-cart\"><\/i>\u00a0Marca\u00e7\u00e3o online<\/strong><\/h5>\n<p>Para aqueles que buscam um processo de reserva r\u00e1pido e sem complica\u00e7\u00f5es, oferecemos a conveni\u00eancia da\u00a0reserva online\u00a0. Visite nosso site, selecione o passeio desejado e siga os passos f\u00e1ceis para garantir sua aventura. A plataforma de reserva online garante um processo perfeito e eficiente, permitindo que voc\u00ea receba confirma\u00e7\u00e3o instant\u00e2nea, para que possa come\u00e7ar a esperar rapidamente por sua jornada marroquina.<\/p>\n<p>&nbsp;<\/p>\n<h5><strong><i class=\"fa fa-calendar\"><\/i>\u00a0Disponibilidade<\/strong><\/h5>\n<p>N\u00e3o importa quando voc\u00ea planeja sua visita, n\u00f3s garantimos que voc\u00ea possa explorar as diversas paisagens e maravilhas culturais do Marrocos. Das agitadas medinas de Marrakech ao sereno Deserto do Saara, nossos itiner\u00e1rios s\u00e3o cuidadosamente projetados para combinar com a esta\u00e7\u00e3o, tornando sua experi\u00eancia inesquec\u00edvel.<\/p>\n<p>Quer voc\u00ea esteja buscando a energia vibrante do ver\u00e3o ou o clima ameno do inverno, nossos passeios s\u00e3o adapt\u00e1veis \u200b\u200bpara lhe proporcionar uma jornada perfeita. Voc\u00ea pode mergulhar na magia do Marrocos durante o florescimento da primavera, mergulhar na atmosfera animada dos festivais de outono ou saborear a tranquilidade da baixa temporada. Nossas sa\u00eddas flex\u00edveis permitem que voc\u00ea experimente a beleza, a hist\u00f3ria e as tradi\u00e7\u00f5es do Marrocos quando for conveniente para voc\u00ea, prometendo uma aventura enriquecedora, n\u00e3o importa quando voc\u00ea escolher explorar este pa\u00eds cativante.<\/p>\n<p>&nbsp;<\/p>\n<h5><strong><i class=\"fa fa-money\"><\/i>\u00a0Acess\u00edvel<\/strong><\/h5>\n<p>Nosso principal objetivo \u00e9 oferecer a voc\u00ea passeios de alta qualidade no Marrocos e outros servi\u00e7os de viagem, tudo sem custar uma fortuna. Queremos que sua experi\u00eancia seja incr\u00edvel, seja explorando os movimentados mercados de Marrakech ou passeando pelo Deserto do Saara.<\/p>\n<p>Acreditamos que acessibilidade nunca deve significar comprometer a qualidade da sua aventura. Trabalhamos duro para tornar nossos passeios acess\u00edveis a todos, otimizando nossas opera\u00e7\u00f5es e trabalhando com parceiros locais para manter os custos baixos.<\/p>\n<p>Ao nos escolher, voc\u00ea pode confiar que seu dinheiro ser\u00e1 bem gasto, e voc\u00ea ter\u00e1 uma experi\u00eancia marroquina fant\u00e1stica sem estourar seu or\u00e7amento. O foco da nossa ag\u00eancia <a href=\"https:\/\/morocco-excursion.com\/pt-br\/dmc-marrocos\/\"><strong>DMC<\/strong><\/a> \u00e9 proporcionar-lhe momentos inesquec\u00edveis em Marrocos, repletos de cultura, patrim\u00f3nio e hospitalidade calorosa.[\/vc_column_text][\/vc_column_inner][\/vc_row_inner][\/vc_column][\/vc_row][vc_row][vc_column][vc_empty_space][vc_column_text css=&#8221;&#8221; el_class=&#8221;fs-28 fs-normal&#8221;]<\/p>\n<p style=\"text-align: center;\"><span style=\"font-size: 18pt;\"><strong>Recomenda\u00e7\u00f5es de viajantes<\/strong><\/span><\/p>\n<p>[\/vc_column_text]<div class=\"st-testimonial-new style-1 \">\r\n        <div class=\"owl-carousel st-testimonial-slider style-1 \">                <div class=\"item has-matchHeight\">\r\n                    <div class=\"author\">\r\n                                                <img decoding=\"async\" src=\"https:\/\/morocco-excursion.com\/wp-content\/uploads\/2021\/09\/Client-Reviews-70x70.jpg\" alt=\"User Avatar\" title=\"\">\r\n                        <div class=\"author-meta\">\r\n                            <h4>Isabel<\/h4>\r\n                            <div class=\"star\">\r\n                                <i class=\"fa fa-star\"><\/i> <i class=\"fa fa-star\"><\/i> <i class=\"fa fa-star\"><\/i> <i class=\"fa fa-star\"><\/i> <i class=\"fa fa-star\"><\/i>                             <\/div>\r\n                        <\/div>\r\n                    <\/div>\r\n                                                <p>\r\n                                Decidimos contratar um carro e motorista particulares para nossas primeiras f\u00e9rias no Marrocos, e n\u00e3o poder\u00edamos ter escolhido uma escolha melhor. Hassan foi fant\u00e1stico desde os primeiros e-mails, e trabalhamos juntos para elaborar o cronograma perfeito. Ele tamb\u00e9m organizou nossa excurs\u00e3o de tr\u00eas dias no deserto, que acabou sendo o destaque da nossa estadia de dez dias no Marrocos. Aziz, nosso motorista, n\u00e3o era apenas competente e um motorista fant\u00e1stico, mas tamb\u00e9m incrivelmente atencioso e muito divertido de se estar por perto. Ele nos forneceu uma riqueza de informa\u00e7\u00f5es sobre a cultura e hist\u00f3ria berbere que n\u00e3o ter\u00edamos de outra forma.                            <\/p>\r\n                                            \r\n                <\/div>\r\n                            <div class=\"item has-matchHeight\">\r\n                    <div class=\"author\">\r\n                                                <img decoding=\"async\" src=\"https:\/\/morocco-excursion.com\/wp-content\/uploads\/2021\/09\/Feedback-Morocco-Travel-Agency-70x70.jpg\" alt=\"User Avatar\" title=\"\">\r\n                        <div class=\"author-meta\">\r\n                            <h4>Alexandre<\/h4>\r\n                            <div class=\"star\">\r\n                                <i class=\"fa fa-star\"><\/i> <i class=\"fa fa-star\"><\/i> <i class=\"fa fa-star\"><\/i> <i class=\"fa fa-star\"><\/i> <i class=\"fa fa-star\"><\/i>                             <\/div>\r\n                        <\/div>\r\n                    <\/div>\r\n                                                <p>\r\n                                Morocco Excursions foi a ag\u00eancia de viagens local que usamos para nossa viagem pelo Marrocos, e n\u00e3o ficamos desapontados. Mohammed foi nosso motorista, e ele nos mostrou todos os lugares excelentes e foi flex\u00edvel quando precis\u00e1vamos modificar nosso itiner\u00e1rio. Mohammed \u00e9 um guia muito experiente com muitas informa\u00e7\u00f5es sobre a cultura e hist\u00f3ria marroquinas. Ele fez paradas para n\u00f3s ao longo da estrada em bons restaurantes que eram locais e serviam refei\u00e7\u00f5es deliciosas. Esta ag\u00eancia de viagens \u00e9 altamente recomendada por mim por causa de seus servi\u00e7os de alta qualidade e pre\u00e7os razo\u00e1veis.                            <\/p>\r\n                                            \r\n                <\/div>\r\n                            <div class=\"item has-matchHeight\">\r\n                    <div class=\"author\">\r\n                                                <img decoding=\"async\" src=\"https:\/\/morocco-excursion.com\/wp-content\/uploads\/2021\/09\/Happy-Morocco-Travel-Clients-70x70.jpg\" alt=\"User Avatar\" title=\"\">\r\n                        <div class=\"author-meta\">\r\n                            <h4>Mariana<\/h4>\r\n                            <div class=\"star\">\r\n                                <i class=\"fa fa-star\"><\/i> <i class=\"fa fa-star\"><\/i> <i class=\"fa fa-star\"><\/i> <i class=\"fa fa-star\"><\/i> <i class=\"fa fa-star\"><\/i>                             <\/div>\r\n                        <\/div>\r\n                    <\/div>\r\n                                                <p>\r\n                                Fizemos uma viagem de 10 dias com Ali e Ahmed da Morocco Excursions, que fizeram um \u00f3timo trabalho nos guiando pelo pa\u00eds. Todo o processo de reserva foi r\u00e1pido, desde a coleta de informa\u00e7\u00f5es at\u00e9 o planejamento de um itiner\u00e1rio, pagamento de um dep\u00f3sito e todo o resto foi cuidado desde o minuto em que fomos pegos no aeroporto. O itiner\u00e1rio foi bem planejado e personalizado de acordo com nossas necessidades, e as acomoda\u00e7\u00f5es foram excelentes. O n\u00edvel de seguran\u00e7a e conforto foi excepcional. O carro era um Toyota moderno, e nosso motorista\/guia Ali foi fant\u00e1stico; ele nos levou pelo Marrocos e nos forneceu muitas informa\u00e7\u00f5es.                            <\/p>\r\n                                            \r\n                <\/div>\r\n            <\/div><\/div>\r\n[vc_empty_space height=&#8221;15px&#8221;]<div class=\"st-testimonial-new style-1 \">\r\n        <div class=\"owl-carousel st-testimonial-slider style-1 \">                <div class=\"item has-matchHeight\">\r\n                    <div class=\"author\">\r\n                                                <img decoding=\"async\" src=\"https:\/\/morocco-excursion.com\/wp-content\/uploads\/2021\/09\/Morocco-Travel-Agency-Rviews-70x70.jpg\" alt=\"User Avatar\" title=\"\">\r\n                        <div class=\"author-meta\">\r\n                            <h4>Alfaro<\/h4>\r\n                            <div class=\"star\">\r\n                                <i class=\"fa fa-star\"><\/i> <i class=\"fa fa-star\"><\/i> <i class=\"fa fa-star\"><\/i> <i class=\"fa fa-star\"><\/i> <i class=\"fa fa-star\"><\/i>                             <\/div>\r\n                        <\/div>\r\n                    <\/div>\r\n                                                <p>\r\n                                J\u00e1 se passaram duas semanas e ainda estamos falando sobre nossa recente viagem ao Marrocos. Foi uma jornada fant\u00e1stica. Nossa programa\u00e7\u00e3o de passeios foi bem planejada e as acomoda\u00e7\u00f5es foram cuidadosamente escolhidas para atender \u00e0s nossas necessidades. Os lugares que visitamos e as atividades que fizemos foram simplesmente incr\u00edveis. Obrigado a Hassan e aos membros da equipe que nos acompanharam durante esta jornada. Brahim, nosso guia, e Ali, nosso motorista, foram fant\u00e1sticos. Ambos foram atenciosos, compassivos e fizeram de tudo para garantir que todos n\u00f3s estiv\u00e9ssemos bem o tempo todo.                            <\/p>\r\n                                            \r\n                <\/div>\r\n                            <div class=\"item has-matchHeight\">\r\n                    <div class=\"author\">\r\n                                                <img decoding=\"async\" src=\"https:\/\/morocco-excursion.com\/wp-content\/uploads\/2021\/09\/TripAdvisor-Reviews-Morocco-Excursions-70x70.png\" alt=\"User Avatar\" title=\"\">\r\n                        <div class=\"author-meta\">\r\n                            <h4>Bernardo<\/h4>\r\n                            <div class=\"star\">\r\n                                <i class=\"fa fa-star\"><\/i> <i class=\"fa fa-star\"><\/i> <i class=\"fa fa-star\"><\/i> <i class=\"fa fa-star\"><\/i> <i class=\"fa fa-star\"><\/i>                             <\/div>\r\n                        <\/div>\r\n                    <\/div>\r\n                                                <p>\r\n                                Recentemente retornamos de uma viagem de duas semanas ao Marrocos. Em uma viagem dessa dura\u00e7\u00e3o, era essencial que constru\u00edssemos um bom relacionamento com nosso motorista, o que fizemos com Omar. Ele era um motorista cuidadoso e seguro que rapidamente identificou nossos desejos e necessidades. Como o Saara desempenhou um papel t\u00e3o essencial em nossa viagem, foi excelente que ele fosse um morador orgulhoso da regi\u00e3o e compartilhasse seu conhecimento da l\u00edngua e cultura berbere conosco.                            <\/p>\r\n                                            \r\n                <\/div>\r\n                            <div class=\"item has-matchHeight\">\r\n                    <div class=\"author\">\r\n                                                <img decoding=\"async\" src=\"https:\/\/morocco-excursion.com\/wp-content\/uploads\/2021\/09\/TripAdvisor-Reviews-Morocco-Excursions-70x70.png\" alt=\"User Avatar\" title=\"\">\r\n                        <div class=\"author-meta\">\r\n                            <h4>Rima<\/h4>\r\n                            <div class=\"star\">\r\n                                <i class=\"fa fa-star\"><\/i> <i class=\"fa fa-star\"><\/i> <i class=\"fa fa-star\"><\/i> <i class=\"fa fa-star\"><\/i> <i class=\"fa fa-star\"><\/i>                             <\/div>\r\n                        <\/div>\r\n                    <\/div>\r\n                                                <p>\r\n                                N\u00f3s nos divertimos muito em nossas f\u00e9rias privadas de 7 dias no Marrocos com a Morocco Tours . Brahim, nosso motorista e guia, era extremamente experiente, falava ingl\u00eas excelente e era muito profissional e prestativo. O autom\u00f3vel tamb\u00e9m era incrivelmente confort\u00e1vel. T\u00ednhamos um itiner\u00e1rio preciso a seguir ao longo de sete dias, e a viagem foi bem planejada. N\u00e3o tivemos nenhuma experi\u00eancia ruim!                            <\/p>\r\n                                            \r\n                <\/div>\r\n            <\/div><\/div>\r\n[vc_empty_space height=&#8221;15px&#8221;]<div class=\"st-testimonial-new style-1 \">\r\n        <div class=\"owl-carousel st-testimonial-slider style-1 \">                <div class=\"item has-matchHeight\">\r\n                    <div class=\"author\">\r\n                                                <img decoding=\"async\" src=\"https:\/\/morocco-excursion.com\/wp-content\/uploads\/2021\/09\/TripAdvisor-Reviews-Morocco-Excursions-70x70.png\" alt=\"User Avatar\" title=\"\">\r\n                        <div class=\"author-meta\">\r\n                            <h4>Vector<\/h4>\r\n                            <div class=\"star\">\r\n                                <i class=\"fa fa-star\"><\/i> <i class=\"fa fa-star\"><\/i> <i class=\"fa fa-star\"><\/i> <i class=\"fa fa-star\"><\/i> <i class=\"fa fa-star\"><\/i>                             <\/div>\r\n                        <\/div>\r\n                    <\/div>\r\n                                                <p>\r\n                                Excelentes f\u00e9rias de 10 dias com a Morocco Excursions. Decidimos fazer nosso pr\u00f3prio passeio pelas \u00e1reas que quer\u00edamos ver. Optamos por ficar em certas \u00e1reas por duas noites porque est\u00e1vamos na casa dos 70 anos. Nosso motorista, Amar, foi fant\u00e1stico; ele foi gentil e educado, e nos ajudou a mudar nossa rota para atender \u00e0s nossas necessidades. Os Riads em que ficamos eram fant\u00e1sticos, assim como o acampamento no deserto, Ait Ben Haddou, as montanhas Atas, desfiladeiros e vales, e Essaouira. Hassan, o diretor da empresa, foi muito prestativo, principalmente durante a etapa de reserva. Aconselhamos fortemente os turistas a utilizar esta empresa, pois voc\u00ea pode escolher para onde quer ir e em que ritmo.                             <\/p>\r\n                                            \r\n                <\/div>\r\n                            <div class=\"item has-matchHeight\">\r\n                    <div class=\"author\">\r\n                                                <img decoding=\"async\" src=\"https:\/\/morocco-excursion.com\/wp-content\/uploads\/2021\/09\/TripAdvisor-Reviews-Morocco-Excursions-70x70.png\" alt=\"User Avatar\" title=\"\">\r\n                        <div class=\"author-meta\">\r\n                            <h4>Olivia<\/h4>\r\n                            <div class=\"star\">\r\n                                <i class=\"fa fa-star\"><\/i> <i class=\"fa fa-star\"><\/i> <i class=\"fa fa-star\"><\/i> <i class=\"fa fa-star\"><\/i> <i class=\"fa fa-star\"><\/i>                             <\/div>\r\n                        <\/div>\r\n                    <\/div>\r\n                                                <p>\r\n                                Fizemos uma excurs\u00e3o de tr\u00eas dias de Fez a Marrakech pelo Deserto de Merzouga. Esta foi uma oportunidade \u00fanica na vida! Ahmed foi um motorista, guia e companheiro fant\u00e1stico; ele foi muito cort\u00eas e ador\u00e1vel para viajar. \u00c9 importante enfatizar que ele \u00e9 um homem muito decente, e temos muita sorte de t\u00ea-lo conhecido; ele merece o melhor. Muito obrigado, Ahmed! As f\u00e9rias inteiras foram incr\u00edveis; vimos muitos lugares e aprendemos muitas coisas, mas a experi\u00eancia mais espetacular foi passar a noite no deserto. Todos os outros guias que conhecemos tamb\u00e9m foram muito legais e prestativos, e gostar\u00edamos de agradec\u00ea-los tamb\u00e9m! Recomendamos fortemente reservar uma viagem para o Marrocos com esta \u00f3tima equipe!                            <\/p>\r\n                                            \r\n                <\/div>\r\n                            <div class=\"item has-matchHeight\">\r\n                    <div class=\"author\">\r\n                                                <img decoding=\"async\" src=\"https:\/\/morocco-excursion.com\/wp-content\/uploads\/2021\/09\/TripAdvisor-Reviews-Morocco-Excursions-70x70.png\" alt=\"User Avatar\" title=\"\">\r\n                        <div class=\"author-meta\">\r\n                            <h4>Fernanda<\/h4>\r\n                            <div class=\"star\">\r\n                                <i class=\"fa fa-star\"><\/i> <i class=\"fa fa-star\"><\/i> <i class=\"fa fa-star\"><\/i> <i class=\"fa fa-star\"><\/i> <i class=\"fa fa-star\"><\/i>                             <\/div>\r\n                        <\/div>\r\n                    <\/div>\r\n                                                <p>\r\n                                A Ag\u00eancia de Viagens Morocco Excursions hospedou meu c\u00f4njuge e eu por tr\u00eas dias. Come\u00e7amos em Fes e viajamos para Marrakech passando por muitos destinos. A excurs\u00e3o incluiu uma estadia em uma luxuosa tenda no deserto. Tudo foi maravilhoso. Nosso motorista, Ahmed, era incrivelmente conhecedor e detalhou completamente todos os pontos tur\u00edsticos que vimos, bem como os costumes tradicionais. Todos n\u00f3s aspiramos ter a mesma experi\u00eancia. Muito obrigado, Hassan e Ahmed.                            <\/p>\r\n                                            \r\n                <\/div>\r\n            <\/div><\/div>\r\n[vc_btn title=&#8221;MAIS <a href=\"https:\/\/morocco-excursion.com\/pt-br\/reviews\/\"><b>AVALIA\u00c7\u00d5ES<\/b><\/a>&#8221; color=&#8221;info&#8221; size=&#8221;xs&#8221; align=&#8221;center&#8221; css=&#8221;.vc_custom_1721735158085{margin-top: 5px !important;}&#8221;][\/vc_column][\/vc_row]<\/p>\n<\/div>","protected":false},"excerpt":{"rendered":"<p>[vc_row full_width=&#8221;stretch_row_content_no_spaces&#8221;][vc_column css=&#8221;.vc_custom_1702842665473{margin-top: 5px !important;}&#8221;][vc_empty_space height=&#8221;10px&#8221;][\/vc_column][\/vc_row][vc_row][vc_column width=&#8221;1\/2&#8243;][vc_column_text css=&#8221;&#8221;] Quem Somos? N\u00f3s da\u00a0Morocco Excursions\u00a0temos fornecido aos viajantes do mundo todo uma variedade de\u00a0\u00a0tours compartilhados e privados no Marrocos\u00a0e f\u00e9rias com tudo incluso no Marrocos. N\u00f3s nos tornamos uma das principais\u00a0\u00a0ag\u00eancias de viagens marroquinas\u00a0\u00a0como resultado da confian\u00e7a e lealdade de nossos clientes ao longo dos anos. Ao [&hellip;]<\/p>\n","protected":false},"author":1,"featured_media":13312,"parent":0,"menu_order":0,"comment_status":"closed","ping_status":"closed","template":"template-home-modern.php","meta":{"footnotes":""},"class_list":["post-14735","page","type-page","status-publish","has-post-thumbnail","hentry"],"_links":{"self":[{"href":"https:\/\/morocco-excursion.com\/pt-br\/wp-json\/wp\/v2\/pages\/14735","targetHints":{"allow":["GET"]}}],"collection":[{"href":"https:\/\/morocco-excursion.com\/pt-br\/wp-json\/wp\/v2\/pages"}],"about":[{"href":"https:\/\/morocco-excursion.com\/pt-br\/wp-json\/wp\/v2\/types\/page"}],"author":[{"embeddable":true,"href":"https:\/\/morocco-excursion.com\/pt-br\/wp-json\/wp\/v2\/users\/1"}],"replies":[{"embeddable":true,"href":"https:\/\/morocco-excursion.com\/pt-br\/wp-json\/wp\/v2\/comments?post=14735"}],"version-history":[{"count":0,"href":"https:\/\/morocco-excursion.com\/pt-br\/wp-json\/wp\/v2\/pages\/14735\/revisions"}],"wp:featuredmedia":[{"embeddable":true,"href":"https:\/\/morocco-excursion.com\/pt-br\/wp-json\/wp\/v2\/media\/13312"}],"wp:attachment":[{"href":"https:\/\/morocco-excursion.com\/pt-br\/wp-json\/wp\/v2\/media?parent=14735"}],"curies":[{"name":"wp","href":"https:\/\/api.w.org\/{rel}","templated":true}]}}