{"id":16348,"date":"2025-08-07T11:09:18","date_gmt":"2025-08-07T11:09:18","guid":{"rendered":"https:\/\/morocco-excursion.com\/dmc-morocco\/"},"modified":"2025-08-08T10:56:50","modified_gmt":"2025-08-08T10:56:50","slug":"dmc-marrocos","status":"publish","type":"page","link":"https:\/\/morocco-excursion.com\/pt-br\/dmc-marrocos\/","title":{"rendered":"Destination Management Company (DMC) Marrocos"},"content":{"rendered":"<div class=\"wpb-content-wrapper\"><p>[vc_row css=&#8221;.vc_custom_1703805246810{margin-top: 10px !important;}&#8221;][vc_column][vc_column_text css=&#8221;&#8221;]<\/p>\n<p>Est\u00e1 a planear uma viagem a Marrocos? Como empresa local de gest\u00e3o de destinos sediada aqui mesmo em Marrocos, oferecemos tudo o que precisa para tornar a sua viagem tranquila, emocionante e inesquec\u00edvel. Desde passeios personalizados e viagens em grupo a experi\u00eancias de luxo, transporte privado e atividades locais aut\u00eanticas, cobrimos todo o pa\u00eds, desde as montanhas do Alto Atlas at\u00e9 \u00e0s dunas douradas do Saara.<\/p>\n<p>A nossa equipa vive e trabalha em Marrocos, por isso conhecemos a cultura, a hist\u00f3ria e as joias escondidas que a maioria dos viajantes n\u00e3o conhece. Vamos al\u00e9m das rotas tur\u00edsticas padr\u00e3o para lhe proporcionar experi\u00eancias reais e significativas, como partilhar uma refei\u00e7\u00e3o caseira com uma fam\u00edlia local, passear por medinas antigas com guias especializados ou aprender artesanato tradicional com artes\u00e3os habilidosos. Quer esteja \u00e0 procura de aventura, descoberta cultural ou relaxamento total, concebemos cada viagem de acordo com os seus interesses, ritmo e or\u00e7amento.<\/p>\n<p>Conosco, n\u00e3o est\u00e1 apenas a reservar servi\u00e7os \u2014 est\u00e1 a ganhar um parceiro local que cuida de todos os detalhes, desde o transporte do aeroporto at\u00e9 ao alojamento e planeamento di\u00e1rio. Recebe apoio confi\u00e1vel, conselhos honestos e uma experi\u00eancia personalizada em cada etapa do caminho. Deixe-nos ajud\u00e1-lo a explorar o verdadeiro Marrocos \u2014 com conforto, confian\u00e7a e do seu jeito.<\/p>\n<h2>Servi\u00e7os DMC em Marrocos<\/h2>\n<table>\n<tbody>\n<tr>\n<th><a href=\"#tours\">Excurs\u00f5es<\/a><\/th>\n<th><a href=\"#activities\">Atividades<\/a><\/th>\n<th><a href=\"#accommodation\">Acomoda\u00e7\u00f5es<\/a><\/th>\n<th><a href=\"#transportation\">Transporte<\/a><\/th>\n<\/tr>\n<tr>\n<td>Excurs\u00f5es privadas<\/td>\n<td>Passeio de camelo<\/td>\n<td>Acampamentos<\/td>\n<td>SUV<\/td>\n<\/tr>\n<tr>\n<td>Excurs\u00f5es em grupo<\/td>\n<td>Trekking<\/td>\n<td>Riads<\/td>\n<td>Carros 4&#215;4<\/td>\n<\/tr>\n<tr>\n<td>Passeios personalizados<\/td>\n<td>ATV (Quad)<\/td>\n<td>Hot\u00e9is 3 estrelas<\/td>\n<td>VAN<\/td>\n<\/tr>\n<tr>\n<td>Visitas guiadas<\/td>\n<td>Buggy<\/td>\n<td>Hot\u00e9is 4 estrelas<\/td>\n<td>Micro-\u00f4nibus<\/td>\n<\/tr>\n<tr>\n<td>Excurs\u00f5es de aventura<\/td>\n<td>Bal\u00e3o de ar quente<\/td>\n<td>Hot\u00e9is 5 estrelas<\/td>\n<td>Autocarros<\/td>\n<\/tr>\n<\/tbody>\n<\/table>\n<p>[\/vc_column_text][\/vc_column][\/vc_row][vc_row el_id=&#8221;accommodation&#8221;][vc_column][vc_column_text css=&#8221;&#8221;]<\/p>\n<h2>Acomoda\u00e7\u00e3o<\/h2>\n<p>[\/vc_column_text][vc_column_text css=&#8221;&#8221;]<\/p>\n<p>Oferecemos uma gama completa de op\u00e7\u00f5es de alojamento em todo o Marrocos para atender ao estilo e or\u00e7amento de cada viajante. Quer esteja \u00e0 procura de uma estadia simples ou de uma escapadela de luxo, temos o que precisa. Trabalhamos com parceiros de confian\u00e7a para oferecer tudo, desde acampamentos tradicionais no deserto a riads charmosos, hot\u00e9is boutique e resorts de luxo.<\/p>\n<p>Para aqueles que procuram uma experi\u00eancia \u00fanica, recomendamos ficar num <a href=\"https:\/\/pt.wikipedia.org\/wiki\/Riad_(Marrocos)\" target=\"_blank\" rel=\"noopener\"><strong>riad<\/strong><\/a> \u2014 uma casa tradicional marroquina com um p\u00e1tio interno \u2014 encontrado em medinas hist\u00f3ricas como Marraquexe ou Fez. Se voc\u00ea estiver indo para o deserto, podemos organizar uma noite sob as estrelas num acampamento confort\u00e1vel ou luxuoso, completo com tendas privadas e entretenimento local.<\/p>\n<p>Tamb\u00e9m oferecemos uma ampla sele\u00e7\u00e3o de hot\u00e9is, desde op\u00e7\u00f5es aconchegantes de 3 estrelas at\u00e9 cadeias internacionais de 5 estrelas e hot\u00e9is de luxo exclusivos com servi\u00e7os de spa e refei\u00e7\u00f5es requintadas. N\u00e3o importa onde voc\u00ea queira ficar \u2014 na cidade, na praia, nas montanhas ou no deserto \u2014 encontraremos a op\u00e7\u00e3o perfeita para voc\u00ea.<\/p>\n<p>O nosso objetivo \u00e9 tornar a sua estadia em Marrocos o mais confort\u00e1vel e memor\u00e1vel poss\u00edvel. Basta dizer-nos o que procura e n\u00f3s trataremos do resto, at\u00e9 ao mais \u00ednfimo detalhe.<\/p>\n<p>[\/vc_column_text][\/vc_column][vc_column width=&#8221;1\/3&#8243;][vc_single_image image=&#8221;16332&#8243; css=&#8221;&#8221;][\/vc_column][vc_column width=&#8221;1\/3&#8243;][vc_single_image image=&#8221;16327&#8243; css=&#8221;&#8221;][\/vc_column][vc_column width=&#8221;1\/3&#8243;][vc_single_image image=&#8221;16322&#8243; css=&#8221;&#8221;][\/vc_column][\/vc_row][vc_row][vc_column][vc_column_text css=&#8221;&#8221;]<\/p>\n<h2>Transporte<\/h2>\n<p>[\/vc_column_text][vc_column_text css=&#8221;&#8221;]<\/p>\n<p>Na Morocco Exursions, temos todos os tipos de servi\u00e7os de transporte em todo o Marrocos, adaptados \u00e0s suas necessidades de viagem. Quer esteja a explorar cidades, a dirigir-se para as montanhas ou a planear uma aventura no deserto, podemos providenciar o ve\u00edculo certo para si, sempre com um motorista profissional e experiente para garantir conforto, seguran\u00e7a e tranquilidade.<\/p>\n<p>A nossa frota inclui uma vasta gama de ve\u00edculos para atender indiv\u00edduos, fam\u00edlias e grupos de qualquer tamanho. Oferecemos sedans modernos para passeios pela cidade e viagens de neg\u00f3cios, SUVs e 4&#215;4 espa\u00e7osos para viagens off-road e nas montanhas, e vans confort\u00e1veis para pequenos grupos ou fam\u00edlias. Para grupos maiores, oferecemos micro-\u00f4nibus bem conservados, \u00f4nibus de tamanho normal e \u00f4nibus de luxo equipados com todas as comodidades necess\u00e1rias.<\/p>\n<p>Todos os nossos ve\u00edculos s\u00e3o limpos, climatizados, segurados e passam por manuten\u00e7\u00e3o regular para atender aos padr\u00f5es internacionais. Os nossos motoristas s\u00e3o corteses, pontuais e conhecedores das estradas e regi\u00f5es locais, tornando a sua viagem tranquila e sem stress.<\/p>\n<p>Quer precise de um \u00fanico transporte do aeroporto, transporte durante todo o dia ou uma viagem de v\u00e1rios dias pelo pa\u00eds, n\u00f3s temos o que precisa. Connosco, viajar pelo Marrocos \u00e9 simples, fi\u00e1vel e totalmente personalizado de acordo com a sua agenda. Basta dizer-nos onde quer ir e n\u00f3s tratamos do resto.<\/p>\n<p>[\/vc_column_text][\/vc_column][vc_column width=&#8221;1\/3&#8243;][vc_single_image image=&#8221;14180&#8243; css=&#8221;&#8221;][\/vc_column][vc_column width=&#8221;1\/3&#8243;][vc_single_image image=&#8221;14165&#8243; css=&#8221;&#8221;][\/vc_column][vc_column width=&#8221;1\/3&#8243;][vc_single_image image=&#8221;14170&#8243; css=&#8221;&#8221;][\/vc_column][\/vc_row][vc_row el_id=&#8221;activities&#8221;][vc_column][vc_column_text css=&#8221;&#8221;]<\/p>\n<h2>Atividades<\/h2>\n<p>[\/vc_column_text][vc_column_text css=&#8221;&#8221;]<\/p>\n<p>Oferecemos uma gama completa de atividades tur\u00edsticas em todo o Marrocos, adaptadas a todos os interesses e estilos de viagem. Quer esteja \u00e0 procura de aventura, cultura ou algo entre os dois, podemos organizar experi\u00eancias inesquec\u00edveis que lhe mostram o melhor que Marrocos tem para oferecer.<\/p>\n<p>Para os amantes da natureza e dos esportes radicais, organizamos caminhadas nas montanhas Atlas, passeios pelo deserto atrav\u00e9s das dunas e caminhadas guiadas em vales remotos. Se preferir algo mais acelerado, oferecemos passeios de ATV e buggy pelo deserto, passeios de bicicleta de montanha e aventuras off-road em 4&#215;4.<\/p>\n<p>Procura uma perspetiva \u00fanica? Sobrevoe as paisagens deslumbrantes de Marraquexe com um passeio de bal\u00e3o de ar quente ao nascer do sol. \u00c9 uma experi\u00eancia que n\u00e3o ir\u00e1 esquecer.<\/p>\n<p>Tamb\u00e9m oferecemos atividades culturais ricas. Participe numa aula de culin\u00e1ria marroquina com um chef local, aprenda a preparar pratos tradicionais como tagine e cuscuz ou explore a vida na aldeia com passeios culturais guiados.<\/p>\n<p>Todas as atividades s\u00e3o geridas por parceiros locais de confian\u00e7a e guias profissionais que garantem seguran\u00e7a, conforto e autenticidade. Quer esteja a organizar uma viagem para um viajante individual, um casal, uma fam\u00edlia ou um grupo, criamos a combina\u00e7\u00e3o perfeita de experi\u00eancias para corresponder \u00e0 sua viagem.<\/p>\n<p>[\/vc_column_text][\/vc_column][vc_column width=&#8221;1\/3&#8243;][vc_single_image image=&#8221;16302&#8243; css=&#8221;&#8221;][\/vc_column][vc_column width=&#8221;1\/3&#8243;][vc_single_image image=&#8221;16297&#8243; css=&#8221;&#8221;][\/vc_column][vc_column width=&#8221;1\/3&#8243;][vc_single_image image=&#8221;16292&#8243; css=&#8221;&#8221;][\/vc_column][\/vc_row][vc_row el_id=&#8221;tours&#8221;][vc_column][vc_column_text css=&#8221;&#8221;]<\/p>\n<h2>Tours<\/h2>\n<p>[\/vc_column_text][vc_column_text css=&#8221;&#8221;]<\/p>\n<p>As nossas <strong><a href=\"https:\/\/morocco-excursion.com\/pt-br\/\">viagens ao Marrocos<\/a><\/strong> s\u00e3o flex\u00edveis e concebidas para se adequarem ao hor\u00e1rio e estilo de cada viajante. Quer tenha apenas um dia ou um m\u00eas inteiro para explorar, podemos criar o itiner\u00e1rio perfeito para si. Oferecemos tudo, desde viagens curtas de um dia a aventuras de v\u00e1rios dias com dura\u00e7\u00e3o de 10, 15, 20 dias \u2014 ou at\u00e9 mesmo um m\u00eas inteiro. Pode viajar ao seu pr\u00f3prio ritmo, ver o que mais lhe interessa e desfrutar de uma experi\u00eancia tranquila e bem organizada do in\u00edcio ao fim.<\/p>\n<p>Organizamos excurs\u00f5es privadas para indiv\u00edduos, casais e fam\u00edlias que desejam uma viagem mais pessoal, bem como excurs\u00f5es em grupo para amigos, empresas ou eventos especiais. Cada excurs\u00e3o pode ser personalizada para corresponder aos seus objetivos de viagem \u2014 quer esteja interessado na rica cultura, hist\u00f3ria e natureza de Marrocos, ou apenas queira uma escapadela relaxante.<\/p>\n<p>Se procura algo mais ativo, tamb\u00e9m oferecemos excurs\u00f5es de aventura que incluem caminhadas, passeios de camelo, acampamentos no deserto e experi\u00eancias off-road. Seja qual for o tipo de viagem com que sonha, n\u00f3s torn\u00e1-la-emos realidade.<\/p>\n<p>Com o nosso conhecimento local e equipa profissional, desfrutar\u00e1 de uma viagem segura, confort\u00e1vel e inesquec\u00edvel pelo Marrocos.<\/p>\n<p>[\/vc_column_text][\/vc_column][vc_column width=&#8221;1\/3&#8243;][vc_single_image image=&#8221;16317&#8243; css=&#8221;&#8221;][\/vc_column][vc_column width=&#8221;1\/3&#8243;][vc_single_image image=&#8221;16307&#8243; css=&#8221;&#8221;][\/vc_column][vc_column width=&#8221;1\/3&#8243;][vc_single_image image=&#8221;16312&#8243; css=&#8221;&#8221;][\/vc_column][\/vc_row][vc_row full_width=&#8221;stretch_row&#8221; css=&#8221;.vc_custom_1716470452866{background-color: #eaeef3 !important;}&#8221;][vc_column width=&#8221;2\/3&#8243;][vc_column_text css=&#8221;&#8221;]<\/p>\n<h3>Perguntas frequentes<\/h3>\n<p>[\/vc_column_text][\/vc_column][vc_column width=&#8221;1\/3&#8243;][\/vc_column][\/vc_row][vc_row full_width=&#8221;stretch_row&#8221; css=&#8221;.vc_custom_1716470482444{background-color: #eaeef3 !important;}&#8221;][vc_column][vc_toggle title=&#8221;Quem somos n\u00f3s?&#8221; style=&#8221;arrow&#8221; open=&#8221;true&#8221; css=&#8221;&#8221;]<\/p>\n<p class=\"ds-markdown-paragraph\">Somos uma DMC (Destination Management Company) em Marrocos. Uma ag\u00eancia de viagens local especializada na organiza\u00e7\u00e3o e gest\u00e3o de servi\u00e7os de viagens, incluindo log\u00edstica, alojamento, excurs\u00f5es, transporte e eventos para grupos empresariais, MICE (Meetings, Incentives, Conventions, and Exhibitions) e viajantes em lazer.<\/p>\n<p>[\/vc_toggle][vc_toggle title=&#8221;Por que devo usar um DMC em Marrocos?&#8221; style=&#8221;arrow&#8221; css=&#8221;&#8221;]<\/p>\n<p class=\"ds-markdown-paragraph\">Temos um profundo conhecimento local, fortes rela\u00e7\u00f5es com fornecedores e experi\u00eancia no tratamento de itiner\u00e1rios complexos em Marrocos para grupos pequenos e grandes.<\/p>\n<p>[\/vc_toggle][vc_toggle title=&#8221;Que servi\u00e7os pode oferecer uma DMC em Marrocos?&#8221; style=&#8221;arrow&#8221; css=&#8221;&#8221;]Aqui est\u00e3o os servi\u00e7os que podemos oferecer:<\/p>\n<ul>\n<li>Viagens corporativas e eventos MICE<\/li>\n<li>Excurs\u00f5es personalizadas e viagens de luxo<\/li>\n<li>Transporte e transfer\u00eancias<\/li>\n<li>Alojamento<\/li>\n<li>Atividades de team building<\/li>\n<li>Experi\u00eancias culturais e de aventura<\/li>\n<li>Gest\u00e3o log\u00edstica e operacional<\/li>\n<\/ul>\n<p>[\/vc_toggle][vc_toggle title=&#8221;Voc\u00ea consegue lidar com grandes eventos corporativos?&#8221; style=&#8221;arrow&#8221; css=&#8221;&#8221;]<\/p>\n<p class=\"ds-markdown-paragraph\">Sim, somos especializados em eventos corporativos de grande escala, incluindo confer\u00eancias, viagens de incentivo e lan\u00e7amentos de produtos, com experi\u00eancia em locais como Marraquexe, Casablanca e Agadir.<\/p>\n<p>[\/vc_toggle][vc_toggle title=&#8221;Voc\u00eas trabalham com clientes internacionais?&#8221; style=&#8221;arrow&#8221; css=&#8221;&#8221;]<\/p>\n<p class=\"ds-markdown-paragraph\">\u00c9 claro que atendemos clientes globais, incluindo organizadores de eventos, ag\u00eancias de viagens e empresas, oferecendo suporte multilingue.<\/p>\n<p>[\/vc_toggle][vc_toggle title=&#8221;Quais s\u00e3o os principais destinos em Marrocos para servi\u00e7os DMC?&#8221; style=&#8221;arrow&#8221; css=&#8221;&#8221;]Aqui est\u00e3o os nossos principais destinos:<\/p>\n<ol>\n<li>Marraquexe (luxo e eventos)<\/li>\n<li>Casablanca (viagens corporativas)<\/li>\n<li>Fez (excurs\u00f5es culturais)<\/li>\n<li>Deserto do Saara (viagens de aventura)<\/li>\n<li>Agadir e T\u00e2nger (litoral e lazer)<\/li>\n<\/ol>\n<p>[\/vc_toggle][vc_toggle title=&#8221;Qual \u00e9 a diferen\u00e7a entre um DMC e um operador tur\u00edstico em Marrocos?&#8221; style=&#8221;arrow&#8221; css=&#8221;&#8221;]<\/p>\n<p>DMC: Especializada em gest\u00e3o completa de destinos (log\u00edstica, eventos, viagens corporativas).<\/p>\n<p>Operadora de turismo: Foca em pacotes tur\u00edsticos pr\u00e9-definidos para viajantes individuais.<\/p>\n<p>[\/vc_toggle][vc_toggle title=&#8221;Como posso pagar?&#8221; style=&#8221;arrow&#8221; css=&#8221;&#8221;]We offer secure and convenient payment options for your bookings and services:<\/p>\n<p><strong>Cards<\/strong>\u00a0\u2013 Visa, Mastercard, Maestro (processed via secure payment gateways).<br \/>\n<strong>PayPal, Revolut, Wise<\/strong>\u00a0\u2013 Fast and secure online payments (for international clients).<br \/>\n<strong>Bank Transfer\u00a0<\/strong>\u2013 Direct bank payments (local &amp; international).[\/vc_toggle][\/vc_column][\/vc_row][vc_row][vc_column]<div class=\"st-testimonial-new style-1 \">\r\n                <h3>Avalia\u00e7\u00f5es<\/h3>\r\n        <div class=\"owl-carousel st-testimonial-slider style-1 \">                <div class=\"item has-matchHeight\">\r\n                    <div class=\"author\">\r\n                                                <img decoding=\"async\" src=\"https:\/\/morocco-excursion.com\/wp-content\/uploads\/2021\/09\/TripAdvisor-Reviews-Morocco-Excursions-70x70.png\" alt=\"User Avatar\" title=\"\">\r\n                        <div class=\"author-meta\">\r\n                            <h4>OT Viagens<\/h4>\r\n                            <div class=\"star\">\r\n                                <i class=\"fa fa-star\"><\/i> <i class=\"fa fa-star\"><\/i> <i class=\"fa fa-star\"><\/i> <i class=\"fa fa-star\"><\/i> <i class=\"fa fa-star\"><\/i>                             <\/div>\r\n                        <\/div>\r\n                    <\/div>\r\n                                                <p>\r\n                                J\u00e1 trabalh\u00e1mos com esta ag\u00eancia v\u00e1rias vezes para os nossos clientes que viajam para Marrocos, e eles prestam sempre um servi\u00e7o excecional. A sua experi\u00eancia local, log\u00edstica impec\u00e1vel e aten\u00e7\u00e3o aos detalhes garantem experi\u00eancias inesquec\u00edveis. Desde estadias de luxo a eventos corporativos, eles tratam de tudo na perfei\u00e7\u00e3o. Altamente recomendado para quem procura um DMC fi\u00e1vel em Marrocos!                            <\/p>\r\n                                            \r\n                <\/div>\r\n                            <div class=\"item has-matchHeight\">\r\n                    <div class=\"author\">\r\n                                                <img decoding=\"async\" src=\"https:\/\/morocco-excursion.com\/wp-content\/uploads\/2021\/09\/TripAdvisor-Reviews-Morocco-Excursions-70x70.png\" alt=\"User Avatar\" title=\"\">\r\n                        <div class=\"author-meta\">\r\n                            <h4>STP Tours<\/h4>\r\n                            <div class=\"star\">\r\n                                <i class=\"fa fa-star\"><\/i> <i class=\"fa fa-star\"><\/i> <i class=\"fa fa-star\"><\/i> <i class=\"fa fa-star\"><\/i> <i class=\"fa fa-star\"><\/i>                             <\/div>\r\n                        <\/div>\r\n                    <\/div>\r\n                                                <p>\r\n                                Os nossos clientes tiveram uma viagem inesquec\u00edvel de 10 dias em Marrocos! Dos souks movimentados de Marraquexe \u00e0s dunas serenas do Saara, todos os detalhes foram perfeitamente organizados. Os riads luxuosos, os guias especializados e a log\u00edstica impec\u00e1vel tornaram a viagem verdadeiramente especial. Recomendo vivamente esta DMC para uma experi\u00eancia marroquina aut\u00eantica e sem complica\u00e7\u00f5es. Mal posso esperar para planear a nossa pr\u00f3xima aventura!                            <\/p>\r\n                                            \r\n                <\/div>\r\n                            <div class=\"item has-matchHeight\">\r\n                    <div class=\"author\">\r\n                                                <img decoding=\"async\" src=\"https:\/\/morocco-excursion.com\/wp-content\/uploads\/2021\/09\/TripAdvisor-Reviews-Morocco-Excursions-70x70.png\" alt=\"User Avatar\" title=\"\">\r\n                        <div class=\"author-meta\">\r\n                            <h4>Oriental Viagens<\/h4>\r\n                            <div class=\"star\">\r\n                                <i class=\"fa fa-star\"><\/i> <i class=\"fa fa-star\"><\/i> <i class=\"fa fa-star\"><\/i> <i class=\"fa fa-star\"><\/i> <i class=\"fa fa-star\"><\/i>                             <\/div>\r\n                        <\/div>\r\n                    <\/div>\r\n                                                <p>\r\n                                Confiamos nesta DMC para todas as nossas viagens ao Marrocos \u2014 eles tratam de todos os detalhes com perfei\u00e7\u00e3o, desde o transporte at\u00e9 o alojamento. Os nossos clientes sempre elogiam as suas experi\u00eancias perfeitas e o servi\u00e7o personalizado. Altamente profissionais, responsivos e com conhecimento local. Um verdadeiro parceiro para viagens inesquec\u00edveis ao Marrocos! 100% recomendado.                            <\/p>\r\n                                            \r\n                <\/div>\r\n            <\/div><\/div>\r\n[\/vc_column][\/vc_row]<\/p>\n<\/div>","protected":false},"excerpt":{"rendered":"<p>[vc_row css=&#8221;.vc_custom_1703805246810{margin-top: 10px !important;}&#8221;][vc_column][vc_column_text css=&#8221;&#8221;] Est\u00e1 a planear uma viagem a Marrocos? Como empresa local de gest\u00e3o de destinos sediada aqui mesmo em Marrocos, oferecemos tudo o que precisa para tornar a sua viagem tranquila, emocionante e inesquec\u00edvel. Desde passeios personalizados e viagens em grupo a experi\u00eancias de luxo, transporte privado e atividades locais aut\u00eanticas, [&hellip;]<\/p>\n","protected":false},"author":1,"featured_media":16284,"parent":0,"menu_order":0,"comment_status":"closed","ping_status":"closed","template":"template-home-modern.php","meta":{"footnotes":""},"class_list":["post-16348","page","type-page","status-publish","has-post-thumbnail","hentry"],"_links":{"self":[{"href":"https:\/\/morocco-excursion.com\/pt-br\/wp-json\/wp\/v2\/pages\/16348","targetHints":{"allow":["GET"]}}],"collection":[{"href":"https:\/\/morocco-excursion.com\/pt-br\/wp-json\/wp\/v2\/pages"}],"about":[{"href":"https:\/\/morocco-excursion.com\/pt-br\/wp-json\/wp\/v2\/types\/page"}],"author":[{"embeddable":true,"href":"https:\/\/morocco-excursion.com\/pt-br\/wp-json\/wp\/v2\/users\/1"}],"replies":[{"embeddable":true,"href":"https:\/\/morocco-excursion.com\/pt-br\/wp-json\/wp\/v2\/comments?post=16348"}],"version-history":[{"count":0,"href":"https:\/\/morocco-excursion.com\/pt-br\/wp-json\/wp\/v2\/pages\/16348\/revisions"}],"wp:featuredmedia":[{"embeddable":true,"href":"https:\/\/morocco-excursion.com\/pt-br\/wp-json\/wp\/v2\/media\/16284"}],"wp:attachment":[{"href":"https:\/\/morocco-excursion.com\/pt-br\/wp-json\/wp\/v2\/media?parent=16348"}],"curies":[{"name":"wp","href":"https:\/\/api.w.org\/{rel}","templated":true}]}}